{"id":4390,"date":"2020-12-04T12:21:36","date_gmt":"2020-12-04T11:21:36","guid":{"rendered":"https:\/\/tiendapadel5.com\/?post_type=product&#038;p=4390"},"modified":"2026-04-20T08:45:15","modified_gmt":"2026-04-20T06:45:15","slug":"pantalon-corto-nox-team-blanco","status":"publish","type":"product","link":"https:\/\/tiendapadel5.com\/nl\/pantalon-corto-nox-team-blanco\/","title":{"rendered":"Pantalon Corto Nox Team Blanco"},"content":{"rendered":"<p class=\"p1\">Tejido ligero con tecnolog\u00eda \u201cBalance Fresh\u201d de NOX.<\/p>\n<p class=\"p1\"><strong>Composici\u00f3n<\/strong>: Poli\u00e9ster 95% \u2013 Elastano 5%<\/p>\n","protected":false},"excerpt":{"rendered":"<div class=\"product-single__description rte\">\n<p class=\"p1\">Pantal\u00f3n Nox Team Blanco de p\u00e1del t\u00e9cnico con malla interior y bolsillos laterales.<\/p>\n<p class=\"p1\">\n<\/div>\n","protected":false},"featured_media":10849,"comment_status":"open","ping_status":"closed","template":"","meta":{"_joinchat":[]},"pwb-brand":[34],"product_brand":[],"product_cat":[6130,6132,6134,102,21,451,46],"product_tag":[402,130,85,401],"class_list":{"0":"post-4390","1":"product","2":"type-product","3":"status-publish","4":"has-post-thumbnail","6":"pwb-brand-nox","7":"product_cat-black-friday-padel","8":"product_cat-ropa","9":"product_cat-cyber-monday-padel","10":"product_cat-pantalones-cortos","11":"product_cat-ropa-padel","12":"product_cat-ropa-nox","13":"product_cat-hombre","14":"product_tag-corto","15":"product_tag-nox","16":"product_tag-padel","17":"product_tag-pantalon","18":"pa_genero-hombre","19":"pa_talla-2xl","20":"pa_talla-l","21":"pa_talla-m","22":"pa_talla-s","23":"pa_talla-xl","24":"pa_tipo-shorts","26":"first","27":"instock","28":"sale","29":"taxable","30":"shipping-taxable","31":"purchasable","32":"product-type-variable"},"brands":[{"id":34,"name":"Nox","slug":"nox"}],"_links":{"self":[{"href":"https:\/\/tiendapadel5.com\/nl\/wp-json\/wp\/v2\/product\/4390","targetHints":{"allow":["GET"]}}],"collection":[{"href":"https:\/\/tiendapadel5.com\/nl\/wp-json\/wp\/v2\/product"}],"about":[{"href":"https:\/\/tiendapadel5.com\/nl\/wp-json\/wp\/v2\/types\/product"}],"replies":[{"embeddable":true,"href":"https:\/\/tiendapadel5.com\/nl\/wp-json\/wp\/v2\/comments?post=4390"}],"version-history":[{"count":1,"href":"https:\/\/tiendapadel5.com\/nl\/wp-json\/wp\/v2\/product\/4390\/revisions"}],"predecessor-version":[{"id":260546,"href":"https:\/\/tiendapadel5.com\/nl\/wp-json\/wp\/v2\/product\/4390\/revisions\/260546"}],"wp:featuredmedia":[{"embeddable":true,"href":"https:\/\/tiendapadel5.com\/nl\/wp-json\/wp\/v2\/media\/10849"}],"wp:attachment":[{"href":"https:\/\/tiendapadel5.com\/nl\/wp-json\/wp\/v2\/media?parent=4390"}],"wp:term":[{"taxonomy":"pwb-brand","embeddable":true,"href":"https:\/\/tiendapadel5.com\/nl\/wp-json\/wp\/v2\/pwb-brand?post=4390"},{"taxonomy":"product_brand","embeddable":true,"href":"https:\/\/tiendapadel5.com\/nl\/wp-json\/wp\/v2\/product_brand?post=4390"},{"taxonomy":"product_cat","embeddable":true,"href":"https:\/\/tiendapadel5.com\/nl\/wp-json\/wp\/v2\/product_cat?post=4390"},{"taxonomy":"product_tag","embeddable":true,"href":"https:\/\/tiendapadel5.com\/nl\/wp-json\/wp\/v2\/product_tag?post=4390"}],"curies":[{"name":"wp","href":"https:\/\/api.w.org\/{rel}","templated":true}]}}