{"id":262157,"date":"2026-05-07T12:10:49","date_gmt":"2026-05-07T10:10:49","guid":{"rendered":"https:\/\/tiendapadel5.com\/?post_type=product&#038;p=262157"},"modified":"2026-05-07T12:10:50","modified_gmt":"2026-05-07T10:10:50","slug":"zapatillas-wilson-rush-pro-5-padel-blanco-2026","status":"publish","type":"product","link":"https:\/\/tiendapadel5.com\/nl\/zapatillas-wilson-rush-pro-5-padel-blanco-2026\/","title":{"rendered":"Zapatillas Wilson Rush Pro 5 Padel Blanco 2026"},"content":{"rendered":"<p>Caracter\u00edsticas principales y tecnolog\u00edas<\/p>\n<p>Endofit Midfoot Support: ajuste interno tipo calcet\u00edn que envuelve el mediopi\u00e9 para mayor estabilidad y confort.<\/p>\n<p>Upper Engineered Sandwich Mesh: malla t\u00e9cnica transpirable y resistente que mantiene el pie firme en movimientos laterales.<\/p>\n<p>Ceramic 5D: refuerzos estrat\u00e9gicos antiabrasi\u00f3n para una durabilidad extra en zonas de mayor desgaste.<\/p>\n<p>TPU Stability Chassis + TPU Speed Plate: estructura de estabilidad y placa de impulso para transiciones m\u00e1s r\u00e1pidas y seguras.<\/p>\n<p>Mediasuela R-DST+ EVA de alto rebote: amortiguaci\u00f3n reactiva con excelente retorno de energ\u00eda.<\/p>\n<p>Plantilla Performance de EVA supercomprimida: comodidad inmediata y soporte prolongado.<\/p>\n<p>Suela Duralast con patr\u00f3n espec\u00edfico Clay: tracci\u00f3n \u00f3ptima y deslizamiento controlado.<\/p>\n","protected":false},"excerpt":{"rendered":"<p>Zapatillas de tenis para hombre Wilson Rush PRO 5 White te ayudar\u00e1n a correr hacia las pelotas cerca de la red, a deslizarte sobre la l\u00ednea hacia las respuestas inalcanzables y a proteger el pie de esguinces de tobillo u otras lesiones. Ponte\u00a0<strong>las zapatillas de padel para hombre<\/strong>\u00a0Wilson y gana confianza a la hora de moverte por la pista.<\/p>\n<p>&nbsp;<\/p>\n<div class=\"fr-video fr-deletable fr-rv fr-draggable\"><\/div>\n","protected":false},"featured_media":262158,"comment_status":"open","ping_status":"closed","template":"","meta":{"_joinchat":[]},"pwb-brand":[37],"product_brand":[],"product_cat":[444,22,52],"product_tag":[11132,11257,405,8040,85,176,672,222,300],"class_list":{"0":"post-262157","1":"product","2":"type-product","3":"status-publish","4":"has-post-thumbnail","6":"pwb-brand-wilson","7":"product_cat-zapatillas-wilson","8":"product_cat-zapatillas-de-padel","9":"product_cat-para-hombre","10":"product_tag-11132","11":"product_tag-11257","12":"product_tag-blanco","13":"product_tag-hombre","14":"product_tag-padel","15":"product_tag-pro","16":"product_tag-rush","17":"product_tag-wilson","18":"product_tag-zapatillas","19":"pa_talla-41-1-3","20":"pa_talla-283","22":"first","23":"instock","24":"sale","25":"taxable","26":"shipping-taxable","27":"purchasable","28":"product-type-variable"},"brands":[{"id":37,"name":"Wilson","slug":"wilson"}],"_links":{"self":[{"href":"https:\/\/tiendapadel5.com\/nl\/wp-json\/wp\/v2\/product\/262157","targetHints":{"allow":["GET"]}}],"collection":[{"href":"https:\/\/tiendapadel5.com\/nl\/wp-json\/wp\/v2\/product"}],"about":[{"href":"https:\/\/tiendapadel5.com\/nl\/wp-json\/wp\/v2\/types\/product"}],"replies":[{"embeddable":true,"href":"https:\/\/tiendapadel5.com\/nl\/wp-json\/wp\/v2\/comments?post=262157"}],"version-history":[{"count":1,"href":"https:\/\/tiendapadel5.com\/nl\/wp-json\/wp\/v2\/product\/262157\/revisions"}],"predecessor-version":[{"id":262209,"href":"https:\/\/tiendapadel5.com\/nl\/wp-json\/wp\/v2\/product\/262157\/revisions\/262209"}],"wp:featuredmedia":[{"embeddable":true,"href":"https:\/\/tiendapadel5.com\/nl\/wp-json\/wp\/v2\/media\/262158"}],"wp:attachment":[{"href":"https:\/\/tiendapadel5.com\/nl\/wp-json\/wp\/v2\/media?parent=262157"}],"wp:term":[{"taxonomy":"pwb-brand","embeddable":true,"href":"https:\/\/tiendapadel5.com\/nl\/wp-json\/wp\/v2\/pwb-brand?post=262157"},{"taxonomy":"product_brand","embeddable":true,"href":"https:\/\/tiendapadel5.com\/nl\/wp-json\/wp\/v2\/product_brand?post=262157"},{"taxonomy":"product_cat","embeddable":true,"href":"https:\/\/tiendapadel5.com\/nl\/wp-json\/wp\/v2\/product_cat?post=262157"},{"taxonomy":"product_tag","embeddable":true,"href":"https:\/\/tiendapadel5.com\/nl\/wp-json\/wp\/v2\/product_tag?post=262157"}],"curies":[{"name":"wp","href":"https:\/\/api.w.org\/{rel}","templated":true}]}}