{"id":261137,"date":"2026-04-24T12:58:45","date_gmt":"2026-04-24T10:58:45","guid":{"rendered":"https:\/\/tiendapadel5.com\/?post_type=product&#038;p=261137"},"modified":"2026-04-24T16:18:35","modified_gmt":"2026-04-24T14:18:35","slug":"aca-padel-roqueta-turquesa-rosa-2026","status":"publish","type":"product","link":"https:\/\/tiendapadel5.com\/nl\/aca-padel-roqueta-turquesa-rosa-2026\/","title":{"rendered":"Aca Padel Roqueta Turquesa\/Rosa 2026"},"content":{"rendered":"<ul>\n<li>Material de las caras: Fibra de vidrio<\/li>\n<li>Grosor: 38mm<\/li>\n<li>Forma: Redonda<\/li>\n<li>Marco: Carbono<\/li>\n<li>Acabado: Arena<\/li>\n<li>Nucleo: Goma EVA Suave<\/li>\n<li>Nivel de juego: Iniciacion\/Avanzado<\/li>\n<\/ul>\n","protected":false},"excerpt":{"rendered":"<div class=\"product-short-description\">\n<div class=\"s-des\">\n<p>La nueva ROQUETA llega estrenando look, es la pala perfecta para quienes buscan control absoluto y m\u00e1xima precisi\u00f3n en cada golpe. Su formato redondo y balance Medio-Bajo ofrecen una manejabilidad excepcional, permiti\u00e9ndote reaccionar con rapidez y confianza en cualquier punto de la cancha.<\/p>\n<\/div>\n<\/div>\n","protected":false},"featured_media":261173,"comment_status":"open","ping_status":"closed","template":"","meta":{"_joinchat":[]},"pwb-brand":[10226],"product_brand":[],"product_cat":[10183,19,11134],"product_tag":[11132,10227,85,577,10254],"class_list":{"0":"post-261137","1":"product","2":"type-product","3":"status-publish","4":"has-post-thumbnail","6":"pwb-brand-aca","7":"product_cat-aca","8":"product_cat-palas-padel","9":"product_cat-11134","10":"product_tag-11132","11":"product_tag-aca","12":"product_tag-padel","13":"product_tag-pala","14":"product_tag-roqueta","16":"first","17":"instock","18":"sale","19":"taxable","20":"shipping-taxable","21":"purchasable","22":"product-type-simple"},"brands":[{"id":10226,"name":"Aca","slug":"aca"}],"_links":{"self":[{"href":"https:\/\/tiendapadel5.com\/nl\/wp-json\/wp\/v2\/product\/261137","targetHints":{"allow":["GET"]}}],"collection":[{"href":"https:\/\/tiendapadel5.com\/nl\/wp-json\/wp\/v2\/product"}],"about":[{"href":"https:\/\/tiendapadel5.com\/nl\/wp-json\/wp\/v2\/types\/product"}],"replies":[{"embeddable":true,"href":"https:\/\/tiendapadel5.com\/nl\/wp-json\/wp\/v2\/comments?post=261137"}],"version-history":[{"count":2,"href":"https:\/\/tiendapadel5.com\/nl\/wp-json\/wp\/v2\/product\/261137\/revisions"}],"predecessor-version":[{"id":261181,"href":"https:\/\/tiendapadel5.com\/nl\/wp-json\/wp\/v2\/product\/261137\/revisions\/261181"}],"wp:featuredmedia":[{"embeddable":true,"href":"https:\/\/tiendapadel5.com\/nl\/wp-json\/wp\/v2\/media\/261173"}],"wp:attachment":[{"href":"https:\/\/tiendapadel5.com\/nl\/wp-json\/wp\/v2\/media?parent=261137"}],"wp:term":[{"taxonomy":"pwb-brand","embeddable":true,"href":"https:\/\/tiendapadel5.com\/nl\/wp-json\/wp\/v2\/pwb-brand?post=261137"},{"taxonomy":"product_brand","embeddable":true,"href":"https:\/\/tiendapadel5.com\/nl\/wp-json\/wp\/v2\/product_brand?post=261137"},{"taxonomy":"product_cat","embeddable":true,"href":"https:\/\/tiendapadel5.com\/nl\/wp-json\/wp\/v2\/product_cat?post=261137"},{"taxonomy":"product_tag","embeddable":true,"href":"https:\/\/tiendapadel5.com\/nl\/wp-json\/wp\/v2\/product_tag?post=261137"}],"curies":[{"name":"wp","href":"https:\/\/api.w.org\/{rel}","templated":true}]}}