{"id":257797,"date":"2026-03-24T18:23:58","date_gmt":"2026-03-24T17:23:58","guid":{"rendered":"https:\/\/tiendapadel5.com\/?post_type=product&#038;p=257797"},"modified":"2026-03-27T10:04:55","modified_gmt":"2026-03-27T09:04:55","slug":"black-crown-iconic-crown","status":"publish","type":"product","link":"https:\/\/tiendapadel5.com\/nl\/black-crown-iconic-crown\/","title":{"rendered":"Black Crown Iconic Crown"},"content":{"rendered":"<p><strong>CARACTER\u00cdSTICAS DE LA PALA<\/strong><\/p>\n<p>Con un balance equilibrado y ofreci\u00e9ndonos un\u00a0\u00a0<strong>50% potencia \/ 50% control<\/strong>, la\u00a0<strong>BLACK CROWN ICONIC CROWN 2026\u00a0<\/strong>nos ofrece mucha comodidad en cada situaci\u00f3n. Ayuda mucho su\u00a0<strong>forma h\u00edbrida<\/strong>\u00a0y su amplio punto dulce.<\/p>\n<p>Fabricada con materiales de primera, como\u00a0<strong>fibra de carbono 3K<\/strong>.\u00a0Los\u00a0<strong>planos en carbono 3K<\/strong>\u00a0aportan una respuesta firme y consistente. Por otro lado, pero no menos importante, el n\u00facleo se compone por\u00a0<strong>Goma Eva Soft Black,\u00a0<\/strong>una goma suave pero m\u00e1s r\u00edgida que la eva convencional.<\/p>\n<p>Incorpora las\u00a0<strong>tecnolog\u00edas SandSpin<\/strong>\u00a0para un mayor rugoso y efecto sobre la pelota y la\u00a0<strong>tecnolog\u00eda Tri-Point,<\/strong>\u00a0que es un novedoso puente que mejora la aerodin\u00e1mica y por tanto el manejo.<\/p>\n","protected":false},"excerpt":{"rendered":"<p>La<strong>\u00a0BLACK CROWN ICONIC CROWN 2026\u00a0<\/strong>es una de las palas de p\u00e1del m\u00e1s vers\u00e1tiles dentro de la\u00a0<strong>gama media-alta de Black Crown<\/strong>\u00a0esta temporada 2026. Es una pala que se adapta a cualquier situaci\u00f3n, ofreciendo una combinaci\u00f3n perfecta entre potencia y control. Es la m\u00e1s equilibrada, ofreciendo 50% control y 50% potencia.<\/p>\n","protected":false},"featured_media":257798,"comment_status":"open","ping_status":"closed","template":"","meta":{"_joinchat":[]},"pwb-brand":[30],"product_brand":[],"product_cat":[408,19,11134],"product_tag":[11132,203,204,11571,577],"class_list":{"0":"post-257797","1":"product","2":"type-product","3":"status-publish","4":"has-post-thumbnail","6":"pwb-brand-black-crown","7":"product_cat-black-crown","8":"product_cat-palas-padel","9":"product_cat-11134","10":"product_tag-11132","11":"product_tag-black","12":"product_tag-crown","13":"product_tag-iconic","14":"product_tag-pala","16":"first","17":"instock","18":"sale","19":"taxable","20":"shipping-taxable","21":"purchasable","22":"product-type-simple"},"brands":[{"id":30,"name":"Black Crown","slug":"black-crown"}],"_links":{"self":[{"href":"https:\/\/tiendapadel5.com\/nl\/wp-json\/wp\/v2\/product\/257797","targetHints":{"allow":["GET"]}}],"collection":[{"href":"https:\/\/tiendapadel5.com\/nl\/wp-json\/wp\/v2\/product"}],"about":[{"href":"https:\/\/tiendapadel5.com\/nl\/wp-json\/wp\/v2\/types\/product"}],"replies":[{"embeddable":true,"href":"https:\/\/tiendapadel5.com\/nl\/wp-json\/wp\/v2\/comments?post=257797"}],"version-history":[{"count":2,"href":"https:\/\/tiendapadel5.com\/nl\/wp-json\/wp\/v2\/product\/257797\/revisions"}],"predecessor-version":[{"id":257820,"href":"https:\/\/tiendapadel5.com\/nl\/wp-json\/wp\/v2\/product\/257797\/revisions\/257820"}],"wp:featuredmedia":[{"embeddable":true,"href":"https:\/\/tiendapadel5.com\/nl\/wp-json\/wp\/v2\/media\/257798"}],"wp:attachment":[{"href":"https:\/\/tiendapadel5.com\/nl\/wp-json\/wp\/v2\/media?parent=257797"}],"wp:term":[{"taxonomy":"pwb-brand","embeddable":true,"href":"https:\/\/tiendapadel5.com\/nl\/wp-json\/wp\/v2\/pwb-brand?post=257797"},{"taxonomy":"product_brand","embeddable":true,"href":"https:\/\/tiendapadel5.com\/nl\/wp-json\/wp\/v2\/product_brand?post=257797"},{"taxonomy":"product_cat","embeddable":true,"href":"https:\/\/tiendapadel5.com\/nl\/wp-json\/wp\/v2\/product_cat?post=257797"},{"taxonomy":"product_tag","embeddable":true,"href":"https:\/\/tiendapadel5.com\/nl\/wp-json\/wp\/v2\/product_tag?post=257797"}],"curies":[{"name":"wp","href":"https:\/\/api.w.org\/{rel}","templated":true}]}}