{"id":256594,"date":"2026-03-16T17:45:44","date_gmt":"2026-03-16T16:45:44","guid":{"rendered":"https:\/\/tiendapadel5.com\/?post_type=product&#038;p=256594"},"modified":"2026-04-13T12:19:47","modified_gmt":"2026-04-13T10:19:47","slug":"tubo-recogepelotas-transparente-softee","status":"publish","type":"product","link":"https:\/\/tiendapadel5.com\/nl\/tubo-recogepelotas-transparente-softee\/","title":{"rendered":"Tubo Recogepelotas Transparente Softee"},"content":{"rendered":"<p>Optimiza tu entrenamiento con el tubo recogebalones SOFTEE. Esta herramienta duradera y de alta calidad, tambi\u00e9n conocida como Picky, hace que recoger pelotas de p\u00e1del o tenis sea muy f\u00e1cil. Simplemente presiona el tubo sobre una pelota para recogerla, salvando tu espalda y maximizando el tiempo de pr\u00e1ctica.<\/p>\n","protected":false},"excerpt":{"rendered":"<p>Tubo recogepelotas transparente de la marca Softee. Capacidad para 15 pelotas y correa para mayor comodidad.<\/p>\n","protected":false},"featured_media":256596,"comment_status":"open","ping_status":"closed","template":"","meta":{"_joinchat":[]},"pwb-brand":[],"product_brand":[],"product_cat":[23],"product_tag":[10768,11009,1214,1019],"class_list":{"0":"post-256594","1":"product","2":"type-product","3":"status-publish","4":"has-post-thumbnail","6":"product_cat-accesorios-de-padel","7":"product_tag-recogepelotas","8":"product_tag-softee","9":"product_tag-transparente","10":"product_tag-tubo","12":"first","13":"instock","14":"sale","15":"taxable","16":"shipping-taxable","17":"purchasable","18":"product-type-simple"},"brands":[],"_links":{"self":[{"href":"https:\/\/tiendapadel5.com\/nl\/wp-json\/wp\/v2\/product\/256594","targetHints":{"allow":["GET"]}}],"collection":[{"href":"https:\/\/tiendapadel5.com\/nl\/wp-json\/wp\/v2\/product"}],"about":[{"href":"https:\/\/tiendapadel5.com\/nl\/wp-json\/wp\/v2\/types\/product"}],"replies":[{"embeddable":true,"href":"https:\/\/tiendapadel5.com\/nl\/wp-json\/wp\/v2\/comments?post=256594"}],"version-history":[{"count":1,"href":"https:\/\/tiendapadel5.com\/nl\/wp-json\/wp\/v2\/product\/256594\/revisions"}],"predecessor-version":[{"id":256603,"href":"https:\/\/tiendapadel5.com\/nl\/wp-json\/wp\/v2\/product\/256594\/revisions\/256603"}],"wp:featuredmedia":[{"embeddable":true,"href":"https:\/\/tiendapadel5.com\/nl\/wp-json\/wp\/v2\/media\/256596"}],"wp:attachment":[{"href":"https:\/\/tiendapadel5.com\/nl\/wp-json\/wp\/v2\/media?parent=256594"}],"wp:term":[{"taxonomy":"pwb-brand","embeddable":true,"href":"https:\/\/tiendapadel5.com\/nl\/wp-json\/wp\/v2\/pwb-brand?post=256594"},{"taxonomy":"product_brand","embeddable":true,"href":"https:\/\/tiendapadel5.com\/nl\/wp-json\/wp\/v2\/product_brand?post=256594"},{"taxonomy":"product_cat","embeddable":true,"href":"https:\/\/tiendapadel5.com\/nl\/wp-json\/wp\/v2\/product_cat?post=256594"},{"taxonomy":"product_tag","embeddable":true,"href":"https:\/\/tiendapadel5.com\/nl\/wp-json\/wp\/v2\/product_tag?post=256594"}],"curies":[{"name":"wp","href":"https:\/\/api.w.org\/{rel}","templated":true}]}}