{"id":256102,"date":"2026-03-12T11:23:09","date_gmt":"2026-03-12T10:23:09","guid":{"rendered":"https:\/\/tiendapadel5.com\/?post_type=product&#038;p=256102"},"modified":"2026-04-02T17:34:22","modified_gmt":"2026-04-02T15:34:22","slug":"camiseta-wilson-graphic-tee-no-logo-blanco-mujer","status":"publish","type":"product","link":"https:\/\/tiendapadel5.com\/nl\/camiseta-wilson-graphic-tee-no-logo-blanco-mujer\/","title":{"rendered":"Camiseta Wilson Graphic Tee No Logo Blanco Mujer"},"content":{"rendered":"<p>Esta<strong>\u00a0camiseta Wilson Graphic Tee para mujer\u00a0<\/strong>ser\u00e1 tu mejor aliada durante todo el partido.<\/p>\n<p>Dise\u00f1ada para combinar\u00a0<strong>comodidad y rendimiento<\/strong>, esta camiseta utiliza un\u00a0<strong>tejido suave\u00a0<\/strong>y\u00a0<strong>transpirable<\/strong>\u00a0que garantiza una excelente\u00a0<strong>libertad de movimientos<\/strong>, ideal tanto para actividades deportivas como para momentos de relax.<\/p>\n<p>En cuanto al dise\u00f1o, con su corte moderno y femenino, es un estilo elegante y vers\u00e1til, f\u00e1cil de combinar con cualquier atuendo<\/p>\n","protected":false},"excerpt":{"rendered":"<div class=\"product-short-description\">\n<p>Esta<strong>\u00a0camiseta Wilson Graphic Tee para mujer\u00a0<\/strong>ser\u00e1 tu mejor aliada durante todo el partido.<\/p>\n<\/div>\n","protected":false},"featured_media":256110,"comment_status":"open","ping_status":"closed","template":"","meta":{"_joinchat":[]},"pwb-brand":[37],"product_brand":[],"product_cat":[453,5903,21,47],"product_tag":[405,83,9683,239,222],"class_list":{"0":"post-256102","1":"product","2":"type-product","3":"status-publish","4":"has-post-thumbnail","6":"pwb-brand-wilson","7":"product_cat-ropa-wilson","8":"product_cat-camisetass","9":"product_cat-ropa-padel","10":"product_cat-mujer","11":"product_tag-blanco","12":"product_tag-camiseta","13":"product_tag-graphic","14":"product_tag-mujer","15":"product_tag-wilson","16":"pa_talla-l","17":"pa_talla-m","18":"pa_talla-s","19":"pa_talla-xl","20":"pa_talla-xs","22":"first","23":"instock","24":"sale","25":"taxable","26":"shipping-taxable","27":"purchasable","28":"product-type-variable"},"brands":[{"id":37,"name":"Wilson","slug":"wilson"}],"_links":{"self":[{"href":"https:\/\/tiendapadel5.com\/nl\/wp-json\/wp\/v2\/product\/256102","targetHints":{"allow":["GET"]}}],"collection":[{"href":"https:\/\/tiendapadel5.com\/nl\/wp-json\/wp\/v2\/product"}],"about":[{"href":"https:\/\/tiendapadel5.com\/nl\/wp-json\/wp\/v2\/types\/product"}],"replies":[{"embeddable":true,"href":"https:\/\/tiendapadel5.com\/nl\/wp-json\/wp\/v2\/comments?post=256102"}],"version-history":[{"count":2,"href":"https:\/\/tiendapadel5.com\/nl\/wp-json\/wp\/v2\/product\/256102\/revisions"}],"predecessor-version":[{"id":256126,"href":"https:\/\/tiendapadel5.com\/nl\/wp-json\/wp\/v2\/product\/256102\/revisions\/256126"}],"wp:featuredmedia":[{"embeddable":true,"href":"https:\/\/tiendapadel5.com\/nl\/wp-json\/wp\/v2\/media\/256110"}],"wp:attachment":[{"href":"https:\/\/tiendapadel5.com\/nl\/wp-json\/wp\/v2\/media?parent=256102"}],"wp:term":[{"taxonomy":"pwb-brand","embeddable":true,"href":"https:\/\/tiendapadel5.com\/nl\/wp-json\/wp\/v2\/pwb-brand?post=256102"},{"taxonomy":"product_brand","embeddable":true,"href":"https:\/\/tiendapadel5.com\/nl\/wp-json\/wp\/v2\/product_brand?post=256102"},{"taxonomy":"product_cat","embeddable":true,"href":"https:\/\/tiendapadel5.com\/nl\/wp-json\/wp\/v2\/product_cat?post=256102"},{"taxonomy":"product_tag","embeddable":true,"href":"https:\/\/tiendapadel5.com\/nl\/wp-json\/wp\/v2\/product_tag?post=256102"}],"curies":[{"name":"wp","href":"https:\/\/api.w.org\/{rel}","templated":true}]}}