{"id":246572,"date":"2026-02-01T01:36:53","date_gmt":"2026-02-01T00:36:53","guid":{"rendered":"https:\/\/tiendapadel5.com\/?post_type=product&#038;p=246572"},"modified":"2026-04-22T09:46:19","modified_gmt":"2026-04-22T07:46:19","slug":"zapatillas-adidas-courtjam-control-3m-core-black-gold-met-core-black-2026","status":"publish","type":"product","link":"https:\/\/tiendapadel5.com\/nl\/zapatillas-adidas-courtjam-control-3m-core-black-gold-met-core-black-2026\/","title":{"rendered":"Zapatillas Adidas Courtjam Control 3M Core Black\/Gold Met.\/Core Black 2026"},"content":{"rendered":"<h2>Zapatillas Adidas Courtjam Control 3M Core Black\/Gold Met.\/Core Black 2026<\/h2>\n<p><strong>Caracter\u00edsticas:<\/strong><\/p>\n<table class=\"table table-striped table-product-dimensions table-light table-bordered- table-sm mt-3\">\n<tbody>\n<tr>\n<td class=\"font-weight-500\">Fit<\/td>\n<td>Regular<\/td>\n<\/tr>\n<\/tbody>\n<\/table>\n","protected":false},"excerpt":{"rendered":"<p>Las Zapatillas Adidas Courtjam Control 3M Core Black\/Gold Met.\/Core Black 2026, ofrecen una gran estabilidad lateral y protecci\u00f3n frente al desgaste, mientras que la entresuela mejorada y la amortiguaci\u00f3n de espuma aportan un apoyo excelente en la pista. Adem\u00e1s, su suela con buen agarre te da la tracci\u00f3n y el control necesarios para moverte con seguridad y dominar cada punto.<\/p>\n","protected":false},"featured_media":246601,"comment_status":"open","ping_status":"closed","template":"","meta":{"_joinchat":[]},"pwb-brand":[28],"product_brand":[],"product_cat":[22,437,52],"product_tag":[11132,11474,143,203,146,313,3483,1080,9714,300],"class_list":{"0":"post-246572","1":"product","2":"type-product","3":"status-publish","4":"has-post-thumbnail","6":"pwb-brand-adidas-padel","7":"product_cat-zapatillas-de-padel","8":"product_cat-zapatillas-adidas","9":"product_cat-para-hombre","10":"product_tag-11132","11":"product_tag-3m","12":"product_tag-adidas","13":"product_tag-black","14":"product_tag-control","15":"product_tag-core","16":"product_tag-courtjam","17":"product_tag-gold","18":"product_tag-met","19":"product_tag-zapatillas","20":"pa_talla-40-2-3","21":"pa_talla-41-1-3","22":"pa_talla-281","23":"pa_talla-42-2-3","24":"pa_talla-43-1-3","25":"pa_talla-283","26":"pa_talla-44-2-3","27":"pa_talla-45-1-3","28":"pa_talla-285","30":"first","31":"instock","32":"sale","33":"taxable","34":"shipping-taxable","35":"purchasable","36":"product-type-variable"},"brands":[{"id":28,"name":"Adidas Padel","slug":"adidas-padel"}],"_links":{"self":[{"href":"https:\/\/tiendapadel5.com\/nl\/wp-json\/wp\/v2\/product\/246572","targetHints":{"allow":["GET"]}}],"collection":[{"href":"https:\/\/tiendapadel5.com\/nl\/wp-json\/wp\/v2\/product"}],"about":[{"href":"https:\/\/tiendapadel5.com\/nl\/wp-json\/wp\/v2\/types\/product"}],"replies":[{"embeddable":true,"href":"https:\/\/tiendapadel5.com\/nl\/wp-json\/wp\/v2\/comments?post=246572"}],"version-history":[{"count":1,"href":"https:\/\/tiendapadel5.com\/nl\/wp-json\/wp\/v2\/product\/246572\/revisions"}],"predecessor-version":[{"id":246618,"href":"https:\/\/tiendapadel5.com\/nl\/wp-json\/wp\/v2\/product\/246572\/revisions\/246618"}],"wp:featuredmedia":[{"embeddable":true,"href":"https:\/\/tiendapadel5.com\/nl\/wp-json\/wp\/v2\/media\/246601"}],"wp:attachment":[{"href":"https:\/\/tiendapadel5.com\/nl\/wp-json\/wp\/v2\/media?parent=246572"}],"wp:term":[{"taxonomy":"pwb-brand","embeddable":true,"href":"https:\/\/tiendapadel5.com\/nl\/wp-json\/wp\/v2\/pwb-brand?post=246572"},{"taxonomy":"product_brand","embeddable":true,"href":"https:\/\/tiendapadel5.com\/nl\/wp-json\/wp\/v2\/product_brand?post=246572"},{"taxonomy":"product_cat","embeddable":true,"href":"https:\/\/tiendapadel5.com\/nl\/wp-json\/wp\/v2\/product_cat?post=246572"},{"taxonomy":"product_tag","embeddable":true,"href":"https:\/\/tiendapadel5.com\/nl\/wp-json\/wp\/v2\/product_tag?post=246572"}],"curies":[{"name":"wp","href":"https:\/\/api.w.org\/{rel}","templated":true}]}}