{"id":245639,"date":"2026-01-29T01:54:13","date_gmt":"2026-01-29T00:54:13","guid":{"rendered":"https:\/\/tiendapadel5.com\/?post_type=product&#038;p=245639"},"modified":"2026-04-14T09:06:40","modified_gmt":"2026-04-14T07:06:40","slug":"adidas-arrow-hit-hexagon-cup-2026","status":"publish","type":"product","link":"https:\/\/tiendapadel5.com\/nl\/adidas-arrow-hit-hexagon-cup-2026\/","title":{"rendered":"Adidas Arrow Hit Hexagon Cup 2026"},"content":{"rendered":"<h2>Adidas Arrow Hit Hexagon Cup 2026<\/h2>\n<p><strong>Caracter\u00edsticas:<\/strong><\/p>\n<p><strong><label class=\"label\">Nivel:<\/label>\u00a0<\/strong>PRO<\/p>\n<p><i class=\"fa fa-check\"><\/i><strong>\u00a0<label class=\"label\">Tipo de juego:<\/label><\/strong>\u00a0Ataque<\/p>\n<p><i class=\"fa fa-check\"><\/i><strong>\u00a0<label class=\"label\">Forma:<\/label><\/strong>\u00a0Diamante<\/p>\n<p><i class=\"fa fa-check\"><\/i><strong>\u00a0<label class=\"label\">Balance:<\/label><\/strong>\u00a0Head Heavy<\/p>\n<p><i class=\"fa fa-check\"><\/i><strong>\u00a0<label class=\"label\">Peso:<\/label><\/strong>\u00a0360-375gr<\/p>\n<p><i class=\"fa fa-check\"><\/i><strong>\u00a0<label class=\"label\">Longitud:<\/label>\u00a0<\/strong>455 mm<\/p>\n<p><i class=\"fa fa-check\"><\/i><strong>\u00a0<label class=\"label\">Grosor:<\/label><\/strong>\u00a038 mm<\/p>\n<p><i class=\"fa fa-check\"><\/i><strong>\u00a0<label class=\"label\">Goma :<\/label>\u00a0<\/strong>Eva Soft Performance<\/p>\n<p><i class=\"fa fa-check\"><\/i><strong>\u00a0<label class=\"label\">Fibra:<\/label>\u00a0<\/strong>ASC<\/p>\n<p><i class=\"fa fa-check\"><\/i><strong>\u00a0<label class=\"label\">Durabilidad:<\/label>\u00a0<\/strong>Structural Reinforcement<\/p>\n<p><i class=\"fa fa-check\"><\/i><strong>\u00a0<label class=\"label\">Efectos:<\/label><\/strong>\u00a0Spin Blade Decal<\/p>\n<p><i class=\"fa fa-check\"><\/i><strong>\u00a0<label class=\"label\">Efectos 2:<\/label>\u00a0<\/strong>Smart Holes Curve<\/p>\n<p><i class=\"fa fa-check\"><\/i><strong>\u00a0<label class=\"label\">Personalizaci\u00f3n:<\/label>\u00a0<\/strong>Intelligent Balance System<\/p>\n<p><i class=\"fa fa-check\"><\/i><strong><label class=\"label\">Modelo:<\/label><\/strong>Arrow Hit<\/p>\n<p><i class=\"fa fa-check\"><\/i><strong>\u00a0<label class=\"label\">Punto dulce:<\/label>\u00a0<\/strong>Top<\/p>\n<p><i class=\"fa fa-check\"><\/i><strong>\u00a0<label class=\"label\">Power 1:<\/label>\u00a0<\/strong>MPS (muscle Power System)<\/p>\n<p><i class=\"fa fa-check\"><\/i><strong>\u00a0<label class=\"label\">Power 2:<\/label>\u00a0<\/strong>Power Groove<\/p>\n<p><i class=\"fa fa-check\"><\/i><strong>\u00a0<label class=\"label\">Power 3:<\/label><\/strong>\u00a0EGP (Extra Power Grip)<\/p>\n<p><i class=\"fa fa-check\"><\/i><strong>\u00a0<label class=\"label\">Power 4:<\/label>\u00a0<\/strong>Low Poly<\/p>\n","protected":false},"excerpt":{"rendered":"<p>La Adidas Arrow Hit Hexagon Cup 2026, es\u00a0una pala de alto nivel dise\u00f1ada para rendir al m\u00e1ximo en el p\u00e1del m\u00e1s exigente. Nace ligada a la Hexagon Cup, uno de los torneos m\u00e1s prestigiosos del circuito, y est\u00e1 pensada para un juego ofensivo, potente y agresivo.<\/p>\n","protected":false},"featured_media":245661,"comment_status":"open","ping_status":"closed","template":"","meta":{"_joinchat":[]},"pwb-brand":[28],"product_brand":[],"product_cat":[19,11134,406],"product_tag":[11132,143,989,177,11463,11363],"class_list":{"0":"post-245639","1":"product","2":"type-product","3":"status-publish","4":"has-post-thumbnail","6":"pwb-brand-adidas-padel","7":"product_cat-palas-padel","8":"product_cat-11134","9":"product_cat-adidas","10":"product_tag-11132","11":"product_tag-adidas","12":"product_tag-arrow","13":"product_tag-cup","14":"product_tag-hexagon","15":"product_tag-hit","16":"pa_forma-diamante","17":"pa_marco-fibra-de-carbono","18":"pa_nivel-de-juego-avanzado-profesional","19":"pa_tipo-de-juego-potencia","21":"first","22":"instock","23":"sale","24":"taxable","25":"shipping-taxable","26":"purchasable","27":"product-type-simple"},"brands":[{"id":28,"name":"Adidas Padel","slug":"adidas-padel"}],"_links":{"self":[{"href":"https:\/\/tiendapadel5.com\/nl\/wp-json\/wp\/v2\/product\/245639","targetHints":{"allow":["GET"]}}],"collection":[{"href":"https:\/\/tiendapadel5.com\/nl\/wp-json\/wp\/v2\/product"}],"about":[{"href":"https:\/\/tiendapadel5.com\/nl\/wp-json\/wp\/v2\/types\/product"}],"replies":[{"embeddable":true,"href":"https:\/\/tiendapadel5.com\/nl\/wp-json\/wp\/v2\/comments?post=245639"}],"version-history":[{"count":2,"href":"https:\/\/tiendapadel5.com\/nl\/wp-json\/wp\/v2\/product\/245639\/revisions"}],"predecessor-version":[{"id":245669,"href":"https:\/\/tiendapadel5.com\/nl\/wp-json\/wp\/v2\/product\/245639\/revisions\/245669"}],"wp:featuredmedia":[{"embeddable":true,"href":"https:\/\/tiendapadel5.com\/nl\/wp-json\/wp\/v2\/media\/245661"}],"wp:attachment":[{"href":"https:\/\/tiendapadel5.com\/nl\/wp-json\/wp\/v2\/media?parent=245639"}],"wp:term":[{"taxonomy":"pwb-brand","embeddable":true,"href":"https:\/\/tiendapadel5.com\/nl\/wp-json\/wp\/v2\/pwb-brand?post=245639"},{"taxonomy":"product_brand","embeddable":true,"href":"https:\/\/tiendapadel5.com\/nl\/wp-json\/wp\/v2\/product_brand?post=245639"},{"taxonomy":"product_cat","embeddable":true,"href":"https:\/\/tiendapadel5.com\/nl\/wp-json\/wp\/v2\/product_cat?post=245639"},{"taxonomy":"product_tag","embeddable":true,"href":"https:\/\/tiendapadel5.com\/nl\/wp-json\/wp\/v2\/product_tag?post=245639"}],"curies":[{"name":"wp","href":"https:\/\/api.w.org\/{rel}","templated":true}]}}