{"id":243430,"date":"2026-01-13T19:00:29","date_gmt":"2026-01-13T18:00:29","guid":{"rendered":"https:\/\/tiendapadel5.com\/?post_type=product&#038;p=243430"},"modified":"2026-04-09T00:29:25","modified_gmt":"2026-04-08T22:29:25","slug":"zapatillas-head-motion-pro-1-5-men-whbb-2026","status":"publish","type":"product","link":"https:\/\/tiendapadel5.com\/nl\/zapatillas-head-motion-pro-1-5-men-whbb-2026\/","title":{"rendered":"Zapatillas Head Motion Pro 1.5 Men WHBB 2026"},"content":{"rendered":"<h2>Zapatillas Head Motion Pro 1.5 Men WHBB 2026<\/h2>\n<p><strong>Caracter\u00edsticas:<\/strong><\/p>\n<ul>\n<li>Desarrolladas espec\u00edficamente para p\u00e1del con jugadores profesionales de HEAD<\/li>\n<li>Suela avanzada, creada con MONDO, para movimientos en 360\u00b0<\/li>\n<li>Nueva construcci\u00f3n de doble malla: comodidad y ventilaci\u00f3n + estabilidad donde se necesita<\/li>\n<li>Nuevo dise\u00f1o tipo calcet\u00edn de punto t\u00e9cnico para mayor sujeci\u00f3n y comodidad, con elasticidad para facilitar el calce<\/li>\n<li>Nueva pieza moldeada 3D-TPU en el tal\u00f3n para estabilidad<\/li>\n<li>Tecnolog\u00eda Drift Defense con puntera de TPU para protecci\u00f3n en deslizamientos<\/li>\n<li>Entresuela con DynaFoam, ligera y muy reactiva<\/li>\n<li>Refuerzo 3D-TPU en mediopi\u00e9 y tecnolog\u00eda Lateral Control+ para estabilidad<\/li>\n<li>Dise\u00f1o premium y moderno<\/li>\n<\/ul>\n","protected":false},"excerpt":{"rendered":"<p>Las Zapatillas Head Motion Pro 1.5 Men WHBB 2026, con un<span style=\"font-size: 14.4px;\"> nuevo dise\u00f1o de doble malla transpirable hace que sea m\u00e1s ligera y c\u00f3moda: una capa aporta confort y ventilaci\u00f3n, y la otra refuerza la estabilidad justo donde hace falta.<\/span><\/p>\n","protected":false},"featured_media":243488,"comment_status":"open","ping_status":"closed","template":"","meta":{"_joinchat":[]},"pwb-brand":[33],"product_brand":[],"product_cat":[22,441],"product_tag":[11133,11132,160,766,166,176,11453,300],"class_list":{"0":"post-243430","1":"product","2":"type-product","3":"status-publish","4":"has-post-thumbnail","6":"pwb-brand-head","7":"product_cat-zapatillas-de-padel","8":"product_cat-zapatillas-head","9":"product_tag-1-5","10":"product_tag-11132","11":"product_tag-head","12":"product_tag-men","13":"product_tag-motion","14":"product_tag-pro","15":"product_tag-whbb","16":"product_tag-zapatillas","17":"pa_talla-280","18":"pa_talla-281","19":"pa_talla-282","20":"pa_talla-283","21":"pa_talla-284","23":"first","24":"instock","25":"sale","26":"taxable","27":"shipping-taxable","28":"purchasable","29":"product-type-variable"},"brands":[{"id":33,"name":"Head","slug":"head"}],"_links":{"self":[{"href":"https:\/\/tiendapadel5.com\/nl\/wp-json\/wp\/v2\/product\/243430","targetHints":{"allow":["GET"]}}],"collection":[{"href":"https:\/\/tiendapadel5.com\/nl\/wp-json\/wp\/v2\/product"}],"about":[{"href":"https:\/\/tiendapadel5.com\/nl\/wp-json\/wp\/v2\/types\/product"}],"replies":[{"embeddable":true,"href":"https:\/\/tiendapadel5.com\/nl\/wp-json\/wp\/v2\/comments?post=243430"}],"version-history":[{"count":1,"href":"https:\/\/tiendapadel5.com\/nl\/wp-json\/wp\/v2\/product\/243430\/revisions"}],"predecessor-version":[{"id":243502,"href":"https:\/\/tiendapadel5.com\/nl\/wp-json\/wp\/v2\/product\/243430\/revisions\/243502"}],"wp:featuredmedia":[{"embeddable":true,"href":"https:\/\/tiendapadel5.com\/nl\/wp-json\/wp\/v2\/media\/243488"}],"wp:attachment":[{"href":"https:\/\/tiendapadel5.com\/nl\/wp-json\/wp\/v2\/media?parent=243430"}],"wp:term":[{"taxonomy":"pwb-brand","embeddable":true,"href":"https:\/\/tiendapadel5.com\/nl\/wp-json\/wp\/v2\/pwb-brand?post=243430"},{"taxonomy":"product_brand","embeddable":true,"href":"https:\/\/tiendapadel5.com\/nl\/wp-json\/wp\/v2\/product_brand?post=243430"},{"taxonomy":"product_cat","embeddable":true,"href":"https:\/\/tiendapadel5.com\/nl\/wp-json\/wp\/v2\/product_cat?post=243430"},{"taxonomy":"product_tag","embeddable":true,"href":"https:\/\/tiendapadel5.com\/nl\/wp-json\/wp\/v2\/product_tag?post=243430"}],"curies":[{"name":"wp","href":"https:\/\/api.w.org\/{rel}","templated":true}]}}