{"id":241328,"date":"2026-01-05T15:37:41","date_gmt":"2026-01-05T14:37:41","guid":{"rendered":"https:\/\/tiendapadel5.com\/?post_type=product&#038;p=241328"},"modified":"2026-01-10T23:58:21","modified_gmt":"2026-01-10T22:58:21","slug":"zapatillas-nox-street-blanco-azul-2025","status":"publish","type":"product","link":"https:\/\/tiendapadel5.com\/nl\/zapatillas-nox-street-blanco-azul-2025\/","title":{"rendered":"Zapatillas Nox Street Blanco\/Azul 2025"},"content":{"rendered":"<h2>Zapatillas Nox Street Blanco\/Azul 2025<\/h2>\n<p><strong>Caracter\u00edsticas:<\/strong><\/p>\n<ul>\n<li><strong>Dise\u00f1o en piel 100% natural<\/strong>: exterior en piel napa, forro e interior tambi\u00e9n en piel. M\u00e1xima suavidad, ajuste natural y transpirabilidad superior.<\/li>\n<li><strong>Suela de goma EVA ultraligera<\/strong>: flexible, resistente a la abrasi\u00f3n y perfecta para el ritmo urbano diario.<\/li>\n<li><strong>Estructura reforzada<\/strong>: suela cosida y pegada para una durabilidad excepcional frente al desgaste.<\/li>\n<li><strong>Detalles premium<\/strong>: grabado l\u00e1ser, serigraf\u00eda, cordones personalizados con cabezal NOX y ojales met\u00e1licos en blanco.<\/li>\n<li><strong>Montaje t\u00e9cnico<\/strong>: estructura interna dise\u00f1ada para una pisada c\u00f3moda, estable y bien sujeta.<\/li>\n<\/ul>\n","protected":false},"excerpt":{"rendered":"<p>Las Zapatillas Nox Street Blanco\/Azul 2025, es una opci\u00f3n urbana pensada para quienes quieren comodidad, estilo y personalidad tambi\u00e9n en su d\u00eda a d\u00eda. Con un dise\u00f1o ergonomico y fabricadas con materiales premium.<\/p>\n","protected":false},"featured_media":241355,"comment_status":"open","ping_status":"closed","template":"","meta":{"_joinchat":[]},"pwb-brand":[34],"product_brand":[],"product_cat":[22,945],"product_tag":[9781,295,405,130,389,300],"class_list":{"0":"post-241328","1":"product","2":"type-product","3":"status-publish","4":"has-post-thumbnail","6":"pwb-brand-nox","7":"product_cat-zapatillas-de-padel","8":"product_cat-zapatillas-nox","9":"product_tag-9781","10":"product_tag-azul","11":"product_tag-blanco","12":"product_tag-nox","13":"product_tag-street","14":"product_tag-zapatillas","15":"pa_talla-280","16":"pa_talla-281","17":"pa_talla-282","18":"pa_talla-283","19":"pa_talla-284","21":"first","22":"instock","23":"sale","24":"taxable","25":"shipping-taxable","26":"purchasable","27":"product-type-variable"},"brands":[{"id":34,"name":"Nox","slug":"nox"}],"_links":{"self":[{"href":"https:\/\/tiendapadel5.com\/nl\/wp-json\/wp\/v2\/product\/241328","targetHints":{"allow":["GET"]}}],"collection":[{"href":"https:\/\/tiendapadel5.com\/nl\/wp-json\/wp\/v2\/product"}],"about":[{"href":"https:\/\/tiendapadel5.com\/nl\/wp-json\/wp\/v2\/types\/product"}],"replies":[{"embeddable":true,"href":"https:\/\/tiendapadel5.com\/nl\/wp-json\/wp\/v2\/comments?post=241328"}],"version-history":[{"count":3,"href":"https:\/\/tiendapadel5.com\/nl\/wp-json\/wp\/v2\/product\/241328\/revisions"}],"predecessor-version":[{"id":241418,"href":"https:\/\/tiendapadel5.com\/nl\/wp-json\/wp\/v2\/product\/241328\/revisions\/241418"}],"wp:featuredmedia":[{"embeddable":true,"href":"https:\/\/tiendapadel5.com\/nl\/wp-json\/wp\/v2\/media\/241355"}],"wp:attachment":[{"href":"https:\/\/tiendapadel5.com\/nl\/wp-json\/wp\/v2\/media?parent=241328"}],"wp:term":[{"taxonomy":"pwb-brand","embeddable":true,"href":"https:\/\/tiendapadel5.com\/nl\/wp-json\/wp\/v2\/pwb-brand?post=241328"},{"taxonomy":"product_brand","embeddable":true,"href":"https:\/\/tiendapadel5.com\/nl\/wp-json\/wp\/v2\/product_brand?post=241328"},{"taxonomy":"product_cat","embeddable":true,"href":"https:\/\/tiendapadel5.com\/nl\/wp-json\/wp\/v2\/product_cat?post=241328"},{"taxonomy":"product_tag","embeddable":true,"href":"https:\/\/tiendapadel5.com\/nl\/wp-json\/wp\/v2\/product_tag?post=241328"}],"curies":[{"name":"wp","href":"https:\/\/api.w.org\/{rel}","templated":true}]}}