{"id":240441,"date":"2025-12-31T18:33:04","date_gmt":"2025-12-31T17:33:04","guid":{"rendered":"https:\/\/tiendapadel5.com\/?post_type=product&#038;p=240441"},"modified":"2026-04-21T18:13:11","modified_gmt":"2026-04-21T16:13:11","slug":"mochila-adidas-multigame-red-2026-by-ale-galan","status":"publish","type":"product","link":"https:\/\/tiendapadel5.com\/nl\/mochila-adidas-multigame-red-2026-by-ale-galan\/","title":{"rendered":"Mochila Adidas Multigame Red 2026 By Ale Galan"},"content":{"rendered":"<h2>Mochila Adidas Multigame Red 2026 By Ale Galan<\/h2>\n<p><strong>Caracter\u00edsticas:<\/strong><\/p>\n<p><i class=\"fa fa-check\"><\/i><strong>\u00a0<label class=\"label\">Materiales:<\/label>\u00a0<\/strong>100% REC. PES 900D with TPU coating + 100% REC. PES 210D + RAINCOVER<\/p>\n<p><i class=\"fa fa-check\"><\/i><strong>\u00a0<label class=\"label\">Capacidad :<\/label>\u00a0<\/strong>42-48 L<\/p>\n<p><i class=\"fa fa-check\"><\/i><strong>\u00a0<label class=\"label\">Dimensiones:<\/label><\/strong>\u00a029 x 15,5 x 47 cm<\/p>\n<p><i class=\"fa fa-check\"><\/i><strong>\u00a0<label class=\"label\">Color:<\/label><\/strong>\u00a0Negro\/Rojo<\/p>\n<p><i class=\"fa fa-check\"><\/i><strong>\u00a0<label class=\"label\">Tipo accesorio:<\/label>\u00a0<\/strong>Mochila<\/p>\n<p><i class=\"fa fa-check\"><\/i><strong>\u00a0<label class=\"label\">Accesorio extra:<\/label>\u00a0<\/strong>Protector anti agua<\/p>\n","protected":false},"excerpt":{"rendered":"<p>La Mochila Adidas Multigame Red 2026 By Ale Galan, ofrece una capacidad muy vers\u00e1til y una resistencia superior, con accesos pr\u00e1cticos, protecci\u00f3n t\u00e9rmica y una construcci\u00f3n reforzada pensada para aguantar el ritmo del d\u00eda a d\u00eda.<\/p>\n","protected":false},"featured_media":240457,"comment_status":"open","ping_status":"closed","template":"","meta":{"_joinchat":[]},"pwb-brand":[28],"product_brand":[],"product_cat":[2306,2238],"product_tag":[11132,2310,8254,11634,8255,2254,2311,2526],"class_list":{"0":"post-240441","1":"product","2":"type-product","3":"status-publish","4":"has-post-thumbnail","6":"pwb-brand-adidas-padel","7":"product_cat-sacos-de-padel-adidas","8":"product_cat-sacos-de-padel","9":"product_tag-11132","10":"product_tag-adidas-pt-pt","11":"product_tag-cerveja","12":"product_tag-by","13":"product_tag-galante-pt-pt","14":"product_tag-mochila-pt-pt","15":"product_tag-multi-jogo","16":"product_tag-rede","18":"first","19":"instock","20":"sale","21":"taxable","22":"shipping-taxable","23":"purchasable","24":"product-type-simple"},"brands":[{"id":28,"name":"Adidas Padel","slug":"adidas-padel"}],"_links":{"self":[{"href":"https:\/\/tiendapadel5.com\/nl\/wp-json\/wp\/v2\/product\/240441","targetHints":{"allow":["GET"]}}],"collection":[{"href":"https:\/\/tiendapadel5.com\/nl\/wp-json\/wp\/v2\/product"}],"about":[{"href":"https:\/\/tiendapadel5.com\/nl\/wp-json\/wp\/v2\/types\/product"}],"replies":[{"embeddable":true,"href":"https:\/\/tiendapadel5.com\/nl\/wp-json\/wp\/v2\/comments?post=240441"}],"version-history":[{"count":1,"href":"https:\/\/tiendapadel5.com\/nl\/wp-json\/wp\/v2\/product\/240441\/revisions"}],"predecessor-version":[{"id":240464,"href":"https:\/\/tiendapadel5.com\/nl\/wp-json\/wp\/v2\/product\/240441\/revisions\/240464"}],"wp:featuredmedia":[{"embeddable":true,"href":"https:\/\/tiendapadel5.com\/nl\/wp-json\/wp\/v2\/media\/240457"}],"wp:attachment":[{"href":"https:\/\/tiendapadel5.com\/nl\/wp-json\/wp\/v2\/media?parent=240441"}],"wp:term":[{"taxonomy":"pwb-brand","embeddable":true,"href":"https:\/\/tiendapadel5.com\/nl\/wp-json\/wp\/v2\/pwb-brand?post=240441"},{"taxonomy":"product_brand","embeddable":true,"href":"https:\/\/tiendapadel5.com\/nl\/wp-json\/wp\/v2\/product_brand?post=240441"},{"taxonomy":"product_cat","embeddable":true,"href":"https:\/\/tiendapadel5.com\/nl\/wp-json\/wp\/v2\/product_cat?post=240441"},{"taxonomy":"product_tag","embeddable":true,"href":"https:\/\/tiendapadel5.com\/nl\/wp-json\/wp\/v2\/product_tag?post=240441"}],"curies":[{"name":"wp","href":"https:\/\/api.w.org\/{rel}","templated":true}]}}