{"id":239910,"date":"2025-12-30T16:15:13","date_gmt":"2025-12-30T15:15:13","guid":{"rendered":"https:\/\/tiendapadel5.com\/?post_type=product&#038;p=239910"},"modified":"2026-04-14T10:41:52","modified_gmt":"2026-04-14T08:41:52","slug":"zapatillas-nox-at10-lux-blanco-gris-2026","status":"publish","type":"product","link":"https:\/\/tiendapadel5.com\/nl\/zapatillas-nox-at10-lux-blanco-gris-2026\/","title":{"rendered":"Zapatillas Nox AT10 Lux Blanco\/Gris 2026"},"content":{"rendered":"<h2>Zapatillas Nox AT10 Lux Blanco\/Gris 2026<\/h2>\n<p><strong>Caracter\u00edsticas:<\/strong><\/p>\n<ul>\n<li>Cuello calcet\u00edn el\u00e1stico , m\u00e1ximo ajuste en empeine y zona tal\u00f3n.<\/li>\n<li>Lengua con espuma perforada, mejorando la transpiraci\u00f3n.<\/li>\n<li>Corte con Airmesh reforzado con pol\u00edmero en lateral y pala.<\/li>\n<\/ul>\n","protected":false},"excerpt":{"rendered":"<p>Las Zapatillas Nox AT10 Lux Blanco\/Gris 2026, consolidadas como una de las favoritas entre jugadores profesionales y amateurs avanzados, este modelo destaca no solo por su estilo, sino tambi\u00e9n por su dise\u00f1o t\u00e9cnico pensado para rendir al m\u00e1ximo y cuidar tus pies en cada partido.<\/p>\n","protected":false},"featured_media":239935,"comment_status":"open","ping_status":"closed","template":"","meta":{"_joinchat":[]},"pwb-brand":[34],"product_brand":[],"product_cat":[22,945,52],"product_tag":[11132,946,405,221,947,130,300],"class_list":{"0":"post-239910","1":"product","2":"type-product","3":"status-publish","4":"has-post-thumbnail","6":"pwb-brand-nox","7":"product_cat-zapatillas-de-padel","8":"product_cat-zapatillas-nox","9":"product_cat-para-hombre","10":"product_tag-11132","11":"product_tag-at10","12":"product_tag-blanco","13":"product_tag-gris","14":"product_tag-lux","15":"product_tag-nox","16":"product_tag-zapatillas","17":"pa_talla-277","18":"pa_talla-278","19":"pa_talla-279","20":"pa_talla-280","21":"pa_talla-281","22":"pa_talla-282","23":"pa_talla-283","24":"pa_talla-284","25":"pa_talla-285","26":"pa_talla-310","28":"first","29":"instock","30":"sale","31":"taxable","32":"shipping-taxable","33":"purchasable","34":"product-type-variable"},"brands":[{"id":34,"name":"Nox","slug":"nox"}],"_links":{"self":[{"href":"https:\/\/tiendapadel5.com\/nl\/wp-json\/wp\/v2\/product\/239910","targetHints":{"allow":["GET"]}}],"collection":[{"href":"https:\/\/tiendapadel5.com\/nl\/wp-json\/wp\/v2\/product"}],"about":[{"href":"https:\/\/tiendapadel5.com\/nl\/wp-json\/wp\/v2\/types\/product"}],"replies":[{"embeddable":true,"href":"https:\/\/tiendapadel5.com\/nl\/wp-json\/wp\/v2\/comments?post=239910"}],"version-history":[{"count":2,"href":"https:\/\/tiendapadel5.com\/nl\/wp-json\/wp\/v2\/product\/239910\/revisions"}],"predecessor-version":[{"id":239955,"href":"https:\/\/tiendapadel5.com\/nl\/wp-json\/wp\/v2\/product\/239910\/revisions\/239955"}],"wp:featuredmedia":[{"embeddable":true,"href":"https:\/\/tiendapadel5.com\/nl\/wp-json\/wp\/v2\/media\/239935"}],"wp:attachment":[{"href":"https:\/\/tiendapadel5.com\/nl\/wp-json\/wp\/v2\/media?parent=239910"}],"wp:term":[{"taxonomy":"pwb-brand","embeddable":true,"href":"https:\/\/tiendapadel5.com\/nl\/wp-json\/wp\/v2\/pwb-brand?post=239910"},{"taxonomy":"product_brand","embeddable":true,"href":"https:\/\/tiendapadel5.com\/nl\/wp-json\/wp\/v2\/product_brand?post=239910"},{"taxonomy":"product_cat","embeddable":true,"href":"https:\/\/tiendapadel5.com\/nl\/wp-json\/wp\/v2\/product_cat?post=239910"},{"taxonomy":"product_tag","embeddable":true,"href":"https:\/\/tiendapadel5.com\/nl\/wp-json\/wp\/v2\/product_tag?post=239910"}],"curies":[{"name":"wp","href":"https:\/\/api.w.org\/{rel}","templated":true}]}}