{"id":239732,"date":"2025-12-30T01:05:35","date_gmt":"2025-12-30T00:05:35","guid":{"rendered":"https:\/\/tiendapadel5.com\/?post_type=product&#038;p=239732"},"modified":"2026-04-18T22:04:02","modified_gmt":"2026-04-18T20:04:02","slug":"mochila-adidas-multigame-black-2026","status":"publish","type":"product","link":"https:\/\/tiendapadel5.com\/nl\/mochila-adidas-multigame-black-2026\/","title":{"rendered":"Mochila Adidas Multigame Black 2026"},"content":{"rendered":"<h2>Mochila Adidas Multigame Black 2026<\/h2>\n<p><strong>Caracter\u00edsticas:<\/strong><\/p>\n<p><i class=\"fa fa-check\"><\/i><strong>\u00a0<label class=\"label\">Materiales:<\/label>\u00a0<\/strong>100% REC. PES 900D with TPU coating + 100% REC. PES 210D + RAINCOVER<\/p>\n<p><i class=\"fa fa-check\"><\/i><strong>\u00a0<label class=\"label\">Capacidad :<\/label>\u00a0<\/strong>42-48 L<\/p>\n<p><i class=\"fa fa-check\"><\/i><strong>\u00a0<label class=\"label\">Dimensiones:<\/label><\/strong>\u00a029 x 15,5 x 47 cm<\/p>\n<p><i class=\"fa fa-check\"><\/i><strong>\u00a0<label class=\"label\">Color:<\/label><\/strong>\u00a0Negro<\/p>\n<p><i class=\"fa fa-check\"><\/i><strong>\u00a0<label class=\"label\">Tipo accesorio:<\/label>\u00a0<\/strong>Mochila<\/p>\n","protected":false},"excerpt":{"rendered":"<p>La Mochila Adidas Multigame Black 2026, incluye varios accesos y un compartimento t\u00e9rmico exterior. Adem\u00e1s, est\u00e1 hecha para durar y aprovecha al m\u00e1ximo el espacio.<\/p>\n","protected":false},"featured_media":239747,"comment_status":"open","ping_status":"closed","template":"","meta":{"_joinchat":[]},"pwb-brand":[28],"product_brand":[],"product_cat":[20,427],"product_tag":[11132,143,203,256,273],"class_list":{"0":"post-239732","1":"product","2":"type-product","3":"status-publish","4":"has-post-thumbnail","6":"pwb-brand-adidas-padel","7":"product_cat-paleteros-de-padel","8":"product_cat-mochilas-adidas","9":"product_tag-11132","10":"product_tag-adidas","11":"product_tag-black","12":"product_tag-mochila","13":"product_tag-multigame","15":"first","16":"instock","17":"sale","18":"taxable","19":"shipping-taxable","20":"purchasable","21":"product-type-simple"},"brands":[{"id":28,"name":"Adidas Padel","slug":"adidas-padel"}],"_links":{"self":[{"href":"https:\/\/tiendapadel5.com\/nl\/wp-json\/wp\/v2\/product\/239732","targetHints":{"allow":["GET"]}}],"collection":[{"href":"https:\/\/tiendapadel5.com\/nl\/wp-json\/wp\/v2\/product"}],"about":[{"href":"https:\/\/tiendapadel5.com\/nl\/wp-json\/wp\/v2\/types\/product"}],"replies":[{"embeddable":true,"href":"https:\/\/tiendapadel5.com\/nl\/wp-json\/wp\/v2\/comments?post=239732"}],"version-history":[{"count":1,"href":"https:\/\/tiendapadel5.com\/nl\/wp-json\/wp\/v2\/product\/239732\/revisions"}],"predecessor-version":[{"id":239754,"href":"https:\/\/tiendapadel5.com\/nl\/wp-json\/wp\/v2\/product\/239732\/revisions\/239754"}],"wp:featuredmedia":[{"embeddable":true,"href":"https:\/\/tiendapadel5.com\/nl\/wp-json\/wp\/v2\/media\/239747"}],"wp:attachment":[{"href":"https:\/\/tiendapadel5.com\/nl\/wp-json\/wp\/v2\/media?parent=239732"}],"wp:term":[{"taxonomy":"pwb-brand","embeddable":true,"href":"https:\/\/tiendapadel5.com\/nl\/wp-json\/wp\/v2\/pwb-brand?post=239732"},{"taxonomy":"product_brand","embeddable":true,"href":"https:\/\/tiendapadel5.com\/nl\/wp-json\/wp\/v2\/product_brand?post=239732"},{"taxonomy":"product_cat","embeddable":true,"href":"https:\/\/tiendapadel5.com\/nl\/wp-json\/wp\/v2\/product_cat?post=239732"},{"taxonomy":"product_tag","embeddable":true,"href":"https:\/\/tiendapadel5.com\/nl\/wp-json\/wp\/v2\/product_tag?post=239732"}],"curies":[{"name":"wp","href":"https:\/\/api.w.org\/{rel}","templated":true}]}}