{"id":239236,"date":"2025-12-29T11:42:06","date_gmt":"2025-12-29T10:42:06","guid":{"rendered":"https:\/\/tiendapadel5.com\/?post_type=product&#038;p=239236"},"modified":"2026-04-16T12:57:43","modified_gmt":"2026-04-16T10:57:43","slug":"camiseta-nox-sponsors-at10-azul-claro-de-agustin-tapia","status":"publish","type":"product","link":"https:\/\/tiendapadel5.com\/nl\/camiseta-nox-sponsors-at10-azul-claro-de-agustin-tapia\/","title":{"rendered":"Camiseta Nox Sponsors AT10 Azul Claro de Agust\u00edn Tapia"},"content":{"rendered":"<h2>Caracter\u00edsticas: Camiseta Nox Sponsors AT10 Azul Claro de Agust\u00edn Tapia<\/h2>\n<ul>\n<li><strong>Corte Cl\u00e1sico y Vers\u00e1til<\/strong><\/li>\n<li><strong>Estilo y Elegancia<\/strong><\/li>\n<li><strong>Dise\u00f1o Funcional<\/strong><\/li>\n<li><strong>Ligereza y Confort con Balance Fresh<\/strong><\/li>\n<li><strong>Composici\u00f3n Premium:<\/strong> Confeccionada en 90% poli\u00e9ster y 10% elastano<\/li>\n<\/ul>\n","protected":false},"excerpt":{"rendered":"<p>La Camiseta Nox Sponsors AT10 Azul Claro de Agust\u00edn Tapia, incluye serigraf\u00eda de su nombre y sponsors: Nox Future Academy<\/p>\n","protected":false},"featured_media":254468,"comment_status":"open","ping_status":"closed","template":"","meta":{"_joinchat":[]},"pwb-brand":[34],"product_brand":[],"product_cat":[21,87,451,46],"product_tag":[11427],"class_list":{"0":"post-239236","1":"product","2":"type-product","3":"status-publish","4":"has-post-thumbnail","6":"pwb-brand-nox","7":"product_cat-ropa-padel","8":"product_cat-camisetas","9":"product_cat-ropa-nox","10":"product_cat-hombre","11":"product_tag-camiseta-nox-sponsors-at10-azul-claro-de-agustin-tapia","12":"pa_talla-l","13":"pa_talla-m","14":"pa_talla-s","15":"pa_talla-xl","17":"first","18":"instock","19":"sale","20":"taxable","21":"shipping-taxable","22":"purchasable","23":"product-type-variable"},"brands":[{"id":34,"name":"Nox","slug":"nox"}],"_links":{"self":[{"href":"https:\/\/tiendapadel5.com\/nl\/wp-json\/wp\/v2\/product\/239236","targetHints":{"allow":["GET"]}}],"collection":[{"href":"https:\/\/tiendapadel5.com\/nl\/wp-json\/wp\/v2\/product"}],"about":[{"href":"https:\/\/tiendapadel5.com\/nl\/wp-json\/wp\/v2\/types\/product"}],"replies":[{"embeddable":true,"href":"https:\/\/tiendapadel5.com\/nl\/wp-json\/wp\/v2\/comments?post=239236"}],"version-history":[{"count":2,"href":"https:\/\/tiendapadel5.com\/nl\/wp-json\/wp\/v2\/product\/239236\/revisions"}],"predecessor-version":[{"id":240834,"href":"https:\/\/tiendapadel5.com\/nl\/wp-json\/wp\/v2\/product\/239236\/revisions\/240834"}],"wp:featuredmedia":[{"embeddable":true,"href":"https:\/\/tiendapadel5.com\/nl\/wp-json\/wp\/v2\/media\/254468"}],"wp:attachment":[{"href":"https:\/\/tiendapadel5.com\/nl\/wp-json\/wp\/v2\/media?parent=239236"}],"wp:term":[{"taxonomy":"pwb-brand","embeddable":true,"href":"https:\/\/tiendapadel5.com\/nl\/wp-json\/wp\/v2\/pwb-brand?post=239236"},{"taxonomy":"product_brand","embeddable":true,"href":"https:\/\/tiendapadel5.com\/nl\/wp-json\/wp\/v2\/product_brand?post=239236"},{"taxonomy":"product_cat","embeddable":true,"href":"https:\/\/tiendapadel5.com\/nl\/wp-json\/wp\/v2\/product_cat?post=239236"},{"taxonomy":"product_tag","embeddable":true,"href":"https:\/\/tiendapadel5.com\/nl\/wp-json\/wp\/v2\/product_tag?post=239236"}],"curies":[{"name":"wp","href":"https:\/\/api.w.org\/{rel}","templated":true}]}}