{"id":238049,"date":"2025-12-28T01:50:09","date_gmt":"2025-12-28T00:50:09","guid":{"rendered":"https:\/\/tiendapadel5.com\/?post_type=product&#038;p=238049"},"modified":"2026-01-07T15:05:37","modified_gmt":"2026-01-07T14:05:37","slug":"sudadera-bullpadel-palmiro-crudo-2026","status":"publish","type":"product","link":"https:\/\/tiendapadel5.com\/nl\/sudadera-bullpadel-palmiro-crudo-2026\/","title":{"rendered":"Sudadera Bullpadel Palmiro Crudo 2026"},"content":{"rendered":"<h2>Sudadera Bullpadel Palmiro Crudo 2026<\/h2>\n<p><strong>Caracter\u00edsticas:<\/strong><\/p>\n<ul>\n<li>Combinaci\u00f3n de flexibilidad y transpirabilidad gracias al poli\u00e9ster y elastano, asegurando confort t\u00e9rmico sin acumulaci\u00f3n de humedad.<\/li>\n<li>Aporta mayor calidez y suavidad, ideal para entrenamientos en temperaturas fr\u00edas.<\/li>\n<li><strong>Capucha cerrada con cord\u00f3n ajustable:<\/strong>\u00a0Permite un ajuste personalizado para mayor protecci\u00f3n contra el viento y el fr\u00edo.<\/li>\n<li><strong>Bolsillo canguro funcional:<\/strong>\u00a0Espacio pr\u00e1ctico para guardar objetos personales o mantener las manos calientes en climas fr\u00edos.<\/li>\n<li><strong>Pu\u00f1os y bajos de canal\u00e9:<\/strong>\u00a0Mejoran el ajuste y evitan la entrada de aire fr\u00edo, asegurando un mayor confort.<\/li>\n<li>Pertenece a la colecci\u00f3n de sudaderas para Premier de Bullpadel 2025.<\/li>\n<\/ul>\n","protected":false},"excerpt":{"rendered":"<p>La Sudadera Bullpadel Palmiro Crudo 2026, es perfecta para jugadores de p\u00e1del que buscan ir c\u00f3modos, abrigados y con un dise\u00f1o actual. Est\u00e1 hecha de poli\u00e9ster el\u00e1stico, por lo que se ajusta muy bien al cuerpo sin molestar ni limitar los movimientos. Aporta un calor ideal para entrenar en d\u00edas fr\u00edos o para llevar antes y despu\u00e9s de los partidos. Adem\u00e1s, gracias a la mezcla de tejidos, mantiene el calor pero deja transpirar, ayudando a estar siempre a la temperatura justa.<\/p>\n","protected":false},"featured_media":238072,"comment_status":"open","ping_status":"closed","template":"","meta":{"_joinchat":[]},"pwb-brand":[31],"product_brand":[],"product_cat":[2366,2668,2371,2401,5964],"product_tag":[11132,2262,11366,11417,2405],"class_list":{"0":"post-238049","1":"product","2":"type-product","3":"status-publish","4":"has-post-thumbnail","6":"pwb-brand-bullpadel","7":"product_cat-roupa-para-padel","8":"product_cat-roupa-para-padel-bullpadel","9":"product_cat-roupa-para-padel-houmem","10":"product_cat-camisolas","11":"product_cat-camisolas-pt-pt","12":"product_tag-11132","13":"product_tag-bullpadel-pt-pt","14":"product_tag-crudo","15":"product_tag-palmiro","16":"product_tag-camisola","17":"pa_talla-l-pt-pt","18":"pa_talla-m-pt-pt","19":"pa_talla-s-pt-pt","20":"pa_talla-xl-pt-pt","22":"first","23":"instock","24":"sale","25":"taxable","26":"shipping-taxable","27":"purchasable","28":"product-type-variable"},"brands":[{"id":31,"name":"Bullpadel","slug":"bullpadel"}],"_links":{"self":[{"href":"https:\/\/tiendapadel5.com\/nl\/wp-json\/wp\/v2\/product\/238049","targetHints":{"allow":["GET"]}}],"collection":[{"href":"https:\/\/tiendapadel5.com\/nl\/wp-json\/wp\/v2\/product"}],"about":[{"href":"https:\/\/tiendapadel5.com\/nl\/wp-json\/wp\/v2\/types\/product"}],"replies":[{"embeddable":true,"href":"https:\/\/tiendapadel5.com\/nl\/wp-json\/wp\/v2\/comments?post=238049"}],"version-history":[{"count":1,"href":"https:\/\/tiendapadel5.com\/nl\/wp-json\/wp\/v2\/product\/238049\/revisions"}],"predecessor-version":[{"id":238083,"href":"https:\/\/tiendapadel5.com\/nl\/wp-json\/wp\/v2\/product\/238049\/revisions\/238083"}],"wp:featuredmedia":[{"embeddable":true,"href":"https:\/\/tiendapadel5.com\/nl\/wp-json\/wp\/v2\/media\/238072"}],"wp:attachment":[{"href":"https:\/\/tiendapadel5.com\/nl\/wp-json\/wp\/v2\/media?parent=238049"}],"wp:term":[{"taxonomy":"pwb-brand","embeddable":true,"href":"https:\/\/tiendapadel5.com\/nl\/wp-json\/wp\/v2\/pwb-brand?post=238049"},{"taxonomy":"product_brand","embeddable":true,"href":"https:\/\/tiendapadel5.com\/nl\/wp-json\/wp\/v2\/product_brand?post=238049"},{"taxonomy":"product_cat","embeddable":true,"href":"https:\/\/tiendapadel5.com\/nl\/wp-json\/wp\/v2\/product_cat?post=238049"},{"taxonomy":"product_tag","embeddable":true,"href":"https:\/\/tiendapadel5.com\/nl\/wp-json\/wp\/v2\/product_tag?post=238049"}],"curies":[{"name":"wp","href":"https:\/\/api.w.org\/{rel}","templated":true}]}}