{"id":236713,"date":"2025-12-22T23:42:17","date_gmt":"2025-12-22T22:42:17","guid":{"rendered":"https:\/\/tiendapadel5.com\/?post_type=product&#038;p=236713"},"modified":"2026-03-16T17:42:58","modified_gmt":"2026-03-16T16:42:58","slug":"siux-beat-hybrid-2026","status":"publish","type":"product","link":"https:\/\/tiendapadel5.com\/nl\/siux-beat-hybrid-2026\/","title":{"rendered":"Siux Beat Hybrid 2026"},"content":{"rendered":"<h2>Siux Beat Hybrid 2026<\/h2>\n<p><strong>Caracter\u00edsticas:<\/strong><\/p>\n<p><span class=\"info\"><strong>Forma:<\/strong> Lagrima<\/span><\/p>\n<p><span class=\"info\"><strong>Nivel:<\/strong> Iniciaci\u00f3n<\/span><\/p>\n<p><span class=\"info\"><strong>Juego:<\/strong> Polivalente<\/span><\/p>\n<p><span class=\"info\"><strong>Peso:<\/strong> 360-375 gr.<\/span><\/p>\n<p><span class=\"info\"><strong>Perfil:<\/strong> 38 mm<\/span><\/p>\n<p><span class=\"info\"><strong>Jugador:<\/strong> Hombre<\/span><\/p>\n<p><span class=\"info\"><strong>A\u00f1o:<\/strong> 2026<\/span><\/p>\n<p><span class=\"info\"><strong>N\u00facleo:<\/strong> Eva<\/span><\/p>\n<p><span class=\"info\"><strong>Tacto:<\/strong> Blando<\/span><\/p>\n<p><span class=\"info\"><strong>Material Principal:<\/strong> Fibra de vidrio<\/span><\/p>\n<p><span class=\"info\"><strong>Rugosidad:<\/strong> Sin rugosidad<\/span><\/p>\n","protected":false},"excerpt":{"rendered":"<p>La Siux Beat Hybrid 2026, es una pala pensada para quienes empiezan en el p\u00e1del. Tiene una relaci\u00f3n calidad-precio muy buena, perfecta para jugadores principiantes que buscan una pala equilibrada, con un buen mix de potencia y control. Adem\u00e1s, su forma h\u00edbrida y balance medio ayudan a mejorar poco a poco la t\u00e9cnica y a ganar confianza en la pista.<\/p>\n","protected":false},"featured_media":236729,"comment_status":"open","ping_status":"closed","template":"","meta":{"_joinchat":[]},"pwb-brand":[2224],"product_brand":[],"product_cat":[19,11134,2225],"product_tag":[11132,11410,162,2226],"class_list":{"0":"post-236713","1":"product","2":"type-product","3":"status-publish","4":"has-post-thumbnail","6":"pwb-brand-siux","7":"product_cat-palas-padel","8":"product_cat-11134","9":"product_cat-siux","10":"product_tag-11132","11":"product_tag-beat","12":"product_tag-hybrid","13":"product_tag-siux","14":"pa_forma-lagrima","15":"pa_marco-fibra-de-vidrio","16":"pa_nivel-de-juego-iniciacion","17":"pa_tipo-de-juego-polivalente","19":"first","20":"instock","21":"sale","22":"taxable","23":"shipping-taxable","24":"purchasable","25":"product-type-simple"},"brands":[{"id":2224,"name":"Siux","slug":"siux"}],"_links":{"self":[{"href":"https:\/\/tiendapadel5.com\/nl\/wp-json\/wp\/v2\/product\/236713","targetHints":{"allow":["GET"]}}],"collection":[{"href":"https:\/\/tiendapadel5.com\/nl\/wp-json\/wp\/v2\/product"}],"about":[{"href":"https:\/\/tiendapadel5.com\/nl\/wp-json\/wp\/v2\/types\/product"}],"replies":[{"embeddable":true,"href":"https:\/\/tiendapadel5.com\/nl\/wp-json\/wp\/v2\/comments?post=236713"}],"version-history":[{"count":1,"href":"https:\/\/tiendapadel5.com\/nl\/wp-json\/wp\/v2\/product\/236713\/revisions"}],"predecessor-version":[{"id":255706,"href":"https:\/\/tiendapadel5.com\/nl\/wp-json\/wp\/v2\/product\/236713\/revisions\/255706"}],"wp:featuredmedia":[{"embeddable":true,"href":"https:\/\/tiendapadel5.com\/nl\/wp-json\/wp\/v2\/media\/236729"}],"wp:attachment":[{"href":"https:\/\/tiendapadel5.com\/nl\/wp-json\/wp\/v2\/media?parent=236713"}],"wp:term":[{"taxonomy":"pwb-brand","embeddable":true,"href":"https:\/\/tiendapadel5.com\/nl\/wp-json\/wp\/v2\/pwb-brand?post=236713"},{"taxonomy":"product_brand","embeddable":true,"href":"https:\/\/tiendapadel5.com\/nl\/wp-json\/wp\/v2\/product_brand?post=236713"},{"taxonomy":"product_cat","embeddable":true,"href":"https:\/\/tiendapadel5.com\/nl\/wp-json\/wp\/v2\/product_cat?post=236713"},{"taxonomy":"product_tag","embeddable":true,"href":"https:\/\/tiendapadel5.com\/nl\/wp-json\/wp\/v2\/product_tag?post=236713"}],"curies":[{"name":"wp","href":"https:\/\/api.w.org\/{rel}","templated":true}]}}