{"id":235544,"date":"2025-12-18T12:52:33","date_gmt":"2025-12-18T11:52:33","guid":{"rendered":"https:\/\/tiendapadel5.com\/?post_type=product&#038;p=235544"},"modified":"2026-03-27T11:47:11","modified_gmt":"2026-03-27T10:47:11","slug":"head-radical-motion-2026","status":"publish","type":"product","link":"https:\/\/tiendapadel5.com\/nl\/head-radical-motion-2026\/","title":{"rendered":"Head Radical Motion 2026"},"content":{"rendered":"<h2>Head Radical Motion 2026<\/h2>\n<p><strong>Caracter\u00edsticas:<\/strong><\/p>\n<ul class=\"productInformation-specsBlock-gga\">\n<li>\n<div class=\"productInformation-title-VwF\"><strong>Forma<\/strong>: L\u00e1grima<\/div>\n<\/li>\n<li>\n<div class=\"productInformation-title-VwF\"><strong>Peso:<\/strong> 355 g \/ 12.5 oz<\/div>\n<\/li>\n<li>\n<div class=\"productInformation-title-VwF\"><strong>Tama\u00f1o de cabeza:<\/strong> 461 cm\u00b2 \/ 71 in\u00b2<\/div>\n<\/li>\n<li>\n<div class=\"productInformation-title-VwF\"><strong>Equilibrio:<\/strong> 260.0 mm<\/div>\n<\/li>\n<li>\n<div class=\"productInformation-title-VwF\"><strong>Beam:<\/strong> 38 mm \/ 1.5 in<\/div>\n<\/li>\n<li>\n<div class=\"productInformation-title-VwF\"><strong>Superficie de golpeo:<\/strong> Doble capa de carbono<\/div>\n<\/li>\n<\/ul>\n","protected":false},"excerpt":{"rendered":"<p>La Head Radical Motion 2026, es una opci\u00f3n perfecta para jugadores avanzados y de competici\u00f3n que apuestan por un juego t\u00e1ctico y bien pensado.<\/p>\n","protected":false},"featured_media":235548,"comment_status":"open","ping_status":"closed","template":"","meta":{"_joinchat":[]},"pwb-brand":[33],"product_brand":[],"product_cat":[19,11134,411],"product_tag":[11132,160,166,6024],"class_list":{"0":"post-235544","1":"product","2":"type-product","3":"status-publish","4":"has-post-thumbnail","6":"pwb-brand-head","7":"product_cat-palas-padel","8":"product_cat-11134","9":"product_cat-head","10":"product_tag-11132","11":"product_tag-head","12":"product_tag-motion","13":"product_tag-radical","14":"pa_forma-lagrima","15":"pa_marco-fibra-de-carbono","16":"pa_nivel-de-juego-avanzado-profesional","17":"pa_tipo-de-juego-polivalente","19":"first","20":"instock","21":"sale","22":"taxable","23":"shipping-taxable","24":"purchasable","25":"product-type-simple"},"brands":[{"id":33,"name":"Head","slug":"head"}],"_links":{"self":[{"href":"https:\/\/tiendapadel5.com\/nl\/wp-json\/wp\/v2\/product\/235544","targetHints":{"allow":["GET"]}}],"collection":[{"href":"https:\/\/tiendapadel5.com\/nl\/wp-json\/wp\/v2\/product"}],"about":[{"href":"https:\/\/tiendapadel5.com\/nl\/wp-json\/wp\/v2\/types\/product"}],"replies":[{"embeddable":true,"href":"https:\/\/tiendapadel5.com\/nl\/wp-json\/wp\/v2\/comments?post=235544"}],"version-history":[{"count":1,"href":"https:\/\/tiendapadel5.com\/nl\/wp-json\/wp\/v2\/product\/235544\/revisions"}],"predecessor-version":[{"id":256562,"href":"https:\/\/tiendapadel5.com\/nl\/wp-json\/wp\/v2\/product\/235544\/revisions\/256562"}],"wp:featuredmedia":[{"embeddable":true,"href":"https:\/\/tiendapadel5.com\/nl\/wp-json\/wp\/v2\/media\/235548"}],"wp:attachment":[{"href":"https:\/\/tiendapadel5.com\/nl\/wp-json\/wp\/v2\/media?parent=235544"}],"wp:term":[{"taxonomy":"pwb-brand","embeddable":true,"href":"https:\/\/tiendapadel5.com\/nl\/wp-json\/wp\/v2\/pwb-brand?post=235544"},{"taxonomy":"product_brand","embeddable":true,"href":"https:\/\/tiendapadel5.com\/nl\/wp-json\/wp\/v2\/product_brand?post=235544"},{"taxonomy":"product_cat","embeddable":true,"href":"https:\/\/tiendapadel5.com\/nl\/wp-json\/wp\/v2\/product_cat?post=235544"},{"taxonomy":"product_tag","embeddable":true,"href":"https:\/\/tiendapadel5.com\/nl\/wp-json\/wp\/v2\/product_tag?post=235544"}],"curies":[{"name":"wp","href":"https:\/\/api.w.org\/{rel}","templated":true}]}}