{"id":231389,"date":"2025-12-03T12:46:18","date_gmt":"2025-12-03T11:46:18","guid":{"rendered":"https:\/\/tiendapadel5.com\/?post_type=product&#038;p=231389"},"modified":"2026-03-16T22:15:26","modified_gmt":"2026-03-16T21:15:26","slug":"grip-adidas-reemplazo-blanco","status":"publish","type":"product","link":"https:\/\/tiendapadel5.com\/nl\/grip-adidas-reemplazo-blanco\/","title":{"rendered":"Grip Adidas Reemplazo Blanco"},"content":{"rendered":"<h2>Grip Adidas Reemplazo Blanco<\/h2>\n<p><strong>Caracter\u00edsticas:<\/strong><\/p>\n<p><i class=\"fa fa-check\"><\/i><strong>\u00a0<label class=\"label\">Materiales:<\/label><\/strong>\u00a0100% Poliuretano<\/p>\n<p><i class=\"fa fa-check\"><\/i><strong>\u00a0<label class=\"label\">Dimensiones:<\/label>\u00a0<\/strong>72cm x 2,5cm x 1,8 mm<\/p>\n<p><i class=\"fa fa-check\"><\/i>\u00a0<strong><label class=\"label\">Color:<\/label><\/strong>\u00a0Blanco<\/p>\n<p><i class=\"fa fa-check\"><\/i><strong>\u00a0<label class=\"label\">Unidades:<\/label><\/strong>\u00a01<\/p>\n<p><i class=\"fa fa-check\"><\/i><strong>\u00a0<label class=\"label\">Tipo accesorio:<\/label>\u00a0<\/strong>Grips<\/p>\n<p>&nbsp;<\/p>\n","protected":false},"excerpt":{"rendered":"<p>El Grip Adidas Reemplazo Blanco, consigue el mejor agarre con el Grip Replacement. Tiene una adherencia incre\u00edble, incluso cuando hay much\u00edsima humedad. Un buen grip te ayudar\u00e1 a pegarle a la bola como toca.<\/p>\n","protected":false},"featured_media":231392,"comment_status":"open","ping_status":"closed","template":"","meta":{"_joinchat":[]},"pwb-brand":[28],"product_brand":[],"product_cat":[4192,4193,4429],"product_tag":[3931,6894,293,11364],"class_list":{"0":"post-231389","1":"product","2":"type-product","3":"status-publish","4":"has-post-thumbnail","6":"pwb-brand-adidas-padel","7":"product_cat-padel-accessoires","8":"product_cat-adidas-padel-accessoires","9":"product_cat-sobregrips-de-padel","10":"product_tag-adidas-nl","11":"product_tag-wit-nl","12":"product_tag-grip","13":"product_tag-reemplazo","15":"first","16":"instock","17":"taxable","18":"shipping-taxable","19":"purchasable","20":"product-type-simple"},"brands":[{"id":28,"name":"Adidas Padel","slug":"adidas-padel"}],"_links":{"self":[{"href":"https:\/\/tiendapadel5.com\/nl\/wp-json\/wp\/v2\/product\/231389","targetHints":{"allow":["GET"]}}],"collection":[{"href":"https:\/\/tiendapadel5.com\/nl\/wp-json\/wp\/v2\/product"}],"about":[{"href":"https:\/\/tiendapadel5.com\/nl\/wp-json\/wp\/v2\/types\/product"}],"replies":[{"embeddable":true,"href":"https:\/\/tiendapadel5.com\/nl\/wp-json\/wp\/v2\/comments?post=231389"}],"version-history":[{"count":0,"href":"https:\/\/tiendapadel5.com\/nl\/wp-json\/wp\/v2\/product\/231389\/revisions"}],"wp:featuredmedia":[{"embeddable":true,"href":"https:\/\/tiendapadel5.com\/nl\/wp-json\/wp\/v2\/media\/231392"}],"wp:attachment":[{"href":"https:\/\/tiendapadel5.com\/nl\/wp-json\/wp\/v2\/media?parent=231389"}],"wp:term":[{"taxonomy":"pwb-brand","embeddable":true,"href":"https:\/\/tiendapadel5.com\/nl\/wp-json\/wp\/v2\/pwb-brand?post=231389"},{"taxonomy":"product_brand","embeddable":true,"href":"https:\/\/tiendapadel5.com\/nl\/wp-json\/wp\/v2\/product_brand?post=231389"},{"taxonomy":"product_cat","embeddable":true,"href":"https:\/\/tiendapadel5.com\/nl\/wp-json\/wp\/v2\/product_cat?post=231389"},{"taxonomy":"product_tag","embeddable":true,"href":"https:\/\/tiendapadel5.com\/nl\/wp-json\/wp\/v2\/product_tag?post=231389"}],"curies":[{"name":"wp","href":"https:\/\/api.w.org\/{rel}","templated":true}]}}