{"id":231097,"date":"2025-12-02T22:03:12","date_gmt":"2025-12-02T21:03:12","guid":{"rendered":"https:\/\/tiendapadel5.com\/?post_type=product&#038;p=231097"},"modified":"2026-04-14T12:24:45","modified_gmt":"2026-04-14T10:24:45","slug":"paletero-adidas-pro-tour-bronze-2026","status":"publish","type":"product","link":"https:\/\/tiendapadel5.com\/nl\/paletero-adidas-pro-tour-bronze-2026\/","title":{"rendered":"Paletero Adidas Pro Tour Bronze 2026"},"content":{"rendered":"<h2>Paletero Adidas Pro Tour Bronze 2026<\/h2>\n<p><strong>Caracter\u00edsticas:<\/strong><\/p>\n<p><i class=\"fa fa-check\"><\/i><strong>\u00a0<label class=\"label\">Materiales:<\/label>\u00a0<\/strong>100% REC. PES 900D with PU coating + 100% REC. PES 210D<\/p>\n<p><i class=\"fa fa-check\"><\/i><strong>\u00a0<label class=\"label\">Capacidad :<\/label>\u00a0<\/strong>54 L<\/p>\n<p><i class=\"fa fa-check\"><\/i><strong>\u00a0<label class=\"label\">Dimensiones:<\/label><\/strong>\u00a039 x 55 x 27,5 cm<\/p>\n<p><i class=\"fa fa-check\"><\/i><strong>\u00a0<label class=\"label\">Color:<\/label>\u00a0<\/strong>Bronce Naranja<\/p>\n","protected":false},"excerpt":{"rendered":"<p>El Paletero Adidas Pro Tour Bronze 2026, ofrece una ergonom\u00eda renovada, dos bolsillos t\u00e9rmicos y una durabilidad extra para quienes compiten a menudo. Adem\u00e1s, cuenta con un espacio bien distribuido y una construcci\u00f3n reforzada que aguanta todo tu ritmo.<\/p>\n","protected":false},"featured_media":231120,"comment_status":"open","ping_status":"closed","template":"","meta":{"_joinchat":[]},"pwb-brand":[28],"product_brand":[],"product_cat":[20,427],"product_tag":[11132,143,1403,257,176,264],"class_list":{"0":"post-231097","1":"product","2":"type-product","3":"status-publish","4":"has-post-thumbnail","6":"pwb-brand-adidas-padel","7":"product_cat-paleteros-de-padel","8":"product_cat-mochilas-adidas","9":"product_tag-11132","10":"product_tag-adidas","11":"product_tag-bronze","12":"product_tag-paletero","13":"product_tag-pro","14":"product_tag-tour","16":"first","17":"instock","18":"sale","19":"taxable","20":"shipping-taxable","21":"purchasable","22":"product-type-simple"},"brands":[{"id":28,"name":"Adidas Padel","slug":"adidas-padel"}],"_links":{"self":[{"href":"https:\/\/tiendapadel5.com\/nl\/wp-json\/wp\/v2\/product\/231097","targetHints":{"allow":["GET"]}}],"collection":[{"href":"https:\/\/tiendapadel5.com\/nl\/wp-json\/wp\/v2\/product"}],"about":[{"href":"https:\/\/tiendapadel5.com\/nl\/wp-json\/wp\/v2\/types\/product"}],"replies":[{"embeddable":true,"href":"https:\/\/tiendapadel5.com\/nl\/wp-json\/wp\/v2\/comments?post=231097"}],"version-history":[{"count":1,"href":"https:\/\/tiendapadel5.com\/nl\/wp-json\/wp\/v2\/product\/231097\/revisions"}],"predecessor-version":[{"id":245223,"href":"https:\/\/tiendapadel5.com\/nl\/wp-json\/wp\/v2\/product\/231097\/revisions\/245223"}],"wp:featuredmedia":[{"embeddable":true,"href":"https:\/\/tiendapadel5.com\/nl\/wp-json\/wp\/v2\/media\/231120"}],"wp:attachment":[{"href":"https:\/\/tiendapadel5.com\/nl\/wp-json\/wp\/v2\/media?parent=231097"}],"wp:term":[{"taxonomy":"pwb-brand","embeddable":true,"href":"https:\/\/tiendapadel5.com\/nl\/wp-json\/wp\/v2\/pwb-brand?post=231097"},{"taxonomy":"product_brand","embeddable":true,"href":"https:\/\/tiendapadel5.com\/nl\/wp-json\/wp\/v2\/product_brand?post=231097"},{"taxonomy":"product_cat","embeddable":true,"href":"https:\/\/tiendapadel5.com\/nl\/wp-json\/wp\/v2\/product_cat?post=231097"},{"taxonomy":"product_tag","embeddable":true,"href":"https:\/\/tiendapadel5.com\/nl\/wp-json\/wp\/v2\/product_tag?post=231097"}],"curies":[{"name":"wp","href":"https:\/\/api.w.org\/{rel}","templated":true}]}}