{"id":230271,"date":"2025-11-29T01:02:40","date_gmt":"2025-11-29T00:02:40","guid":{"rendered":"https:\/\/tiendapadel5.com\/?post_type=product&#038;p=230271"},"modified":"2026-04-17T12:30:35","modified_gmt":"2026-04-17T10:30:35","slug":"adidas-cross-it-pro-edt-2025","status":"publish","type":"product","link":"https:\/\/tiendapadel5.com\/nl\/adidas-cross-it-pro-edt-2025\/","title":{"rendered":"Adidas Cross It Pro EDT 2025"},"content":{"rendered":"<h2>Adidas Cross It Pro EDT 2025<\/h2>\n<p><strong>Caracter\u00edsticas:<\/strong><\/p>\n<p><i class=\"fa fa-check\"><\/i><strong>\u00a0<label class=\"label\">Nivel:<\/label><\/strong>\u00a0PRO<\/p>\n<p><i class=\"fa fa-check\"><\/i><strong>\u00a0<label class=\"label\">Tipo de juego:<\/label><\/strong>\u00a0Control<\/p>\n<p><i class=\"fa fa-check\"><\/i><strong>\u00a0<label class=\"label\">Forma:<\/label><\/strong>\u00a0Round<\/p>\n<p><i class=\"fa fa-check\"><\/i><strong>\u00a0<label class=\"label\">Balance:<\/label><\/strong>\u00a0Even<\/p>\n<p><i class=\"fa fa-check\"><\/i><strong>\u00a0<label class=\"label\">Peso:<\/label>\u00a0<\/strong>340-360gr<\/p>\n<p><i class=\"fa fa-check\"><\/i><strong>\u00a0<label class=\"label\">Superficie:<\/label><\/strong>\u00a0470 cm2<\/p>\n<p><i class=\"fa fa-check\"><\/i><strong>\u00a0<label class=\"label\">Longitud:<\/label><\/strong>\u00a0455 mm<\/p>\n<p><i class=\"fa fa-check\"><\/i><strong>\u00a0<label class=\"label\">Grosor:<\/label>\u00a0<\/strong>38 mm<\/p>\n<p><i class=\"fa fa-check\"><\/i><strong>\u00a0<label class=\"label\">Goma :<\/label>\u00a0<\/strong>Eva Soft Energy<\/p>\n<p><i class=\"fa fa-check\"><\/i><strong>\u00a0<label class=\"label\">Fibra:<\/label>\u00a0<\/strong>Carbon Aluminized 24k<\/p>\n<p><i class=\"fa fa-check\"><\/i><strong>\u00a0<label class=\"label\">Durabilidad:<\/label>\u00a0<\/strong>Structural Reinforcement<\/p>\n<p><i class=\"fa fa-check\"><\/i><strong>\u00a0<label class=\"label\">Efectos:<\/label><\/strong>\u00a0Spin Blade Mold<\/p>\n<p><i class=\"fa fa-check\"><\/i><strong>\u00a0<label class=\"label\">Punto dulce:<\/label><\/strong>\u00a0Center<\/p>\n<p><i class=\"fa fa-check\"><\/i><strong>\u00a0<label class=\"label\">Power 1:<\/label>\u00a0<\/strong>Dynamic Air Flow<\/p>\n<p><i class=\"fa fa-check\"><\/i><strong>\u00a0<label class=\"label\">Power 2:<\/label><\/strong>\u00a0EGP (Extra Power Grip)<\/p>\n","protected":false},"excerpt":{"rendered":"<p>La Adidas Cross It Pro EDT 2025, es el fruto de una colaboraci\u00f3n especial con Martita Ortega, una jugadora que representa a la nueva generaci\u00f3n del p\u00e1del: precisa, valiente y con una intuici\u00f3n incre\u00edble dentro de la pista. Esta pala est\u00e1 pensada para quienes no solo juegan, sino que brillan y marcan estilo cada vez que entran a la pista.<\/p>\n","protected":false},"featured_media":207514,"comment_status":"open","ping_status":"closed","template":"","meta":{"_joinchat":[]},"pwb-brand":[28],"product_brand":[],"product_cat":[1860,11351,1965],"product_tag":[9954,1968,6080,9623,6081,1905],"class_list":{"0":"post-230271","1":"product","2":"type-product","3":"status-publish","4":"has-post-thumbnail","6":"pwb-brand-adidas-padel","7":"product_cat-padel-rackets","8":"product_cat-paddle-paddle-2025","9":"product_cat-adidas-en","10":"product_tag-2025-en","11":"product_tag-adidas-en","12":"product_tag-cross-en","13":"product_tag-edt-en","14":"product_tag-it-en","15":"product_tag-pro-en","16":"pa_forma-round","17":"pa_marco-carbon-fiber","18":"pa_nivel-de-juego-advanced-professional-en-2","19":"pa_tipo-de-juego-control-en","21":"first","22":"instock","23":"sale","24":"taxable","25":"shipping-taxable","26":"purchasable","27":"product-type-simple"},"brands":[{"id":28,"name":"Adidas Padel","slug":"adidas-padel"}],"_links":{"self":[{"href":"https:\/\/tiendapadel5.com\/nl\/wp-json\/wp\/v2\/product\/230271","targetHints":{"allow":["GET"]}}],"collection":[{"href":"https:\/\/tiendapadel5.com\/nl\/wp-json\/wp\/v2\/product"}],"about":[{"href":"https:\/\/tiendapadel5.com\/nl\/wp-json\/wp\/v2\/types\/product"}],"replies":[{"embeddable":true,"href":"https:\/\/tiendapadel5.com\/nl\/wp-json\/wp\/v2\/comments?post=230271"}],"version-history":[{"count":1,"href":"https:\/\/tiendapadel5.com\/nl\/wp-json\/wp\/v2\/product\/230271\/revisions"}],"predecessor-version":[{"id":259776,"href":"https:\/\/tiendapadel5.com\/nl\/wp-json\/wp\/v2\/product\/230271\/revisions\/259776"}],"wp:featuredmedia":[{"embeddable":true,"href":"https:\/\/tiendapadel5.com\/nl\/wp-json\/wp\/v2\/media\/207514"}],"wp:attachment":[{"href":"https:\/\/tiendapadel5.com\/nl\/wp-json\/wp\/v2\/media?parent=230271"}],"wp:term":[{"taxonomy":"pwb-brand","embeddable":true,"href":"https:\/\/tiendapadel5.com\/nl\/wp-json\/wp\/v2\/pwb-brand?post=230271"},{"taxonomy":"product_brand","embeddable":true,"href":"https:\/\/tiendapadel5.com\/nl\/wp-json\/wp\/v2\/product_brand?post=230271"},{"taxonomy":"product_cat","embeddable":true,"href":"https:\/\/tiendapadel5.com\/nl\/wp-json\/wp\/v2\/product_cat?post=230271"},{"taxonomy":"product_tag","embeddable":true,"href":"https:\/\/tiendapadel5.com\/nl\/wp-json\/wp\/v2\/product_tag?post=230271"}],"curies":[{"name":"wp","href":"https:\/\/api.w.org\/{rel}","templated":true}]}}