{"id":228767,"date":"2025-11-20T11:29:08","date_gmt":"2025-11-20T10:29:08","guid":{"rendered":"https:\/\/tiendapadel5.com\/?post_type=product&#038;p=228767"},"modified":"2025-11-21T13:54:16","modified_gmt":"2025-11-21T12:54:16","slug":"varlion-lw-carbon-ti-2022","status":"publish","type":"product","link":"https:\/\/tiendapadel5.com\/nl\/varlion-lw-carbon-ti-2022\/","title":{"rendered":"Varlion LW Carbon TI 2022"},"content":{"rendered":"<h2>Varlion LW Carbon TI 2022<\/h2>\n<p><strong>Caracter\u00edsticas:<\/strong><\/p>\n<table class=\"table-data-sheet\">\n<tbody>\n<tr class=\"odd\">\n<td><strong><span dir=\"auto\">Peso<\/span><\/strong><\/td>\n<td><span dir=\"auto\">Desde 350 a 375 gr.<\/span><\/td>\n<\/tr>\n<tr class=\"even\">\n<td><strong><span dir=\"auto\">Forma<\/span><\/strong><\/td>\n<td><span dir=\"auto\">Redonda<\/span><\/td>\n<\/tr>\n<tr class=\"odd\">\n<td><strong><span dir=\"auto\">Tipo de juego<\/span><\/strong><\/td>\n<td><span dir=\"auto\">Principalmente control<\/span><\/td>\n<\/tr>\n<tr class=\"even\">\n<td><strong><span dir=\"auto\">Nivel<\/span><\/strong><\/td>\n<td><span dir=\"auto\">Avanzado<\/span><\/td>\n<\/tr>\n<tr class=\"odd\">\n<td><strong><span dir=\"auto\">Gama<\/span><\/strong><\/td>\n<td><span dir=\"auto\">Avanzado<\/span><\/td>\n<\/tr>\n<tr class=\"even\">\n<td><strong><span dir=\"auto\">Balance<\/span><\/strong><\/td>\n<td><span dir=\"auto\">Bajo<\/span><\/td>\n<\/tr>\n<tr class=\"odd\">\n<td><strong><span dir=\"auto\">Tipo de n\u00facleo (goma)<\/span><\/strong><\/td>\n<td><span dir=\"auto\">Tacto medio<\/span><\/td>\n<\/tr>\n<tr class=\"even\">\n<td><strong><span dir=\"auto\">Material<\/span><\/strong><\/td>\n<td><span dir=\"auto\">Fibra de vidrio<\/span><\/td>\n<\/tr>\n<tr class=\"odd\">\n<td><strong><span dir=\"auto\">Presa<\/span><\/strong><\/td>\n<td><span dir=\"auto\">12 cm<\/span><\/td>\n<\/tr>\n<tr class=\"even\">\n<td><strong><span dir=\"auto\">Marco<\/span><\/strong><\/td>\n<td><span dir=\"auto\">Marco Hexagonal<\/span><\/td>\n<\/tr>\n<tr class=\"odd\">\n<td><strong><span dir=\"auto\">Construcci\u00f3n del coraz\u00f3n<\/span><\/strong><\/td>\n<td><span dir=\"auto\">Con coraz\u00f3n<\/span><\/td>\n<\/tr>\n<tr class=\"even\">\n<td><strong><span dir=\"auto\">Textura hexagonal<\/span><\/strong><\/td>\n<td><span dir=\"auto\">S\u00ed, textura SLICE pero con relieve suave (pegatina en 3D)<\/span><\/td>\n<\/tr>\n<tr class=\"odd\">\n<td><strong><span dir=\"auto\">Protector autoadhesivo<\/span><\/strong><\/td>\n<td><span dir=\"auto\">Si<\/span><\/td>\n<\/tr>\n<tr class=\"even\">\n<td><strong><span dir=\"auto\">Funda<\/span><\/strong><\/td>\n<td><span dir=\"auto\">S\u00ed, incluye funda Begins<\/span><\/td>\n<\/tr>\n<tr class=\"odd\">\n<td><strong><span dir=\"auto\">Colecci\u00f3n<\/span><\/strong><\/td>\n<td><span dir=\"auto\">2022\/23<\/span><\/td>\n<\/tr>\n<\/tbody>\n<\/table>\n","protected":false},"excerpt":{"rendered":"<p>La Varlion LW Carbon TI 2022, dise\u00f1ado con forma redonda que est\u00e1 pensada para darte m\u00e1s control que potencia. Est\u00e1 hecha con un marco tubular de carbono en dos direcciones. En el interior lleva goma EVA Hypersoft de dureza media (38 mm) y varias capas de fibra de vidrio y carbono, todo impregnado con la resina epoxi VAR-FLEX de Varlion para conseguir m\u00e1s elasticidad y resistencia. Adem\u00e1s, est\u00e1 rematada con una capa de di\u00f3xido de titanio que la hace a\u00fan m\u00e1s duradera.<\/p>\n","protected":false},"featured_media":228785,"comment_status":"open","ping_status":"closed","template":"","meta":{"_joinchat":[]},"pwb-brand":[11305],"product_brand":[],"product_cat":[19,4373,11306],"product_tag":[1144,582,11301,11302,11300],"class_list":{"0":"post-228767","1":"product","2":"type-product","3":"status-publish","4":"has-post-thumbnail","6":"pwb-brand-varlion","7":"product_cat-palas-padel","8":"product_cat-palas-padel-2022","9":"product_cat-varlion","10":"product_tag-1144","11":"product_tag-carbon","12":"product_tag-lw","13":"product_tag-ti","14":"product_tag-varlion","15":"pa_forma-redonda","16":"pa_marco-fibra-de-carbono","17":"pa_nivel-de-juego-avanzado-profesional","18":"pa_tipo-de-juego-control","20":"first","21":"instock","22":"sale","23":"taxable","24":"shipping-taxable","25":"purchasable","26":"product-type-simple"},"brands":[{"id":11305,"name":"Varlion","slug":"varlion"}],"_links":{"self":[{"href":"https:\/\/tiendapadel5.com\/nl\/wp-json\/wp\/v2\/product\/228767","targetHints":{"allow":["GET"]}}],"collection":[{"href":"https:\/\/tiendapadel5.com\/nl\/wp-json\/wp\/v2\/product"}],"about":[{"href":"https:\/\/tiendapadel5.com\/nl\/wp-json\/wp\/v2\/types\/product"}],"replies":[{"embeddable":true,"href":"https:\/\/tiendapadel5.com\/nl\/wp-json\/wp\/v2\/comments?post=228767"}],"version-history":[{"count":0,"href":"https:\/\/tiendapadel5.com\/nl\/wp-json\/wp\/v2\/product\/228767\/revisions"}],"wp:featuredmedia":[{"embeddable":true,"href":"https:\/\/tiendapadel5.com\/nl\/wp-json\/wp\/v2\/media\/228785"}],"wp:attachment":[{"href":"https:\/\/tiendapadel5.com\/nl\/wp-json\/wp\/v2\/media?parent=228767"}],"wp:term":[{"taxonomy":"pwb-brand","embeddable":true,"href":"https:\/\/tiendapadel5.com\/nl\/wp-json\/wp\/v2\/pwb-brand?post=228767"},{"taxonomy":"product_brand","embeddable":true,"href":"https:\/\/tiendapadel5.com\/nl\/wp-json\/wp\/v2\/product_brand?post=228767"},{"taxonomy":"product_cat","embeddable":true,"href":"https:\/\/tiendapadel5.com\/nl\/wp-json\/wp\/v2\/product_cat?post=228767"},{"taxonomy":"product_tag","embeddable":true,"href":"https:\/\/tiendapadel5.com\/nl\/wp-json\/wp\/v2\/product_tag?post=228767"}],"curies":[{"name":"wp","href":"https:\/\/api.w.org\/{rel}","templated":true}]}}