{"id":227964,"date":"2025-11-17T17:35:54","date_gmt":"2025-11-17T16:35:54","guid":{"rendered":"https:\/\/tiendapadel5.com\/?post_type=product&#038;p=227964"},"modified":"2026-04-06T14:36:52","modified_gmt":"2026-04-06T12:36:52","slug":"varlion-bourne-carbon-3-2023","status":"publish","type":"product","link":"https:\/\/tiendapadel5.com\/nl\/varlion-bourne-carbon-3-2023\/","title":{"rendered":"Varlion Bourne Carbon 3 2023"},"content":{"rendered":"<h2>Varlion Bourne Carbon 3 2023<\/h2>\n<p><strong>Caracter\u00edsticas:<\/strong><\/p>\n<p><strong>Forma:<\/strong> L\u00e1grima (diamante h\u00edbrido)<br \/>\n<strong>Tipo de juego:<\/strong> Potencia ofensiva con buen control<br \/>\n<strong>Balance:<\/strong> Medio-alto<br \/>\n<strong>Marco:<\/strong> Prisma con protector adhesivo<br \/>\n<strong>Textura del plano:<\/strong> SLICE en relieve suave<br \/>\n<strong>Materiales:<\/strong> Fibra de carbono 3K y fibra de vidrio<br \/>\n<strong>N\u00facleo:<\/strong> Goma EVA Hypersoft 38 mm<\/p>\n","protected":false},"excerpt":{"rendered":"<p>La Varlion Bourne Carbon 3 2023, es una pala profesional pensada para quienes quieren el combo perfecto: mucha potencia, precisi\u00f3n total y una aerodin\u00e1mica que vuela. Con un dise\u00f1o s\u00faper innovador y tecnolog\u00edas propias, esta pala en forma de l\u00e1grima te pone un paso por delante en el juego ofensivo, para que mandes en la pista con velocidad, efecto y mucha autoridad.<\/p>\n","protected":false},"featured_media":227990,"comment_status":"open","ping_status":"closed","template":"","meta":{"_joinchat":[]},"pwb-brand":[11305],"product_brand":[],"product_cat":[19,4375,11306],"product_tag":[1384,493,11313,582,11300],"class_list":{"0":"post-227964","1":"product","2":"type-product","3":"status-publish","4":"has-post-thumbnail","6":"pwb-brand-varlion","7":"product_cat-palas-padel","8":"product_cat-palas-padel-2023","9":"product_cat-varlion","10":"product_tag-1384","11":"product_tag-493","12":"product_tag-bourne","13":"product_tag-carbon","14":"product_tag-varlion","15":"pa_forma-diamante","16":"pa_marco-fibra-de-carbono","17":"pa_nivel-de-juego-avanzado-profesional","18":"pa_tipo-de-juego-polivalente","20":"first","21":"instock","22":"sale","23":"taxable","24":"shipping-taxable","25":"purchasable","26":"product-type-simple"},"brands":[{"id":11305,"name":"Varlion","slug":"varlion"}],"_links":{"self":[{"href":"https:\/\/tiendapadel5.com\/nl\/wp-json\/wp\/v2\/product\/227964","targetHints":{"allow":["GET"]}}],"collection":[{"href":"https:\/\/tiendapadel5.com\/nl\/wp-json\/wp\/v2\/product"}],"about":[{"href":"https:\/\/tiendapadel5.com\/nl\/wp-json\/wp\/v2\/types\/product"}],"replies":[{"embeddable":true,"href":"https:\/\/tiendapadel5.com\/nl\/wp-json\/wp\/v2\/comments?post=227964"}],"version-history":[{"count":0,"href":"https:\/\/tiendapadel5.com\/nl\/wp-json\/wp\/v2\/product\/227964\/revisions"}],"wp:featuredmedia":[{"embeddable":true,"href":"https:\/\/tiendapadel5.com\/nl\/wp-json\/wp\/v2\/media\/227990"}],"wp:attachment":[{"href":"https:\/\/tiendapadel5.com\/nl\/wp-json\/wp\/v2\/media?parent=227964"}],"wp:term":[{"taxonomy":"pwb-brand","embeddable":true,"href":"https:\/\/tiendapadel5.com\/nl\/wp-json\/wp\/v2\/pwb-brand?post=227964"},{"taxonomy":"product_brand","embeddable":true,"href":"https:\/\/tiendapadel5.com\/nl\/wp-json\/wp\/v2\/product_brand?post=227964"},{"taxonomy":"product_cat","embeddable":true,"href":"https:\/\/tiendapadel5.com\/nl\/wp-json\/wp\/v2\/product_cat?post=227964"},{"taxonomy":"product_tag","embeddable":true,"href":"https:\/\/tiendapadel5.com\/nl\/wp-json\/wp\/v2\/product_tag?post=227964"}],"curies":[{"name":"wp","href":"https:\/\/api.w.org\/{rel}","templated":true}]}}