{"id":225964,"date":"2025-11-06T00:20:28","date_gmt":"2025-11-05T23:20:28","guid":{"rendered":"https:\/\/tiendapadel5.com\/?post_type=product&#038;p=225964"},"modified":"2025-12-02T13:04:07","modified_gmt":"2025-12-02T12:04:07","slug":"gorra-starvie-urban-black","status":"publish","type":"product","link":"https:\/\/tiendapadel5.com\/nl\/gorra-starvie-urban-black\/","title":{"rendered":"Gorra Starvie Urban Black"},"content":{"rendered":"<h2>Gorra Starvie Urban Black<\/h2>\n<p><strong>Caracter\u00edsticas:<\/strong><\/p>\n<ul>\n<li>Presenta cinta regulable para una ajuste perfecto.<\/li>\n<li>Combina materiales ligeros y resistentes para mayor comodidad.<\/li>\n<li>Dise\u00f1o de color negro, logotipo blanco y detalles rojos.<\/li>\n<li>Ofrece un campo de visi\u00f3n despejado.<\/li>\n<li>Unisex.<\/li>\n<\/ul>\n","protected":false},"excerpt":{"rendered":"<p>La Gorra Starvie Urban Black, e<span style=\"font-size: 14.4px;\">s perfecta tanto para tus partidos como para el d\u00eda a d\u00eda. Su dise\u00f1o en negro le da un toque moderno y f\u00e1cil de combinar con cualquier outfit. Est\u00e1 hecha con materiales transpirables que mantienen la cabeza fresca y tiene un cierre ajustable detr\u00e1s para que se adapte c\u00f3modamente a ti.<\/span><\/p>\n<article class=\"text-token-text-primary w-full focus:outline-none [--shadow-height:45px] has-data-writing-block:pointer-events-none has-data-writing-block:-mt-(--shadow-height) has-data-writing-block:pt-(--shadow-height) [&amp;:has([data-writing-block])&gt;*]:pointer-events-auto [content-visibility:auto] supports-[content-visibility:auto]:[contain-intrinsic-size:auto_100lvh] scroll-mt-[calc(var(--header-height)+min(200px,max(70px,20svh)))]\" dir=\"auto\" tabindex=\"-1\" data-turn-id=\"request-68b8069b-7024-8332-b1cc-ea172a9f4ebb-0\" data-testid=\"conversation-turn-216\" data-scroll-anchor=\"true\" data-turn=\"assistant\">\n<div class=\"text-base my-auto mx-auto pb-10 [--thread-content-margin:--spacing(4)] thread-sm:[--thread-content-margin:--spacing(6)] thread-lg:[--thread-content-margin:--spacing(16)] px-(--thread-content-margin)\">\n<div class=\"[--thread-content-max-width:40rem] thread-lg:[--thread-content-max-width:48rem] mx-auto max-w-(--thread-content-max-width) flex-1 group\/turn-messages focus-visible:outline-hidden relative flex w-full min-w-0 flex-col agent-turn\" tabindex=\"-1\">\n<div class=\"z-0 flex min-h-[46px] justify-start\"><\/div>\n<div class=\"mt-3 w-full empty:hidden\">\n<div class=\"text-center\"><\/div>\n<\/div>\n<\/div>\n<\/div>\n<\/article>\n<div class=\"pointer-events-none h-px w-px\" aria-hidden=\"true\" data-edge=\"true\"><\/div>\n","protected":false},"featured_media":225986,"comment_status":"open","ping_status":"closed","template":"","meta":{"_joinchat":[]},"pwb-brand":[35],"product_brand":[],"product_cat":[23,424,4404],"product_tag":[203,396,167,6526],"class_list":{"0":"post-225964","1":"product","2":"type-product","3":"status-publish","4":"has-post-thumbnail","6":"pwb-brand-starvie","7":"product_cat-accesorios-de-padel","8":"product_cat-complementos-starvie","9":"product_cat-gorras","10":"product_tag-black","11":"product_tag-gorra","12":"product_tag-starvie","13":"product_tag-urban","15":"first","16":"instock","17":"sale","18":"taxable","19":"shipping-taxable","20":"purchasable","21":"product-type-simple"},"brands":[{"id":35,"name":"Starvie","slug":"starvie"}],"_links":{"self":[{"href":"https:\/\/tiendapadel5.com\/nl\/wp-json\/wp\/v2\/product\/225964","targetHints":{"allow":["GET"]}}],"collection":[{"href":"https:\/\/tiendapadel5.com\/nl\/wp-json\/wp\/v2\/product"}],"about":[{"href":"https:\/\/tiendapadel5.com\/nl\/wp-json\/wp\/v2\/types\/product"}],"replies":[{"embeddable":true,"href":"https:\/\/tiendapadel5.com\/nl\/wp-json\/wp\/v2\/comments?post=225964"}],"version-history":[{"count":0,"href":"https:\/\/tiendapadel5.com\/nl\/wp-json\/wp\/v2\/product\/225964\/revisions"}],"wp:featuredmedia":[{"embeddable":true,"href":"https:\/\/tiendapadel5.com\/nl\/wp-json\/wp\/v2\/media\/225986"}],"wp:attachment":[{"href":"https:\/\/tiendapadel5.com\/nl\/wp-json\/wp\/v2\/media?parent=225964"}],"wp:term":[{"taxonomy":"pwb-brand","embeddable":true,"href":"https:\/\/tiendapadel5.com\/nl\/wp-json\/wp\/v2\/pwb-brand?post=225964"},{"taxonomy":"product_brand","embeddable":true,"href":"https:\/\/tiendapadel5.com\/nl\/wp-json\/wp\/v2\/product_brand?post=225964"},{"taxonomy":"product_cat","embeddable":true,"href":"https:\/\/tiendapadel5.com\/nl\/wp-json\/wp\/v2\/product_cat?post=225964"},{"taxonomy":"product_tag","embeddable":true,"href":"https:\/\/tiendapadel5.com\/nl\/wp-json\/wp\/v2\/product_tag?post=225964"}],"curies":[{"name":"wp","href":"https:\/\/api.w.org\/{rel}","templated":true}]}}