{"id":223273,"date":"2025-10-15T10:29:32","date_gmt":"2025-10-15T08:29:32","guid":{"rendered":"https:\/\/tiendapadel5.com\/?post_type=product&#038;p=223273"},"modified":"2026-02-02T17:29:59","modified_gmt":"2026-02-02T16:29:59","slug":"siux-diablo-go-4-2025","status":"publish","type":"product","link":"https:\/\/tiendapadel5.com\/nl\/siux-diablo-go-4-2025\/","title":{"rendered":"Siux Diablo Go 4 2025"},"content":{"rendered":"<h2>Siux Diablo Go 4 2025<\/h2>\n<p><strong>Caracter\u00edsticas:<\/strong><\/p>\n<ul>\n<li><strong>Clase:<\/strong>\u00a0RACKET<\/li>\n<li><strong>Nivel de juego:<\/strong>\u00a0INTERMEDIO<\/li>\n<li><strong>Tipo de juego:<\/strong>\u00a0POLIVALENTE, CONTROL<\/li>\n<li><strong>Balance de pala:<\/strong>\u00a0MEDIO<\/li>\n<li><strong>Acabado de pala:<\/strong>\u00a0BRILLO<\/li>\n<li><strong>Forma de pala:<\/strong>\u00a0HIBRIDO<\/li>\n<li><strong>Superficie de pala:<\/strong>\u00a03K ALUMESH<\/li>\n<li><strong>Tacto de pala:<\/strong>\u00a0MEDIO<\/li>\n<li><strong>Gama:<\/strong>\u00a0GO<\/li>\n<li><strong>Temporada:<\/strong>\u00a0SS25<\/li>\n<\/ul>\n","protected":false},"excerpt":{"rendered":"<p>La Siux Diablo Go 4 2025, es una pala de p\u00e1del pensada para jugadores de nivel intermedio que quieren una opci\u00f3n vers\u00e1til, capaz de rendir tanto desde el fondo de la pista como en los puntos cerca de la red.<\/p>\n","protected":false},"featured_media":223296,"comment_status":"open","ping_status":"closed","template":"","meta":{"_joinchat":[]},"pwb-brand":[2224],"product_brand":[],"product_cat":[1860,11351,2691],"product_tag":[9954,7757,9492,11262,9490],"class_list":{"0":"post-223273","1":"product","2":"type-product","3":"status-publish","4":"has-post-thumbnail","6":"pwb-brand-siux","7":"product_cat-padel-rackets","8":"product_cat-paddle-paddle-2025","9":"product_cat-siux-en","10":"product_tag-2025-en","11":"product_tag-4-en","12":"product_tag-devil-en","13":"product_tag-go","14":"product_tag-siux-en","15":"pa_forma-round","16":"pa_marco-carbon-fiber","17":"pa_nivel-de-juego-intermediate","18":"pa_tipo-de-juego-multipurpose","20":"first","21":"instock","22":"sale","23":"taxable","24":"shipping-taxable","25":"purchasable","26":"product-type-simple"},"brands":[{"id":2224,"name":"Siux","slug":"siux"}],"_links":{"self":[{"href":"https:\/\/tiendapadel5.com\/nl\/wp-json\/wp\/v2\/product\/223273","targetHints":{"allow":["GET"]}}],"collection":[{"href":"https:\/\/tiendapadel5.com\/nl\/wp-json\/wp\/v2\/product"}],"about":[{"href":"https:\/\/tiendapadel5.com\/nl\/wp-json\/wp\/v2\/types\/product"}],"replies":[{"embeddable":true,"href":"https:\/\/tiendapadel5.com\/nl\/wp-json\/wp\/v2\/comments?post=223273"}],"version-history":[{"count":0,"href":"https:\/\/tiendapadel5.com\/nl\/wp-json\/wp\/v2\/product\/223273\/revisions"}],"wp:featuredmedia":[{"embeddable":true,"href":"https:\/\/tiendapadel5.com\/nl\/wp-json\/wp\/v2\/media\/223296"}],"wp:attachment":[{"href":"https:\/\/tiendapadel5.com\/nl\/wp-json\/wp\/v2\/media?parent=223273"}],"wp:term":[{"taxonomy":"pwb-brand","embeddable":true,"href":"https:\/\/tiendapadel5.com\/nl\/wp-json\/wp\/v2\/pwb-brand?post=223273"},{"taxonomy":"product_brand","embeddable":true,"href":"https:\/\/tiendapadel5.com\/nl\/wp-json\/wp\/v2\/product_brand?post=223273"},{"taxonomy":"product_cat","embeddable":true,"href":"https:\/\/tiendapadel5.com\/nl\/wp-json\/wp\/v2\/product_cat?post=223273"},{"taxonomy":"product_tag","embeddable":true,"href":"https:\/\/tiendapadel5.com\/nl\/wp-json\/wp\/v2\/product_tag?post=223273"}],"curies":[{"name":"wp","href":"https:\/\/api.w.org\/{rel}","templated":true}]}}