{"id":221618,"date":"2025-10-03T13:00:09","date_gmt":"2025-10-03T11:00:09","guid":{"rendered":"https:\/\/tiendapadel5.com\/?post_type=product&#038;p=221618"},"modified":"2026-04-28T11:03:44","modified_gmt":"2026-04-28T09:03:44","slug":"starvie-nyra-2026","status":"publish","type":"product","link":"https:\/\/tiendapadel5.com\/nl\/starvie-nyra-2026\/","title":{"rendered":"Starvie Nyra 2026"},"content":{"rendered":"<h2>Starvie Nyra 2026<\/h2>\n<p><strong>Caracter\u00edsticas:<\/strong><\/p>\n<table class=\"product-features-table\">\n<tbody>\n<tr>\n<td>Forma<\/td>\n<td>Redonda<\/td>\n<\/tr>\n<tr>\n<td>Plano<\/td>\n<td>X GLASS TECH<\/td>\n<\/tr>\n<tr>\n<td>Goma<\/td>\n<td>S-EVA FLEX<\/td>\n<\/tr>\n<tr>\n<td>Perfil<\/td>\n<td>38mm<\/td>\n<\/tr>\n<tr>\n<td>Peso<\/td>\n<td>340-355 g<\/td>\n<\/tr>\n<tr>\n<td>Balance<\/td>\n<td>Bajo<\/td>\n<\/tr>\n<\/tbody>\n<\/table>\n","protected":false},"excerpt":{"rendered":"<p>La Pala Starvie Nyra 2026, esta dise\u00f1ada con un formato redondo con balance bajo y un peso de 340\u2013355 g, pensado para quienes buscan m\u00e1xima manejabilidad. Fabricado con fibra X-Glass Tech y goma S-Eva Flex de densidad blanda, ofrece una sensaci\u00f3n de juego ligera, suave y muy c\u00f3moda, ideal para dar los primeros pasos en el p\u00e1del con confianza y seguridad.<\/p>\n","protected":false},"featured_media":221641,"comment_status":"open","ping_status":"closed","template":"","meta":{"_joinchat":[]},"pwb-brand":[35],"product_brand":[],"product_cat":[19,11134,413],"product_tag":[11132,11241,167],"class_list":{"0":"post-221618","1":"product","2":"type-product","3":"status-publish","4":"has-post-thumbnail","6":"pwb-brand-starvie","7":"product_cat-palas-padel","8":"product_cat-11134","9":"product_cat-starvie","10":"product_tag-11132","11":"product_tag-nyra","12":"product_tag-starvie","13":"pa_forma-redonda","14":"pa_marco-fibra-de-vidrio","15":"pa_nivel-de-juego-iniciacion","16":"pa_tipo-de-juego-polivalente","18":"first","19":"instock","20":"sale","21":"taxable","22":"shipping-taxable","23":"purchasable","24":"product-type-simple"},"brands":[{"id":35,"name":"Starvie","slug":"starvie"}],"_links":{"self":[{"href":"https:\/\/tiendapadel5.com\/nl\/wp-json\/wp\/v2\/product\/221618","targetHints":{"allow":["GET"]}}],"collection":[{"href":"https:\/\/tiendapadel5.com\/nl\/wp-json\/wp\/v2\/product"}],"about":[{"href":"https:\/\/tiendapadel5.com\/nl\/wp-json\/wp\/v2\/types\/product"}],"replies":[{"embeddable":true,"href":"https:\/\/tiendapadel5.com\/nl\/wp-json\/wp\/v2\/comments?post=221618"}],"version-history":[{"count":1,"href":"https:\/\/tiendapadel5.com\/nl\/wp-json\/wp\/v2\/product\/221618\/revisions"}],"predecessor-version":[{"id":254741,"href":"https:\/\/tiendapadel5.com\/nl\/wp-json\/wp\/v2\/product\/221618\/revisions\/254741"}],"wp:featuredmedia":[{"embeddable":true,"href":"https:\/\/tiendapadel5.com\/nl\/wp-json\/wp\/v2\/media\/221641"}],"wp:attachment":[{"href":"https:\/\/tiendapadel5.com\/nl\/wp-json\/wp\/v2\/media?parent=221618"}],"wp:term":[{"taxonomy":"pwb-brand","embeddable":true,"href":"https:\/\/tiendapadel5.com\/nl\/wp-json\/wp\/v2\/pwb-brand?post=221618"},{"taxonomy":"product_brand","embeddable":true,"href":"https:\/\/tiendapadel5.com\/nl\/wp-json\/wp\/v2\/product_brand?post=221618"},{"taxonomy":"product_cat","embeddable":true,"href":"https:\/\/tiendapadel5.com\/nl\/wp-json\/wp\/v2\/product_cat?post=221618"},{"taxonomy":"product_tag","embeddable":true,"href":"https:\/\/tiendapadel5.com\/nl\/wp-json\/wp\/v2\/product_tag?post=221618"}],"curies":[{"name":"wp","href":"https:\/\/api.w.org\/{rel}","templated":true}]}}