{"id":220737,"date":"2025-09-26T18:50:44","date_gmt":"2025-09-26T16:50:44","guid":{"rendered":"https:\/\/tiendapadel5.com\/?post_type=product&#038;p=220737"},"modified":"2026-04-28T16:47:42","modified_gmt":"2026-04-28T14:47:42","slug":"nox-equation-soft-advanced-2026","status":"publish","type":"product","link":"https:\/\/tiendapadel5.com\/nl\/nox-equation-soft-advanced-2026\/","title":{"rendered":"Nox Equation Soft Advanced 2026"},"content":{"rendered":"<h2>Nox Equation Soft Advanced 2026<\/h2>\n<p><strong>Caracter\u00edsticas:<\/strong><\/p>\n<ul>\n<li><strong>PESO:\u00a0<\/strong>360 &#8211; 375g<\/li>\n<li><strong>ANCHO:\u00a0<\/strong>38 mm<\/li>\n<li><strong>MARCO:\u00a0<\/strong>Carbono<\/li>\n<li><strong>NUCLEO:\u00a0<\/strong>HR3 SOFT EVA<\/li>\n<li><strong>CARA:\u00a0<\/strong>Fiber Glass 3K<\/li>\n<li><strong>SUPERFICIE:\u00a0<\/strong>Exclusive Spin<\/li>\n<li><strong>FORMA:\u00a0<\/strong>Redonda<\/li>\n<\/ul>\n","protected":false},"excerpt":{"rendered":"<p>La Pala Nox Equation Soft Advanced 2026, ofrece un tacto m\u00e1s suave gracias a su n\u00facleo especial, ideal para quienes buscan m\u00e1s salida de bola y un golpeo c\u00f3modo, sobre todo en partidos largos o muy intensos.<\/p>\n<p>&nbsp;<\/p>\n","protected":false},"featured_media":220759,"comment_status":"open","ping_status":"closed","template":"","meta":{"_joinchat":[]},"pwb-brand":[34],"product_brand":[],"product_cat":[19,11134,412],"product_tag":[11132,1833,1156,130,914],"class_list":{"0":"post-220737","1":"product","2":"type-product","3":"status-publish","4":"has-post-thumbnail","6":"pwb-brand-nox","7":"product_cat-palas-padel","8":"product_cat-11134","9":"product_cat-nox","10":"product_tag-11132","11":"product_tag-advanced","12":"product_tag-equation","13":"product_tag-nox","14":"product_tag-soft","15":"pa_forma-redonda","16":"pa_marco-fibra-de-carbono","17":"pa_nivel-de-juego-intermedio","18":"pa_tipo-de-juego-control","20":"first","21":"instock","22":"sale","23":"taxable","24":"shipping-taxable","25":"purchasable","26":"product-type-simple"},"brands":[{"id":34,"name":"Nox","slug":"nox"}],"_links":{"self":[{"href":"https:\/\/tiendapadel5.com\/nl\/wp-json\/wp\/v2\/product\/220737","targetHints":{"allow":["GET"]}}],"collection":[{"href":"https:\/\/tiendapadel5.com\/nl\/wp-json\/wp\/v2\/product"}],"about":[{"href":"https:\/\/tiendapadel5.com\/nl\/wp-json\/wp\/v2\/types\/product"}],"replies":[{"embeddable":true,"href":"https:\/\/tiendapadel5.com\/nl\/wp-json\/wp\/v2\/comments?post=220737"}],"version-history":[{"count":1,"href":"https:\/\/tiendapadel5.com\/nl\/wp-json\/wp\/v2\/product\/220737\/revisions"}],"predecessor-version":[{"id":244150,"href":"https:\/\/tiendapadel5.com\/nl\/wp-json\/wp\/v2\/product\/220737\/revisions\/244150"}],"wp:featuredmedia":[{"embeddable":true,"href":"https:\/\/tiendapadel5.com\/nl\/wp-json\/wp\/v2\/media\/220759"}],"wp:attachment":[{"href":"https:\/\/tiendapadel5.com\/nl\/wp-json\/wp\/v2\/media?parent=220737"}],"wp:term":[{"taxonomy":"pwb-brand","embeddable":true,"href":"https:\/\/tiendapadel5.com\/nl\/wp-json\/wp\/v2\/pwb-brand?post=220737"},{"taxonomy":"product_brand","embeddable":true,"href":"https:\/\/tiendapadel5.com\/nl\/wp-json\/wp\/v2\/product_brand?post=220737"},{"taxonomy":"product_cat","embeddable":true,"href":"https:\/\/tiendapadel5.com\/nl\/wp-json\/wp\/v2\/product_cat?post=220737"},{"taxonomy":"product_tag","embeddable":true,"href":"https:\/\/tiendapadel5.com\/nl\/wp-json\/wp\/v2\/product_tag?post=220737"}],"curies":[{"name":"wp","href":"https:\/\/api.w.org\/{rel}","templated":true}]}}