{"id":220312,"date":"2025-09-26T01:30:35","date_gmt":"2025-09-25T23:30:35","guid":{"rendered":"https:\/\/tiendapadel5.com\/?post_type=product&#038;p=220312"},"modified":"2026-03-15T10:50:02","modified_gmt":"2026-03-15T09:50:02","slug":"falda-bb-basica-blue","status":"publish","type":"product","link":"https:\/\/tiendapadel5.com\/nl\/falda-bb-basica-blue\/","title":{"rendered":"Falda BB Basica Blue"},"content":{"rendered":"<h2>Falda BB Basica Blue<\/h2>\n<p><strong>Caracter\u00edsticas:<\/strong><\/p>\n<p><strong>Composici\u00f3n:<\/strong>\u00a075% Nylon \/ 25% Spandex<\/p>\n<p><strong>Color:<\/strong> Azul<\/p>\n","protected":false},"excerpt":{"rendered":"<p>La Falda BB Basica Blue, destaca por su comodidad total y es ideal para jugar tenis, p\u00e1del o cualquier deporte de raqueta. Confeccionada en tejido t\u00e9cnico de alta calidad, ligero, transpirable y el\u00e1stico, se adapta a todos tus movimientos en la pista.<\/p>\n","protected":false},"featured_media":220320,"comment_status":"open","ping_status":"closed","template":"","meta":{"_joinchat":[]},"pwb-brand":[4392],"product_brand":[],"product_cat":[21,96,11234,47],"product_tag":[11222,11050,530,506],"class_list":{"0":"post-220312","1":"product","2":"type-product","3":"status-publish","4":"has-post-thumbnail","6":"pwb-brand-belen-berbel","7":"product_cat-ropa-padel","8":"product_cat-faldas","9":"product_cat-ropa-belen-berbel","10":"product_cat-mujer","11":"product_tag-basica","12":"product_tag-bb","13":"product_tag-blue","14":"product_tag-falda","15":"pa_talla-m","17":"first","18":"instock","19":"sale","20":"taxable","21":"shipping-taxable","22":"purchasable","23":"product-type-variable"},"brands":[{"id":4392,"name":"Bel\u00e9n Berbel","slug":"belen-berbel"}],"_links":{"self":[{"href":"https:\/\/tiendapadel5.com\/nl\/wp-json\/wp\/v2\/product\/220312","targetHints":{"allow":["GET"]}}],"collection":[{"href":"https:\/\/tiendapadel5.com\/nl\/wp-json\/wp\/v2\/product"}],"about":[{"href":"https:\/\/tiendapadel5.com\/nl\/wp-json\/wp\/v2\/types\/product"}],"replies":[{"embeddable":true,"href":"https:\/\/tiendapadel5.com\/nl\/wp-json\/wp\/v2\/comments?post=220312"}],"version-history":[{"count":0,"href":"https:\/\/tiendapadel5.com\/nl\/wp-json\/wp\/v2\/product\/220312\/revisions"}],"wp:featuredmedia":[{"embeddable":true,"href":"https:\/\/tiendapadel5.com\/nl\/wp-json\/wp\/v2\/media\/220320"}],"wp:attachment":[{"href":"https:\/\/tiendapadel5.com\/nl\/wp-json\/wp\/v2\/media?parent=220312"}],"wp:term":[{"taxonomy":"pwb-brand","embeddable":true,"href":"https:\/\/tiendapadel5.com\/nl\/wp-json\/wp\/v2\/pwb-brand?post=220312"},{"taxonomy":"product_brand","embeddable":true,"href":"https:\/\/tiendapadel5.com\/nl\/wp-json\/wp\/v2\/product_brand?post=220312"},{"taxonomy":"product_cat","embeddable":true,"href":"https:\/\/tiendapadel5.com\/nl\/wp-json\/wp\/v2\/product_cat?post=220312"},{"taxonomy":"product_tag","embeddable":true,"href":"https:\/\/tiendapadel5.com\/nl\/wp-json\/wp\/v2\/product_tag?post=220312"}],"curies":[{"name":"wp","href":"https:\/\/api.w.org\/{rel}","templated":true}]}}