{"id":220226,"date":"2025-09-25T19:57:46","date_gmt":"2025-09-25T17:57:46","guid":{"rendered":"https:\/\/tiendapadel5.com\/?post_type=product&#038;p=220226"},"modified":"2026-04-09T18:47:47","modified_gmt":"2026-04-09T16:47:47","slug":"camiseta-bb-kyoto-red","status":"publish","type":"product","link":"https:\/\/tiendapadel5.com\/nl\/camiseta-bb-kyoto-red\/","title":{"rendered":"Camiseta BB Kyoto Red"},"content":{"rendered":"<h2>Camiseta BB Kyoto Red<\/h2>\n<p><strong>Caracter\u00edsticas:<\/strong><\/p>\n<ul>\n<li><strong>Composici\u00f3n:<\/strong> 75% Nylon 25% Spandex &#8211; 95% Poliamida 5% Spandex<\/li>\n<li><strong>Color:<\/strong> Rojo &#8211; Blanco &#8211; Azul<\/li>\n<\/ul>\n","protected":false},"excerpt":{"rendered":"<p>La Camiseta BB Kyoto Red, sin mangas y de escote cerrado es s\u00faper vers\u00e1til y est\u00e1 pensada para que juegues al m\u00e1ximo en p\u00e1del, tenis o pickleball. Hecha con poliamida de gran calidad, te da la mezcla perfecta de comodidad, frescura y resistencia para rendir al 100% en la pista.<\/p>\n","protected":false},"featured_media":220234,"comment_status":"open","ping_status":"closed","template":"","meta":{"_joinchat":[]},"pwb-brand":[4392],"product_brand":[],"product_cat":[21,5903,11234,47],"product_tag":[11050,83,11220,534],"class_list":{"0":"post-220226","1":"product","2":"type-product","3":"status-publish","4":"has-post-thumbnail","6":"pwb-brand-belen-berbel","7":"product_cat-ropa-padel","8":"product_cat-camisetass","9":"product_cat-ropa-belen-berbel","10":"product_cat-mujer","11":"product_tag-bb","12":"product_tag-camiseta","13":"product_tag-kyoto","14":"product_tag-red","15":"pa_talla-2xl","16":"pa_talla-l","17":"pa_talla-m","18":"pa_talla-s","19":"pa_talla-xl","21":"first","22":"instock","23":"sale","24":"taxable","25":"shipping-taxable","26":"purchasable","27":"product-type-variable"},"brands":[{"id":4392,"name":"Bel\u00e9n Berbel","slug":"belen-berbel"}],"_links":{"self":[{"href":"https:\/\/tiendapadel5.com\/nl\/wp-json\/wp\/v2\/product\/220226","targetHints":{"allow":["GET"]}}],"collection":[{"href":"https:\/\/tiendapadel5.com\/nl\/wp-json\/wp\/v2\/product"}],"about":[{"href":"https:\/\/tiendapadel5.com\/nl\/wp-json\/wp\/v2\/types\/product"}],"replies":[{"embeddable":true,"href":"https:\/\/tiendapadel5.com\/nl\/wp-json\/wp\/v2\/comments?post=220226"}],"version-history":[{"count":0,"href":"https:\/\/tiendapadel5.com\/nl\/wp-json\/wp\/v2\/product\/220226\/revisions"}],"wp:featuredmedia":[{"embeddable":true,"href":"https:\/\/tiendapadel5.com\/nl\/wp-json\/wp\/v2\/media\/220234"}],"wp:attachment":[{"href":"https:\/\/tiendapadel5.com\/nl\/wp-json\/wp\/v2\/media?parent=220226"}],"wp:term":[{"taxonomy":"pwb-brand","embeddable":true,"href":"https:\/\/tiendapadel5.com\/nl\/wp-json\/wp\/v2\/pwb-brand?post=220226"},{"taxonomy":"product_brand","embeddable":true,"href":"https:\/\/tiendapadel5.com\/nl\/wp-json\/wp\/v2\/product_brand?post=220226"},{"taxonomy":"product_cat","embeddable":true,"href":"https:\/\/tiendapadel5.com\/nl\/wp-json\/wp\/v2\/product_cat?post=220226"},{"taxonomy":"product_tag","embeddable":true,"href":"https:\/\/tiendapadel5.com\/nl\/wp-json\/wp\/v2\/product_tag?post=220226"}],"curies":[{"name":"wp","href":"https:\/\/api.w.org\/{rel}","templated":true}]}}