{"id":220204,"date":"2025-09-25T19:34:08","date_gmt":"2025-09-25T17:34:08","guid":{"rendered":"https:\/\/tiendapadel5.com\/?post_type=product&#038;p=220204"},"modified":"2026-03-18T12:56:05","modified_gmt":"2026-03-18T11:56:05","slug":"falda-bb-kyoto-grey","status":"publish","type":"product","link":"https:\/\/tiendapadel5.com\/nl\/falda-bb-kyoto-grey\/","title":{"rendered":"Falda BB Kyoto Grey"},"content":{"rendered":"<h2>Falda BB Kyoto Grey<\/h2>\n<p><strong>Caracter\u00edsticas:<\/strong><\/p>\n<p><strong>Composici\u00f3n:<\/strong>\u00a0Nylon 75% Nylon 25% Spandex \u2013 95% Polyamide 5% Spandex<\/p>\n<p><strong>Color:<\/strong> Gris &#8211; Blanco<\/p>\n","protected":false},"excerpt":{"rendered":"<p>La Falda BB Kyoto Grey, destaca por su comodidad total, siendo la prenda ideal para jugar tenis, p\u00e1del o cualquier deporte de raqueta. Est\u00e1 hecha con tejido t\u00e9cnico de alta calidad: ligero, transpirable y el\u00e1stico, que se adapta a cada uno de tus movimientos en la pista.<\/p>\n","protected":false},"featured_media":220212,"comment_status":"open","ping_status":"closed","template":"","meta":{"_joinchat":[]},"pwb-brand":[4392],"product_brand":[],"product_cat":[4883,4255,11234,4923],"product_tag":[11050,506,10512,11220],"class_list":{"0":"post-220204","1":"product","2":"type-product","3":"status-publish","4":"has-post-thumbnail","6":"pwb-brand-belen-berbel","7":"product_cat-padelrokken","8":"product_cat-padelkleding","9":"product_cat-ropa-belen-berbel","10":"product_cat-dameskleding-padel","11":"product_tag-bb","12":"product_tag-falda","13":"product_tag-grijs-nl","14":"product_tag-kyoto","15":"pa_talla-2xl","16":"pa_talla-l-nl","17":"pa_talla-m-nl","18":"pa_talla-s-nl","19":"pa_talla-xl-nl","21":"first","22":"instock","23":"sale","24":"taxable","25":"shipping-taxable","26":"purchasable","27":"product-type-variable"},"brands":[{"id":4392,"name":"Bel\u00e9n Berbel","slug":"belen-berbel"}],"_links":{"self":[{"href":"https:\/\/tiendapadel5.com\/nl\/wp-json\/wp\/v2\/product\/220204","targetHints":{"allow":["GET"]}}],"collection":[{"href":"https:\/\/tiendapadel5.com\/nl\/wp-json\/wp\/v2\/product"}],"about":[{"href":"https:\/\/tiendapadel5.com\/nl\/wp-json\/wp\/v2\/types\/product"}],"replies":[{"embeddable":true,"href":"https:\/\/tiendapadel5.com\/nl\/wp-json\/wp\/v2\/comments?post=220204"}],"version-history":[{"count":0,"href":"https:\/\/tiendapadel5.com\/nl\/wp-json\/wp\/v2\/product\/220204\/revisions"}],"wp:featuredmedia":[{"embeddable":true,"href":"https:\/\/tiendapadel5.com\/nl\/wp-json\/wp\/v2\/media\/220212"}],"wp:attachment":[{"href":"https:\/\/tiendapadel5.com\/nl\/wp-json\/wp\/v2\/media?parent=220204"}],"wp:term":[{"taxonomy":"pwb-brand","embeddable":true,"href":"https:\/\/tiendapadel5.com\/nl\/wp-json\/wp\/v2\/pwb-brand?post=220204"},{"taxonomy":"product_brand","embeddable":true,"href":"https:\/\/tiendapadel5.com\/nl\/wp-json\/wp\/v2\/product_brand?post=220204"},{"taxonomy":"product_cat","embeddable":true,"href":"https:\/\/tiendapadel5.com\/nl\/wp-json\/wp\/v2\/product_cat?post=220204"},{"taxonomy":"product_tag","embeddable":true,"href":"https:\/\/tiendapadel5.com\/nl\/wp-json\/wp\/v2\/product_tag?post=220204"}],"curies":[{"name":"wp","href":"https:\/\/api.w.org\/{rel}","templated":true}]}}