{"id":219999,"date":"2025-09-24T17:41:31","date_gmt":"2025-09-24T15:41:31","guid":{"rendered":"https:\/\/tiendapadel5.com\/?post_type=product&#038;p=219999"},"modified":"2025-09-24T17:41:35","modified_gmt":"2025-09-24T15:41:35","slug":"munequeras-aca-padel-negras-gris","status":"publish","type":"product","link":"https:\/\/tiendapadel5.com\/nl\/munequeras-aca-padel-negras-gris\/","title":{"rendered":"Mu\u00f1equeras Aca Padel Negras-Gris"},"content":{"rendered":"<h2>Mu\u00f1equeras Aca Padel Negras-Gris<\/h2>\n<p><strong>Caracter\u00edsticas:<\/strong><\/p>\n<div class=\"col-12 col-xmd-6\">\n<div class=\"m-product-detail__tech-characteristics-body row m-0 pr-1 first\">\n<div class=\"col-6 p-0\"><span class=\"m-product-detail__tech-characteristics-label\"><strong>Deporte:\u00a0<\/strong><\/span><span class=\"m-product-detail__tech-characteristics-value\">Padel<\/span><\/div>\n<\/div>\n<\/div>\n<div class=\"col-12 col-xmd-6\">\n<div class=\"m-product-detail__tech-characteristics-body row m-0 pr-1 \">\n<div class=\"col-6 p-0\"><strong><span class=\"m-product-detail__tech-characteristics-label\">Composici\u00f3n:\u00a0<\/span><\/strong><span class=\"m-product-detail__tech-characteristics-value\">70 % nailon, 18 % caucho, 12 % elastano<\/span><\/div>\n<div><strong>Color:<\/strong> Negras-Gris<\/div>\n<\/div>\n<\/div>\n","protected":false},"excerpt":{"rendered":"<p>Las Mu\u00f1equeras Aca Padel Negras-Gris, dise\u00f1adas ligera, suave y dotada de una muy rapida capacidad de absorci\u00f3n.<\/p>\n","protected":false},"featured_media":220001,"comment_status":"open","ping_status":"closed","template":"","meta":{"_joinchat":[]},"pwb-brand":[10226],"product_brand":[],"product_cat":[2367,10194,4427],"product_tag":[10345,6804,7656,7658,2282],"class_list":{"0":"post-219999","1":"product","2":"type-product","3":"status-publish","4":"has-post-thumbnail","6":"pwb-brand-aca","7":"product_cat-acessorios-padel","8":"product_cat-acessorios-aca","9":"product_cat-pulseiras-padel","10":"product_tag-aqui","11":"product_tag-cinzento","12":"product_tag-pulseiras","13":"product_tag-preto-pt-pt-4","14":"product_tag-padel-pt-pt","16":"first","17":"instock","18":"sale","19":"taxable","20":"shipping-taxable","21":"purchasable","22":"product-type-simple"},"brands":[{"id":10226,"name":"Aca","slug":"aca"}],"_links":{"self":[{"href":"https:\/\/tiendapadel5.com\/nl\/wp-json\/wp\/v2\/product\/219999","targetHints":{"allow":["GET"]}}],"collection":[{"href":"https:\/\/tiendapadel5.com\/nl\/wp-json\/wp\/v2\/product"}],"about":[{"href":"https:\/\/tiendapadel5.com\/nl\/wp-json\/wp\/v2\/types\/product"}],"replies":[{"embeddable":true,"href":"https:\/\/tiendapadel5.com\/nl\/wp-json\/wp\/v2\/comments?post=219999"}],"version-history":[{"count":0,"href":"https:\/\/tiendapadel5.com\/nl\/wp-json\/wp\/v2\/product\/219999\/revisions"}],"wp:featuredmedia":[{"embeddable":true,"href":"https:\/\/tiendapadel5.com\/nl\/wp-json\/wp\/v2\/media\/220001"}],"wp:attachment":[{"href":"https:\/\/tiendapadel5.com\/nl\/wp-json\/wp\/v2\/media?parent=219999"}],"wp:term":[{"taxonomy":"pwb-brand","embeddable":true,"href":"https:\/\/tiendapadel5.com\/nl\/wp-json\/wp\/v2\/pwb-brand?post=219999"},{"taxonomy":"product_brand","embeddable":true,"href":"https:\/\/tiendapadel5.com\/nl\/wp-json\/wp\/v2\/product_brand?post=219999"},{"taxonomy":"product_cat","embeddable":true,"href":"https:\/\/tiendapadel5.com\/nl\/wp-json\/wp\/v2\/product_cat?post=219999"},{"taxonomy":"product_tag","embeddable":true,"href":"https:\/\/tiendapadel5.com\/nl\/wp-json\/wp\/v2\/product_tag?post=219999"}],"curies":[{"name":"wp","href":"https:\/\/api.w.org\/{rel}","templated":true}]}}