{"id":218401,"date":"2025-09-05T23:49:12","date_gmt":"2025-09-05T22:49:12","guid":{"rendered":"https:\/\/tiendapadel5.com\/?post_type=product&#038;p=218401"},"modified":"2025-09-05T23:49:19","modified_gmt":"2025-09-05T22:49:19","slug":"camiseta-tirantes-adidas-club-v-white-2025","status":"publish","type":"product","link":"https:\/\/tiendapadel5.com\/nl\/camiseta-tirantes-adidas-club-v-white-2025\/","title":{"rendered":"Camiseta Tirantes Adidas Club V White 2025"},"content":{"rendered":"<h2>Camiseta Tirantes Adidas Club V White 2025<\/h2>\n<p><strong>Caracter\u00edsticas:<\/strong><\/p>\n<table class=\"table table-striped table-product-dimensions table-light table-bordered- table-sm mt-3\">\n<tbody>\n<tr>\n<td class=\"font-weight-500\">1-<\/td>\n<td>Slim fit<\/td>\n<\/tr>\n<tr>\n<td class=\"font-weight-500\">2-<\/td>\n<td>Overlapped V-neck<\/td>\n<\/tr>\n<tr>\n<td class=\"font-weight-500\">3-<\/td>\n<td>90% polyester (recycled), 10% elastane<\/td>\n<\/tr>\n<tr>\n<td class=\"font-weight-500\">5-<\/td>\n<td>CLIMACOOL<\/td>\n<\/tr>\n<tr>\n<td class=\"font-weight-500\">7-<\/td>\n<td>Lightweight mesh material<\/td>\n<\/tr>\n<tr>\n<td class=\"font-weight-500\">Composici\u00f3n<\/td>\n<td>85% rec.Polyester\/15% Elasthane<\/td>\n<\/tr>\n<\/tbody>\n<\/table>\n","protected":false},"excerpt":{"rendered":"<p>La Camiseta Tirantes Adidas Club V White 2025, dise\u00f1ada con un cuello en V cruzado de adidas, esta camiseta sin mangas Club no pasa desapercibida en la pista. La tecnolog\u00eda CLIMACOOL se encarga de absorber el sudor para que te mantengas fresca, seca y concentrada. Adem\u00e1s, su tejido el\u00e1stico y ajustado, junto con la espalda cruzada que libera los hombros, te da total libertad de movimiento para pelear cada punto.<\/p>\n","protected":false},"featured_media":218409,"comment_status":"open","ping_status":"closed","template":"","meta":{"_joinchat":[]},"pwb-brand":[28],"product_brand":[],"product_cat":[21,4948,47,5904],"product_tag":[9781,143,83,393,597,786,519],"class_list":{"0":"post-218401","1":"product","2":"type-product","3":"status-publish","4":"has-post-thumbnail","6":"pwb-brand-adidas-padel","7":"product_cat-ropa-padel","8":"product_cat-ropa-adidas","9":"product_cat-mujer","10":"product_cat-tops","11":"product_tag-9781","12":"product_tag-adidas","13":"product_tag-camiseta","14":"product_tag-club","15":"product_tag-tirantes","16":"product_tag-v","17":"product_tag-white","18":"pa_talla-l","19":"pa_talla-s","20":"pa_talla-xl","21":"pa_talla-xs","23":"first","24":"instock","25":"sale","26":"taxable","27":"shipping-taxable","28":"purchasable","29":"product-type-variable"},"brands":[{"id":28,"name":"Adidas Padel","slug":"adidas-padel"}],"_links":{"self":[{"href":"https:\/\/tiendapadel5.com\/nl\/wp-json\/wp\/v2\/product\/218401","targetHints":{"allow":["GET"]}}],"collection":[{"href":"https:\/\/tiendapadel5.com\/nl\/wp-json\/wp\/v2\/product"}],"about":[{"href":"https:\/\/tiendapadel5.com\/nl\/wp-json\/wp\/v2\/types\/product"}],"replies":[{"embeddable":true,"href":"https:\/\/tiendapadel5.com\/nl\/wp-json\/wp\/v2\/comments?post=218401"}],"version-history":[{"count":0,"href":"https:\/\/tiendapadel5.com\/nl\/wp-json\/wp\/v2\/product\/218401\/revisions"}],"wp:featuredmedia":[{"embeddable":true,"href":"https:\/\/tiendapadel5.com\/nl\/wp-json\/wp\/v2\/media\/218409"}],"wp:attachment":[{"href":"https:\/\/tiendapadel5.com\/nl\/wp-json\/wp\/v2\/media?parent=218401"}],"wp:term":[{"taxonomy":"pwb-brand","embeddable":true,"href":"https:\/\/tiendapadel5.com\/nl\/wp-json\/wp\/v2\/pwb-brand?post=218401"},{"taxonomy":"product_brand","embeddable":true,"href":"https:\/\/tiendapadel5.com\/nl\/wp-json\/wp\/v2\/product_brand?post=218401"},{"taxonomy":"product_cat","embeddable":true,"href":"https:\/\/tiendapadel5.com\/nl\/wp-json\/wp\/v2\/product_cat?post=218401"},{"taxonomy":"product_tag","embeddable":true,"href":"https:\/\/tiendapadel5.com\/nl\/wp-json\/wp\/v2\/product_tag?post=218401"}],"curies":[{"name":"wp","href":"https:\/\/api.w.org\/{rel}","templated":true}]}}