{"id":217460,"date":"2025-09-03T12:48:08","date_gmt":"2025-09-03T11:48:08","guid":{"rendered":"https:\/\/tiendapadel5.com\/?post_type=product&#038;p=217460"},"modified":"2026-05-08T10:15:43","modified_gmt":"2026-05-08T08:15:43","slug":"bullpadel-vertex-05-geo-2026","status":"publish","type":"product","link":"https:\/\/tiendapadel5.com\/nl\/bullpadel-vertex-05-geo-2026\/","title":{"rendered":"Bullpadel Vertex 05 GEO 2026"},"content":{"rendered":"<h2>Bullpadel Vertex 05 GEO 2026<\/h2>\n<p><strong>Caracter\u00edsticas:<\/strong><\/p>\n<p><strong>\u2022 Peso aprox:<\/strong> 365-375 g<\/p>\n<p><strong>\u2022 Perfil:<\/strong> 38 mm<\/p>\n<p><strong>\u2022 Balance:<\/strong> \u2248 26<\/p>\n<p><strong>\u2022 Superficie de juego:<\/strong> 541 cm\u00b2<\/p>\n<p><strong>\u2022 Forma:<\/strong> Geom\u00e9trica<\/p>\n<p><strong>\u2022 Comp. exterior:<\/strong> X-Tend Carbon 3K<\/p>\n<p><strong>\u2022 Comp. interior:<\/strong> Multieva<\/p>\n<p><strong>\u2022 Rugoso:<\/strong> Top Spin<\/p>\n<p><strong>\u2022 Nivel:<\/strong> Profesional<\/p>\n<p><strong>\u2022 Ideal Para:<\/strong> Juego Polivalente, Ofensivo<\/p>\n","protected":false},"excerpt":{"rendered":"<p>La Bullpadel Vertex 05 GEO 2026, la nueva pala de Pablo Cardona lleva la l\u00ednea Vertex a otro nivel con la Vertex 05 Geo. El juego extremo de nuestra joven promesa le pide el m\u00e1ximo a nuestra pala m\u00e1s ic\u00f3nica, y por eso esta Vertex 05 Geo es la m\u00e1s salvaje que hemos creado hasta ahora.<\/p>\n","protected":false},"featured_media":217468,"comment_status":"open","ping_status":"closed","template":"","meta":{"_joinchat":[]},"pwb-brand":[31],"product_brand":[],"product_cat":[19,11134,409],"product_tag":[1103,11132,319,11204,150],"class_list":{"0":"post-217460","1":"product","2":"type-product","3":"status-publish","4":"has-post-thumbnail","6":"pwb-brand-bullpadel","7":"product_cat-palas-padel","8":"product_cat-11134","9":"product_cat-bullpadel","10":"product_tag-1103","11":"product_tag-11132","12":"product_tag-bullpadel","13":"product_tag-geo","14":"product_tag-vertex","15":"pa_forma-geometrica","16":"pa_marco-fibra-de-carbono","17":"pa_nivel-de-juego-avanzado-profesional","18":"pa_tipo-de-juego-potencia","20":"first","21":"instock","22":"sale","23":"taxable","24":"shipping-taxable","25":"product-type-simple"},"brands":[{"id":31,"name":"Bullpadel","slug":"bullpadel"}],"_links":{"self":[{"href":"https:\/\/tiendapadel5.com\/nl\/wp-json\/wp\/v2\/product\/217460","targetHints":{"allow":["GET"]}}],"collection":[{"href":"https:\/\/tiendapadel5.com\/nl\/wp-json\/wp\/v2\/product"}],"about":[{"href":"https:\/\/tiendapadel5.com\/nl\/wp-json\/wp\/v2\/types\/product"}],"replies":[{"embeddable":true,"href":"https:\/\/tiendapadel5.com\/nl\/wp-json\/wp\/v2\/comments?post=217460"}],"version-history":[{"count":1,"href":"https:\/\/tiendapadel5.com\/nl\/wp-json\/wp\/v2\/product\/217460\/revisions"}],"predecessor-version":[{"id":244693,"href":"https:\/\/tiendapadel5.com\/nl\/wp-json\/wp\/v2\/product\/217460\/revisions\/244693"}],"wp:featuredmedia":[{"embeddable":true,"href":"https:\/\/tiendapadel5.com\/nl\/wp-json\/wp\/v2\/media\/217468"}],"wp:attachment":[{"href":"https:\/\/tiendapadel5.com\/nl\/wp-json\/wp\/v2\/media?parent=217460"}],"wp:term":[{"taxonomy":"pwb-brand","embeddable":true,"href":"https:\/\/tiendapadel5.com\/nl\/wp-json\/wp\/v2\/pwb-brand?post=217460"},{"taxonomy":"product_brand","embeddable":true,"href":"https:\/\/tiendapadel5.com\/nl\/wp-json\/wp\/v2\/product_brand?post=217460"},{"taxonomy":"product_cat","embeddable":true,"href":"https:\/\/tiendapadel5.com\/nl\/wp-json\/wp\/v2\/product_cat?post=217460"},{"taxonomy":"product_tag","embeddable":true,"href":"https:\/\/tiendapadel5.com\/nl\/wp-json\/wp\/v2\/product_tag?post=217460"}],"curies":[{"name":"wp","href":"https:\/\/api.w.org\/{rel}","templated":true}]}}