{"id":216151,"date":"2025-08-21T12:20:10","date_gmt":"2025-08-21T11:20:10","guid":{"rendered":"https:\/\/tiendapadel5.com\/?post_type=product&#038;p=216151"},"modified":"2025-08-21T12:20:15","modified_gmt":"2025-08-21T11:20:15","slug":"polo-tecnico-izas-acay-m-v3-light-caki","status":"publish","type":"product","link":"https:\/\/tiendapadel5.com\/nl\/polo-tecnico-izas-acay-m-v3-light-caki\/","title":{"rendered":"Polo Tecnico Izas Acay M V3 Light Caki"},"content":{"rendered":"<h2>Polo Tecnico Izas Acay M V3 Light Caki<\/h2>\n<p><strong>Caracter\u00edsticas:<\/strong><\/p>\n<ul>\n<li>Polo t\u00e9cnico de manga corta.<\/li>\n<li>Tejido con tecnolog\u00eda DRY y HYDROSPEED: ligero, transpirable y de secado r\u00e1pido.<\/li>\n<li>El vapor corporal pasa a trav\u00e9s del tejido.<\/li>\n<\/ul>\n","protected":false},"excerpt":{"rendered":"<p>El Polo Tecnico Izas Acay M V3 Light Caki, es perfecto para hacer deporte o moverte al aire libre. Gracias a la tecnolog\u00eda DRY y HYDROSPEED, el tejido es ligero, fresco y se seca rapid\u00edsimo. Ayuda a que el sudor se evapore y as\u00ed la piel se mantiene seca y c\u00f3moda. Adem\u00e1s, tiene un dise\u00f1o moderno y pr\u00e1ctico pensado para rendir al m\u00e1ximo.<\/p>\n","protected":false},"featured_media":216159,"comment_status":"open","ping_status":"closed","template":"","meta":{"_joinchat":[]},"pwb-brand":[11181],"product_brand":[],"product_cat":[21,5898,11182,46],"product_tag":[11185,11186,11179,587,956,400,1043,9718],"class_list":{"0":"post-216151","1":"product","2":"type-product","3":"status-publish","4":"has-post-thumbnail","6":"pwb-brand-izas","7":"product_cat-ropa-padel","8":"product_cat-polos","9":"product_cat-ropa-izas","10":"product_cat-hombre","11":"product_tag-acay","12":"product_tag-caki","13":"product_tag-izas","14":"product_tag-light","15":"product_tag-m","16":"product_tag-polo","17":"product_tag-tecnico","18":"product_tag-v3","19":"pa_talla-2xl","20":"pa_talla-l","21":"pa_talla-m","22":"pa_talla-xl","24":"first","25":"instock","26":"sale","27":"taxable","28":"shipping-taxable","29":"purchasable","30":"product-type-variable"},"brands":[{"id":11181,"name":"Izas","slug":"izas"}],"_links":{"self":[{"href":"https:\/\/tiendapadel5.com\/nl\/wp-json\/wp\/v2\/product\/216151","targetHints":{"allow":["GET"]}}],"collection":[{"href":"https:\/\/tiendapadel5.com\/nl\/wp-json\/wp\/v2\/product"}],"about":[{"href":"https:\/\/tiendapadel5.com\/nl\/wp-json\/wp\/v2\/types\/product"}],"replies":[{"embeddable":true,"href":"https:\/\/tiendapadel5.com\/nl\/wp-json\/wp\/v2\/comments?post=216151"}],"version-history":[{"count":0,"href":"https:\/\/tiendapadel5.com\/nl\/wp-json\/wp\/v2\/product\/216151\/revisions"}],"wp:featuredmedia":[{"embeddable":true,"href":"https:\/\/tiendapadel5.com\/nl\/wp-json\/wp\/v2\/media\/216159"}],"wp:attachment":[{"href":"https:\/\/tiendapadel5.com\/nl\/wp-json\/wp\/v2\/media?parent=216151"}],"wp:term":[{"taxonomy":"pwb-brand","embeddable":true,"href":"https:\/\/tiendapadel5.com\/nl\/wp-json\/wp\/v2\/pwb-brand?post=216151"},{"taxonomy":"product_brand","embeddable":true,"href":"https:\/\/tiendapadel5.com\/nl\/wp-json\/wp\/v2\/product_brand?post=216151"},{"taxonomy":"product_cat","embeddable":true,"href":"https:\/\/tiendapadel5.com\/nl\/wp-json\/wp\/v2\/product_cat?post=216151"},{"taxonomy":"product_tag","embeddable":true,"href":"https:\/\/tiendapadel5.com\/nl\/wp-json\/wp\/v2\/product_tag?post=216151"}],"curies":[{"name":"wp","href":"https:\/\/api.w.org\/{rel}","templated":true}]}}