{"id":214467,"date":"2025-08-12T10:16:07","date_gmt":"2025-08-12T09:16:07","guid":{"rendered":"https:\/\/tiendapadel5.com\/?post_type=product&#038;p=214467"},"modified":"2025-08-12T10:16:19","modified_gmt":"2025-08-12T09:16:19","slug":"sudadera-bullpadel-boyal-oceano-profundo-2025","status":"publish","type":"product","link":"https:\/\/tiendapadel5.com\/nl\/sudadera-bullpadel-boyal-oceano-profundo-2025\/","title":{"rendered":"Sudadera Bullpadel Boyal Oceano Profundo 2025"},"content":{"rendered":"<h2>Sudadera Bullpadel Boyal Oceano Profundo 2025<\/h2>\n<p><strong>Caracter\u00edsticas:<\/strong><\/p>\n<div class=\"description-attributes\"><strong><span class=\"description-attributes-label\">Marca:<\/span><\/strong>\u00a0<span class=\"description-attributes-value\">Bullpadel<\/span><\/div>\n<div class=\"description-attributes\"><strong><span class=\"description-attributes-label\">Tipo de Prenda:<\/span><\/strong>\u00a0<span class=\"description-attributes-value\">Sudaderas<\/span><\/div>\n<div class=\"description-attributes\"><strong><span class=\"description-attributes-label\">Jugador:<\/span><\/strong>\u00a0<span class=\"description-attributes-value\">Hombre<\/span><\/div>\n<div class=\"description-attributes\"><strong><span class=\"description-attributes-label\">Producto:<\/span><\/strong>\u00a0<span class=\"description-attributes-value\">Ropa<\/span><\/div>\n","protected":false},"excerpt":{"rendered":"<p>La Sudadera Bullpadel Boyal Oceano Profundo 2025, esta dise\u00f1ada para estar bien abrigado antes y despu\u00e9s del partido, esta sudadera te da comodidad y facha al mismo tiempo. Est\u00e1 hecha para que rindas al m\u00e1ximo en la pista sin dejar de verte bien. Acompa\u00f1a cada movimiento sin molestarte, y sus detalles pensados al mil\u00edmetro hacen que se note la diferencia cada vez que juegas. Ideal para mantener el calor mientras descans\u00e1s o entr\u00e1s en calor<\/p>\n","protected":false},"featured_media":214490,"comment_status":"open","ping_status":"closed","template":"","meta":{"_joinchat":[]},"pwb-brand":[31],"product_brand":[],"product_cat":[21,447,46,105,5901],"product_tag":[9781,11168,319,661,662,517],"class_list":{"0":"post-214467","1":"product","2":"type-product","3":"status-publish","4":"has-post-thumbnail","6":"pwb-brand-bullpadel","7":"product_cat-ropa-padel","8":"product_cat-ropa-bullpadel","9":"product_cat-hombre","10":"product_cat-sudaderas","11":"product_cat-sudaderass","12":"product_tag-9781","13":"product_tag-boyal","14":"product_tag-bullpadel","15":"product_tag-oceano","16":"product_tag-profundo","17":"product_tag-sudadera","18":"pa_talla-l","19":"pa_talla-m","20":"pa_talla-s","21":"pa_talla-xl","23":"first","24":"instock","25":"sale","26":"taxable","27":"shipping-taxable","28":"purchasable","29":"product-type-variable"},"brands":[{"id":31,"name":"Bullpadel","slug":"bullpadel"}],"_links":{"self":[{"href":"https:\/\/tiendapadel5.com\/nl\/wp-json\/wp\/v2\/product\/214467","targetHints":{"allow":["GET"]}}],"collection":[{"href":"https:\/\/tiendapadel5.com\/nl\/wp-json\/wp\/v2\/product"}],"about":[{"href":"https:\/\/tiendapadel5.com\/nl\/wp-json\/wp\/v2\/types\/product"}],"replies":[{"embeddable":true,"href":"https:\/\/tiendapadel5.com\/nl\/wp-json\/wp\/v2\/comments?post=214467"}],"version-history":[{"count":0,"href":"https:\/\/tiendapadel5.com\/nl\/wp-json\/wp\/v2\/product\/214467\/revisions"}],"wp:featuredmedia":[{"embeddable":true,"href":"https:\/\/tiendapadel5.com\/nl\/wp-json\/wp\/v2\/media\/214490"}],"wp:attachment":[{"href":"https:\/\/tiendapadel5.com\/nl\/wp-json\/wp\/v2\/media?parent=214467"}],"wp:term":[{"taxonomy":"pwb-brand","embeddable":true,"href":"https:\/\/tiendapadel5.com\/nl\/wp-json\/wp\/v2\/pwb-brand?post=214467"},{"taxonomy":"product_brand","embeddable":true,"href":"https:\/\/tiendapadel5.com\/nl\/wp-json\/wp\/v2\/product_brand?post=214467"},{"taxonomy":"product_cat","embeddable":true,"href":"https:\/\/tiendapadel5.com\/nl\/wp-json\/wp\/v2\/product_cat?post=214467"},{"taxonomy":"product_tag","embeddable":true,"href":"https:\/\/tiendapadel5.com\/nl\/wp-json\/wp\/v2\/product_tag?post=214467"}],"curies":[{"name":"wp","href":"https:\/\/api.w.org\/{rel}","templated":true}]}}