{"id":212882,"date":"2025-07-25T14:22:44","date_gmt":"2025-07-25T13:22:44","guid":{"rendered":"https:\/\/tiendapadel5.com\/?post_type=product&#038;p=212882"},"modified":"2025-12-25T20:04:26","modified_gmt":"2025-12-25T19:04:26","slug":"pantalon-corto-adidas-club-2-in-1-white-2025","status":"publish","type":"product","link":"https:\/\/tiendapadel5.com\/nl\/pantalon-corto-adidas-club-2-in-1-white-2025\/","title":{"rendered":"Pantal\u00f3n Corto Adidas Club 2 in 1 White 2025"},"content":{"rendered":"<h2>Pantal\u00f3n Corto Adidas Club 2 in 1 White 2025<\/h2>\n<p><strong>Caracter\u00edsticas:<\/strong><\/p>\n<table class=\"table table-striped table-product-dimensions table-light table-bordered- table-sm mt-3\">\n<tbody>\n<tr>\n<td class=\"font-weight-500\">1-<\/td>\n<td>Regular fit<\/td>\n<\/tr>\n<tr>\n<td class=\"font-weight-500\">2-<\/td>\n<td>Elastic waist with drawcord<\/td>\n<\/tr>\n<tr>\n<td class=\"font-weight-500\">3-<\/td>\n<td>100% polyester (recycled)<\/td>\n<\/tr>\n<tr>\n<td class=\"font-weight-500\">5-<\/td>\n<td>CLIMACOOL<\/td>\n<\/tr>\n<tr>\n<td class=\"font-weight-500\">6-<\/td>\n<td>Shorts: Mesh gusset<\/td>\n<\/tr>\n<tr>\n<td class=\"font-weight-500\">7-<\/td>\n<td>Attached inner shorts: Stretch waist<\/td>\n<\/tr>\n<tr>\n<td class=\"font-weight-500\">Composici\u00f3n<\/td>\n<td>58% Cotton\/42% rec.Polyester<\/td>\n<\/tr>\n<\/tbody>\n<\/table>\n","protected":false},"excerpt":{"rendered":"<p>El Pantal\u00f3n Corto Adidas Club 2 in 1 White 2025, dise\u00f1ados con un calzoncillo interior incluido para que est\u00e9s m\u00e1s cubierto, y tienen tela extra en la entrepierna para que te muevas con m\u00e1s libertad. Adem\u00e1s, la tecnolog\u00eda CLIMACOOL se encarga de sacar el sudor y mantenerte fresco, seco y sin molestias mientras te mueves.<\/p>\n","protected":false},"featured_media":212890,"comment_status":"open","ping_status":"closed","template":"","meta":{"_joinchat":[]},"pwb-brand":[28],"product_brand":[],"product_cat":[21,102,4948,46],"product_tag":[11129,740,9781,143,393,402,11128,401,519],"class_list":{"0":"post-212882","1":"product","2":"type-product","3":"status-publish","4":"has-post-thumbnail","6":"pwb-brand-adidas-padel","7":"product_cat-ropa-padel","8":"product_cat-pantalones-cortos","9":"product_cat-ropa-adidas","10":"product_cat-hombre","11":"product_tag-11129","12":"product_tag-740","13":"product_tag-9781","14":"product_tag-adidas","15":"product_tag-club","16":"product_tag-corto","17":"product_tag-in","18":"product_tag-pantalon","19":"product_tag-white","20":"pa_talla-2xl","21":"pa_talla-l","22":"pa_talla-m","23":"pa_talla-s","24":"pa_talla-xl","26":"first","27":"instock","28":"sale","29":"taxable","30":"shipping-taxable","31":"purchasable","32":"product-type-variable"},"brands":[{"id":28,"name":"Adidas Padel","slug":"adidas-padel"}],"_links":{"self":[{"href":"https:\/\/tiendapadel5.com\/nl\/wp-json\/wp\/v2\/product\/212882","targetHints":{"allow":["GET"]}}],"collection":[{"href":"https:\/\/tiendapadel5.com\/nl\/wp-json\/wp\/v2\/product"}],"about":[{"href":"https:\/\/tiendapadel5.com\/nl\/wp-json\/wp\/v2\/types\/product"}],"replies":[{"embeddable":true,"href":"https:\/\/tiendapadel5.com\/nl\/wp-json\/wp\/v2\/comments?post=212882"}],"version-history":[{"count":0,"href":"https:\/\/tiendapadel5.com\/nl\/wp-json\/wp\/v2\/product\/212882\/revisions"}],"wp:featuredmedia":[{"embeddable":true,"href":"https:\/\/tiendapadel5.com\/nl\/wp-json\/wp\/v2\/media\/212890"}],"wp:attachment":[{"href":"https:\/\/tiendapadel5.com\/nl\/wp-json\/wp\/v2\/media?parent=212882"}],"wp:term":[{"taxonomy":"pwb-brand","embeddable":true,"href":"https:\/\/tiendapadel5.com\/nl\/wp-json\/wp\/v2\/pwb-brand?post=212882"},{"taxonomy":"product_brand","embeddable":true,"href":"https:\/\/tiendapadel5.com\/nl\/wp-json\/wp\/v2\/product_brand?post=212882"},{"taxonomy":"product_cat","embeddable":true,"href":"https:\/\/tiendapadel5.com\/nl\/wp-json\/wp\/v2\/product_cat?post=212882"},{"taxonomy":"product_tag","embeddable":true,"href":"https:\/\/tiendapadel5.com\/nl\/wp-json\/wp\/v2\/product_tag?post=212882"}],"curies":[{"name":"wp","href":"https:\/\/api.w.org\/{rel}","templated":true}]}}