{"id":211316,"date":"2025-07-10T17:21:22","date_gmt":"2025-07-10T16:21:22","guid":{"rendered":"https:\/\/tiendapadel5.com\/?post_type=product&#038;p=211316"},"modified":"2025-08-07T22:11:20","modified_gmt":"2025-08-07T21:11:20","slug":"camiseta-endless-race-azul-marino","status":"publish","type":"product","link":"https:\/\/tiendapadel5.com\/nl\/camiseta-endless-race-azul-marino\/","title":{"rendered":"Camiseta Endless Race Azul Marino"},"content":{"rendered":"<h2>Camiseta Endless Race Azul Marino<\/h2>\n<p><strong>Caracter\u00edsticas:<\/strong><\/p>\n<p>\u2022Panel posterior elaborado con tejido el\u00e1stico micro-perforado que favorece la transpiraci\u00f3n y la evaporaci\u00f3n del sudor.<br \/>\n\u2022Pieza con doble tejido en el pecho que te aporta m\u00e1s comodidad y seguridad en tu juego.<br \/>\n\u2022Ajuste entallado para mantener la concentraci\u00f3n y disfrutar c\u00f3modamente de una mayor libertad de movimientos.<br \/>\n\u2022Acabado con costuras planas ergon\u00f3micas para evitar inc\u00f3modas rozaduras.<br \/>\n\u2022Tacto extra-suave.<br \/>\n\u2022Se mantiene igual lavado tras lavado. Nunca pierde su color.<br \/>\n\u2022Protecci\u00f3n solar UPF50<br \/>\n\u2022Elaborada con LycraSport\u00ae<br \/>\n<strong>Composici\u00f3n:<\/strong>\u00a080% Poliamida \u2013 20% LycraSport\u00ae<\/p>\n","protected":false},"excerpt":{"rendered":"<p>La Camiseta Endless Race Azul Marino, \u00a0dise\u00f1ada con un tejido ultra-elastico de alta calidad que adapta todos tus movimientos en la pista, gracias a su tecnologia de multifilamentos que absorbe el sudor y lo saca rapidamente de la prenda para mantenerte seco y comodo mientras estas en tus partidos o entrenamientos. Ademas de protegerte ante los rayos del sol con un factor UPF 50 en todo lo que este cubierto por este tejido.<\/p>\n","protected":false},"featured_media":211324,"comment_status":"open","ping_status":"closed","template":"","meta":{"_joinchat":[]},"pwb-brand":[11105],"product_brand":[],"product_cat":[21,5903,11108,47],"product_tag":[295,83,11103,782,11109],"class_list":{"0":"post-211316","1":"product","2":"type-product","3":"status-publish","4":"has-post-thumbnail","6":"pwb-brand-endless","7":"product_cat-ropa-padel","8":"product_cat-camisetass","9":"product_cat-ropa-de-padel-endless","10":"product_cat-mujer","11":"product_tag-azul","12":"product_tag-camiseta","13":"product_tag-endless","14":"product_tag-marino","15":"product_tag-race","16":"pa_talla-l","17":"pa_talla-m","18":"pa_talla-s","20":"first","21":"instock","22":"sale","23":"taxable","24":"shipping-taxable","25":"purchasable","26":"product-type-variable"},"brands":[{"id":11105,"name":"Endless","slug":"endless"}],"_links":{"self":[{"href":"https:\/\/tiendapadel5.com\/nl\/wp-json\/wp\/v2\/product\/211316","targetHints":{"allow":["GET"]}}],"collection":[{"href":"https:\/\/tiendapadel5.com\/nl\/wp-json\/wp\/v2\/product"}],"about":[{"href":"https:\/\/tiendapadel5.com\/nl\/wp-json\/wp\/v2\/types\/product"}],"replies":[{"embeddable":true,"href":"https:\/\/tiendapadel5.com\/nl\/wp-json\/wp\/v2\/comments?post=211316"}],"version-history":[{"count":0,"href":"https:\/\/tiendapadel5.com\/nl\/wp-json\/wp\/v2\/product\/211316\/revisions"}],"wp:featuredmedia":[{"embeddable":true,"href":"https:\/\/tiendapadel5.com\/nl\/wp-json\/wp\/v2\/media\/211324"}],"wp:attachment":[{"href":"https:\/\/tiendapadel5.com\/nl\/wp-json\/wp\/v2\/media?parent=211316"}],"wp:term":[{"taxonomy":"pwb-brand","embeddable":true,"href":"https:\/\/tiendapadel5.com\/nl\/wp-json\/wp\/v2\/pwb-brand?post=211316"},{"taxonomy":"product_brand","embeddable":true,"href":"https:\/\/tiendapadel5.com\/nl\/wp-json\/wp\/v2\/product_brand?post=211316"},{"taxonomy":"product_cat","embeddable":true,"href":"https:\/\/tiendapadel5.com\/nl\/wp-json\/wp\/v2\/product_cat?post=211316"},{"taxonomy":"product_tag","embeddable":true,"href":"https:\/\/tiendapadel5.com\/nl\/wp-json\/wp\/v2\/product_tag?post=211316"}],"curies":[{"name":"wp","href":"https:\/\/api.w.org\/{rel}","templated":true}]}}