{"id":209845,"date":"2025-06-26T10:37:35","date_gmt":"2025-06-26T09:37:35","guid":{"rendered":"https:\/\/tiendapadel5.com\/?post_type=product&#038;p=209845"},"modified":"2026-04-07T17:59:15","modified_gmt":"2026-04-07T15:59:15","slug":"munequeras-adidas-pequenas-ten-og-white","status":"publish","type":"product","link":"https:\/\/tiendapadel5.com\/nl\/munequeras-adidas-pequenas-ten-og-white\/","title":{"rendered":"Mu\u00f1equeras Adidas Peque\u00f1as Ten OG White"},"content":{"rendered":"<h2>Mu\u00f1equeras Adidas Peque\u00f1as Ten OG White<\/h2>\n<p><strong>Caracter\u00edsticas:<\/strong><\/p>\n<p><strong>Color:<\/strong>\u00a0Blanco y Verde<\/p>\n","protected":false},"excerpt":{"rendered":"<p>Las Mu\u00f1equeras Adidas Peque\u00f1as Ten OG White, dise\u00f1ada para que los jugadores esten mas comodos, gracias a tener una suavidad al tacto y un tejido elastico y absorbente para mantenerte seco en tus partidos y entrenamientos.<\/p>\n","protected":false},"featured_media":209834,"comment_status":"open","ping_status":"closed","template":"","meta":{"_joinchat":[]},"pwb-brand":[28],"product_brand":[],"product_cat":[2994,2995,4424],"product_tag":[2732,7664,11067,9744,11065,8778],"class_list":{"0":"post-209845","1":"product","2":"type-product","3":"status-publish","4":"has-post-thumbnail","6":"pwb-brand-adidas-padel","7":"product_cat-accesoires-padel","8":"product_cat-accesoires-padel-adidas","9":"product_cat-bracelets-de-padel","10":"product_tag-adidas-fr","11":"product_tag-bracelets","12":"product_tag-og","13":"product_tag-pequenas","14":"product_tag-ten","15":"product_tag-blanc-fr-3","17":"first","18":"instock","19":"sale","20":"taxable","21":"shipping-taxable","22":"purchasable","23":"product-type-simple"},"brands":[{"id":28,"name":"Adidas Padel","slug":"adidas-padel"}],"_links":{"self":[{"href":"https:\/\/tiendapadel5.com\/nl\/wp-json\/wp\/v2\/product\/209845","targetHints":{"allow":["GET"]}}],"collection":[{"href":"https:\/\/tiendapadel5.com\/nl\/wp-json\/wp\/v2\/product"}],"about":[{"href":"https:\/\/tiendapadel5.com\/nl\/wp-json\/wp\/v2\/types\/product"}],"replies":[{"embeddable":true,"href":"https:\/\/tiendapadel5.com\/nl\/wp-json\/wp\/v2\/comments?post=209845"}],"version-history":[{"count":0,"href":"https:\/\/tiendapadel5.com\/nl\/wp-json\/wp\/v2\/product\/209845\/revisions"}],"wp:featuredmedia":[{"embeddable":true,"href":"https:\/\/tiendapadel5.com\/nl\/wp-json\/wp\/v2\/media\/209834"}],"wp:attachment":[{"href":"https:\/\/tiendapadel5.com\/nl\/wp-json\/wp\/v2\/media?parent=209845"}],"wp:term":[{"taxonomy":"pwb-brand","embeddable":true,"href":"https:\/\/tiendapadel5.com\/nl\/wp-json\/wp\/v2\/pwb-brand?post=209845"},{"taxonomy":"product_brand","embeddable":true,"href":"https:\/\/tiendapadel5.com\/nl\/wp-json\/wp\/v2\/product_brand?post=209845"},{"taxonomy":"product_cat","embeddable":true,"href":"https:\/\/tiendapadel5.com\/nl\/wp-json\/wp\/v2\/product_cat?post=209845"},{"taxonomy":"product_tag","embeddable":true,"href":"https:\/\/tiendapadel5.com\/nl\/wp-json\/wp\/v2\/product_tag?post=209845"}],"curies":[{"name":"wp","href":"https:\/\/api.w.org\/{rel}","templated":true}]}}