{"id":170362,"date":"2024-10-17T14:57:30","date_gmt":"2024-10-17T13:57:30","guid":{"rendered":"https:\/\/tiendapadel5.com\/starvie-arcadia-2021\/"},"modified":"2026-05-11T13:03:02","modified_gmt":"2026-05-11T11:03:02","slug":"starvie-arcadia-2021-2","status":"publish","type":"product","link":"https:\/\/tiendapadel5.com\/nl\/starvie-arcadia-2021-2\/","title":{"rendered":"Starvie Arcadia 2021"},"content":{"rendered":"<h2>Starvie Arcadia 2021 Shovel Caract\u00e9ristiques :<\/h2>\n<div class=\"item\">\n<p class=\"title\"><b>Niveau<\/b><\/p>\n<p class=\"value\">Initiation<\/p>\n<\/div>\n<div class=\"item\">\n<p class=\"title\"><b>Type de jeu<\/b><\/p>\n<p class=\"value\">Confort<\/p>\n<\/div>\n<div class=\"item\">\n<p class=\"title\"><b>Contr\u00f4le<\/b><\/p>\n<p class=\"value\">75%<\/p>\n<\/div>\n<div class=\"item\">\n<p class=\"title\"><b>Puissance<\/b><\/p>\n<p class=\"value\">72,5%<\/p>\n<\/div>\n<div class=\"item\">\n<p class=\"title\"><b>Sortie de la bille<\/b><\/p>\n<p class=\"value\">80%<\/p>\n<\/div>\n","protected":false},"excerpt":{"rendered":"<p>La raquette Starvie Arcadia 2021 est destin\u00e9e aux joueurs qui d\u00e9butent dans ce sport gr\u00e2ce \u00e0 son caoutchouc souple et confortable et \u00e0 son cadre en fibre de verre.<\/p>\n","protected":false},"featured_media":169431,"comment_status":"open","ping_status":"closed","template":"","meta":{"_joinchat":[]},"pwb-brand":[35],"product_brand":[],"product_cat":[19,413],"product_tag":[1186,1102,167],"class_list":{"0":"post-170362","1":"product","2":"type-product","3":"status-publish","4":"has-post-thumbnail","6":"pwb-brand-starvie","7":"product_cat-palas-padel","8":"product_cat-starvie","9":"product_tag-1186","10":"product_tag-arcadia","11":"product_tag-starvie","12":"pa_forma-redonda","13":"pa_marco-fibra-de-vidrio","14":"pa_nivel-de-juego-iniciacion","15":"pa_tipo-de-juego-control","17":"first","18":"outofstock","19":"sale","20":"taxable","21":"shipping-taxable","22":"purchasable","23":"product-type-simple"},"brands":[{"id":35,"name":"Starvie","slug":"starvie"}],"_links":{"self":[{"href":"https:\/\/tiendapadel5.com\/nl\/wp-json\/wp\/v2\/product\/170362","targetHints":{"allow":["GET"]}}],"collection":[{"href":"https:\/\/tiendapadel5.com\/nl\/wp-json\/wp\/v2\/product"}],"about":[{"href":"https:\/\/tiendapadel5.com\/nl\/wp-json\/wp\/v2\/types\/product"}],"replies":[{"embeddable":true,"href":"https:\/\/tiendapadel5.com\/nl\/wp-json\/wp\/v2\/comments?post=170362"}],"version-history":[{"count":1,"href":"https:\/\/tiendapadel5.com\/nl\/wp-json\/wp\/v2\/product\/170362\/revisions"}],"predecessor-version":[{"id":262535,"href":"https:\/\/tiendapadel5.com\/nl\/wp-json\/wp\/v2\/product\/170362\/revisions\/262535"}],"wp:featuredmedia":[{"embeddable":true,"href":"https:\/\/tiendapadel5.com\/nl\/wp-json\/wp\/v2\/media\/169431"}],"wp:attachment":[{"href":"https:\/\/tiendapadel5.com\/nl\/wp-json\/wp\/v2\/media?parent=170362"}],"wp:term":[{"taxonomy":"pwb-brand","embeddable":true,"href":"https:\/\/tiendapadel5.com\/nl\/wp-json\/wp\/v2\/pwb-brand?post=170362"},{"taxonomy":"product_brand","embeddable":true,"href":"https:\/\/tiendapadel5.com\/nl\/wp-json\/wp\/v2\/product_brand?post=170362"},{"taxonomy":"product_cat","embeddable":true,"href":"https:\/\/tiendapadel5.com\/nl\/wp-json\/wp\/v2\/product_cat?post=170362"},{"taxonomy":"product_tag","embeddable":true,"href":"https:\/\/tiendapadel5.com\/nl\/wp-json\/wp\/v2\/product_tag?post=170362"}],"curies":[{"name":"wp","href":"https:\/\/api.w.org\/{rel}","templated":true}]}}