{"id":170348,"date":"2024-10-16T12:47:13","date_gmt":"2024-10-16T11:47:13","guid":{"rendered":"https:\/\/tiendapadel5.com\/starvie-astrum-eris-black-edition\/"},"modified":"2024-10-16T12:47:13","modified_gmt":"2024-10-16T11:47:13","slug":"starvie-astrum-eris-black-edition","status":"publish","type":"product","link":"https:\/\/tiendapadel5.com\/nl\/starvie-astrum-eris-black-edition\/","title":{"rendered":"Starvie Astrum Eris Black Edition"},"content":{"rendered":"<h2>Carater\u00edsticas da p\u00e1 Starvie Astrum Eris Black Edition:<\/h2>\n<ul>\n<li><strong>Forma da l\u00e2mina<\/strong>: l\u00e1grima.<\/li>\n<li><strong>N\u00facleo:<\/strong> borracha Starvie Eva Soft 30.<\/li>\n<li><strong>Plano:<\/strong> Fibra de carbono 3K + Fibra de carbono dourada 3K.<\/li>\n<li><strong>Equil\u00edbrio:<\/strong> M\u00e9dio &#8211; Baixo.<\/li>\n<li><strong>Peso:<\/strong> 350 \/ 385 gr.<\/li>\n<\/ul>\n","protected":false},"excerpt":{"rendered":"<p>A Starvie Astrum Eris Black Edition \u00e9 uma escolha espetacular para jogadores avan\u00e7ados que procuram uma raquete com controlo, mas que tamb\u00e9m tenha uma boa sa\u00edda de bola.<\/p>\n","protected":false},"featured_media":168898,"comment_status":"open","ping_status":"closed","template":"","meta":{"_joinchat":[]},"pwb-brand":[35],"product_brand":[],"product_cat":[2248,4388,2281],"product_tag":[2464,2346,2466,2240,2267],"class_list":{"0":"post-170348","1":"product","2":"type-product","3":"status-publish","4":"has-post-thumbnail","6":"pwb-brand-starvie","7":"product_cat-raquetes-de-padel","8":"product_cat-raquetes-padel-2023","9":"product_cat-starvie-pt-pt","10":"product_tag-astral","11":"product_tag-edicao","12":"product_tag-eris-pt-pt","13":"product_tag-estrela","14":"product_tag-preto-pt-pt","15":"pa_forma-lagrima-pt-pt","16":"pa_marco-fibra-de-carbono-pt-pt","17":"pa_nivel-de-juego-profissional-avancado","18":"pa_tipo-de-juego-polivalente-pt-pt","20":"first","21":"outofstock","22":"sale","23":"taxable","24":"shipping-taxable","25":"purchasable","26":"product-type-simple"},"brands":[{"id":35,"name":"Starvie","slug":"starvie"}],"_links":{"self":[{"href":"https:\/\/tiendapadel5.com\/nl\/wp-json\/wp\/v2\/product\/170348","targetHints":{"allow":["GET"]}}],"collection":[{"href":"https:\/\/tiendapadel5.com\/nl\/wp-json\/wp\/v2\/product"}],"about":[{"href":"https:\/\/tiendapadel5.com\/nl\/wp-json\/wp\/v2\/types\/product"}],"replies":[{"embeddable":true,"href":"https:\/\/tiendapadel5.com\/nl\/wp-json\/wp\/v2\/comments?post=170348"}],"version-history":[{"count":0,"href":"https:\/\/tiendapadel5.com\/nl\/wp-json\/wp\/v2\/product\/170348\/revisions"}],"wp:featuredmedia":[{"embeddable":true,"href":"https:\/\/tiendapadel5.com\/nl\/wp-json\/wp\/v2\/media\/168898"}],"wp:attachment":[{"href":"https:\/\/tiendapadel5.com\/nl\/wp-json\/wp\/v2\/media?parent=170348"}],"wp:term":[{"taxonomy":"pwb-brand","embeddable":true,"href":"https:\/\/tiendapadel5.com\/nl\/wp-json\/wp\/v2\/pwb-brand?post=170348"},{"taxonomy":"product_brand","embeddable":true,"href":"https:\/\/tiendapadel5.com\/nl\/wp-json\/wp\/v2\/product_brand?post=170348"},{"taxonomy":"product_cat","embeddable":true,"href":"https:\/\/tiendapadel5.com\/nl\/wp-json\/wp\/v2\/product_cat?post=170348"},{"taxonomy":"product_tag","embeddable":true,"href":"https:\/\/tiendapadel5.com\/nl\/wp-json\/wp\/v2\/product_tag?post=170348"}],"curies":[{"name":"wp","href":"https:\/\/api.w.org\/{rel}","templated":true}]}}