{"id":158270,"date":"2024-08-21T15:10:52","date_gmt":"2024-08-21T14:10:52","guid":{"rendered":"https:\/\/tiendapadel5.com\/?post_type=product&#038;p=158270"},"modified":"2026-04-24T11:44:43","modified_gmt":"2026-04-24T09:44:43","slug":"paletero-nox-luxury-master-series","status":"publish","type":"product","link":"https:\/\/tiendapadel5.com\/nl\/paletero-nox-luxury-master-series\/","title":{"rendered":"Paletero Nox Luxury Master Series"},"content":{"rendered":"<h2>Caracter\u00edsticas Paletero Nox Luxury Master Series:<\/h2>\n<ul>\n<li>Compartimiento principal con apertura lateral con capacidad para 3 palas de p\u00e1del, ropa, etc.<\/li>\n<li>Compartimento t\u00e9rmico (tecnolog\u00eda NOX ThermoTech) con capacidad para 2 palas de p\u00e1del, botellas y otros elementos sensibles a la temperatura, asegurando su protecci\u00f3n contra el calor.<\/li>\n<li>Compartimento lateral #1 con superf\u00edcie externa r\u00edgida para m\u00e1xima protecci\u00f3n.<\/li>\n<li>Compartimento lateral #2 \u00a0con bolsillos distribuidos para accesorios, m\u00f3vil, cartera, llaves y otros objetos personales, manteni\u00e9ndolos organizados y f\u00e1cilmente accesibles.<\/li>\n<li>Compartimento aireado para zapatillas, \u00a0permitiendo la ventilaci\u00f3n y evitando malos olores.<\/li>\n<li>Bolsillo en la parte posterior.<\/li>\n<li>Funci\u00f3n de mochila con posibilidad de quitar las asas para mayor comodidad y versatilidad de uso.<\/li>\n<li>Asa principal ergon\u00f3mica. Base r\u00edgida con protecci\u00f3n adicional contra golpes y superficies irregulares.<\/li>\n<\/ul>\n<p><strong>Medidas:\u00a0<\/strong>600 x 300 x 350 mm<\/p>\n<p><strong>Capacidad:\u00a0<\/strong>\u00a060 litros<\/p>\n<p>&nbsp;<\/p>\n","protected":false},"excerpt":{"rendered":"<p>El Paletero Nox Luxury Master Series, fabricado con materiales para reducir la sensaci\u00f3n de peso y aumentar la resistencia, haciendo que su expreriencia de uso sea comoda y duradera.<\/p>\n","protected":false},"featured_media":158332,"comment_status":"open","ping_status":"closed","template":"","meta":{"_joinchat":[]},"pwb-brand":[34],"product_brand":[],"product_cat":[1357,20],"product_tag":[178,495,130,257,1092],"class_list":{"0":"post-158270","1":"product","2":"type-product","3":"status-publish","4":"has-post-thumbnail","6":"pwb-brand-nox","7":"product_cat-mochilas-nox","8":"product_cat-paleteros-de-padel","9":"product_tag-luxury","10":"product_tag-master","11":"product_tag-nox","12":"product_tag-paletero","13":"product_tag-series","15":"first","16":"instock","17":"sale","18":"taxable","19":"shipping-taxable","20":"purchasable","21":"product-type-simple"},"brands":[{"id":34,"name":"Nox","slug":"nox"}],"_links":{"self":[{"href":"https:\/\/tiendapadel5.com\/nl\/wp-json\/wp\/v2\/product\/158270","targetHints":{"allow":["GET"]}}],"collection":[{"href":"https:\/\/tiendapadel5.com\/nl\/wp-json\/wp\/v2\/product"}],"about":[{"href":"https:\/\/tiendapadel5.com\/nl\/wp-json\/wp\/v2\/types\/product"}],"replies":[{"embeddable":true,"href":"https:\/\/tiendapadel5.com\/nl\/wp-json\/wp\/v2\/comments?post=158270"}],"version-history":[{"count":1,"href":"https:\/\/tiendapadel5.com\/nl\/wp-json\/wp\/v2\/product\/158270\/revisions"}],"predecessor-version":[{"id":245248,"href":"https:\/\/tiendapadel5.com\/nl\/wp-json\/wp\/v2\/product\/158270\/revisions\/245248"}],"wp:featuredmedia":[{"embeddable":true,"href":"https:\/\/tiendapadel5.com\/nl\/wp-json\/wp\/v2\/media\/158332"}],"wp:attachment":[{"href":"https:\/\/tiendapadel5.com\/nl\/wp-json\/wp\/v2\/media?parent=158270"}],"wp:term":[{"taxonomy":"pwb-brand","embeddable":true,"href":"https:\/\/tiendapadel5.com\/nl\/wp-json\/wp\/v2\/pwb-brand?post=158270"},{"taxonomy":"product_brand","embeddable":true,"href":"https:\/\/tiendapadel5.com\/nl\/wp-json\/wp\/v2\/product_brand?post=158270"},{"taxonomy":"product_cat","embeddable":true,"href":"https:\/\/tiendapadel5.com\/nl\/wp-json\/wp\/v2\/product_cat?post=158270"},{"taxonomy":"product_tag","embeddable":true,"href":"https:\/\/tiendapadel5.com\/nl\/wp-json\/wp\/v2\/product_tag?post=158270"}],"curies":[{"name":"wp","href":"https:\/\/api.w.org\/{rel}","templated":true}]}}