{"id":157665,"date":"2024-08-20T11:17:03","date_gmt":"2024-08-20T10:17:03","guid":{"rendered":"https:\/\/tiendapadel5.com\/?post_type=product&#038;p=157665"},"modified":"2025-07-29T11:13:46","modified_gmt":"2025-07-29T10:13:46","slug":"short-bullpadel-pol-carbon","status":"publish","type":"product","link":"https:\/\/tiendapadel5.com\/nl\/short-bullpadel-pol-carbon\/","title":{"rendered":"Short Bullpadel Pol Carb\u00f3n"},"content":{"rendered":"<h2>Caracter\u00edsticas Short Bullpadel Pol Carb\u00f3n:<\/h2>\n<ul>\n<li>Confeccionado con 92% poli\u00e9ster y 8% elast\u00e1n, ofrece elasticidad y soporte \u00f3ptimo.<\/li>\n<li>Integra tecnolog\u00eda Binamic para libertad de movimiento en dos direcciones.<\/li>\n<li>Cintura alta y dise\u00f1o ergon\u00f3mico que esculpe y favorece la figura.<\/li>\n<li>Perforaciones l\u00e1ser que revelan una malla interior, proporcionando una ventilaci\u00f3n superior.<\/li>\n<li>Incluye detalles reflectantes que aumentan la visibilidad durante condiciones de poca luz.<\/li>\n<li>Pertenece a la colecci\u00f3n Bullpadel 2024.<\/li>\n<\/ul>\n","protected":false},"excerpt":{"rendered":"<p>El Short Bullpadel Pol Carb\u00f3n, dise\u00f1ado para las jugadoras que busquen estilo y funcionalidad, fabricado para obtener la mayor comodidad y traspirabilidad en sus partidos intensos.<\/p>\n","protected":false},"featured_media":157714,"comment_status":"open","ping_status":"closed","template":"","meta":{"_joinchat":[]},"pwb-brand":[31],"product_brand":[],"product_cat":[21,447,47],"product_tag":[319,582,9756,601],"class_list":{"0":"post-157665","1":"product","2":"type-product","3":"status-publish","4":"has-post-thumbnail","6":"pwb-brand-bullpadel","7":"product_cat-ropa-padel","8":"product_cat-ropa-bullpadel","9":"product_cat-mujer","10":"product_tag-bullpadel","11":"product_tag-carbon","12":"product_tag-pol","13":"product_tag-short","14":"pa_talla-l","15":"pa_talla-m","16":"pa_talla-s","18":"first","19":"instock","20":"sale","21":"taxable","22":"shipping-taxable","23":"purchasable","24":"product-type-variable"},"brands":[{"id":31,"name":"Bullpadel","slug":"bullpadel"}],"_links":{"self":[{"href":"https:\/\/tiendapadel5.com\/nl\/wp-json\/wp\/v2\/product\/157665","targetHints":{"allow":["GET"]}}],"collection":[{"href":"https:\/\/tiendapadel5.com\/nl\/wp-json\/wp\/v2\/product"}],"about":[{"href":"https:\/\/tiendapadel5.com\/nl\/wp-json\/wp\/v2\/types\/product"}],"replies":[{"embeddable":true,"href":"https:\/\/tiendapadel5.com\/nl\/wp-json\/wp\/v2\/comments?post=157665"}],"version-history":[{"count":0,"href":"https:\/\/tiendapadel5.com\/nl\/wp-json\/wp\/v2\/product\/157665\/revisions"}],"wp:featuredmedia":[{"embeddable":true,"href":"https:\/\/tiendapadel5.com\/nl\/wp-json\/wp\/v2\/media\/157714"}],"wp:attachment":[{"href":"https:\/\/tiendapadel5.com\/nl\/wp-json\/wp\/v2\/media?parent=157665"}],"wp:term":[{"taxonomy":"pwb-brand","embeddable":true,"href":"https:\/\/tiendapadel5.com\/nl\/wp-json\/wp\/v2\/pwb-brand?post=157665"},{"taxonomy":"product_brand","embeddable":true,"href":"https:\/\/tiendapadel5.com\/nl\/wp-json\/wp\/v2\/product_brand?post=157665"},{"taxonomy":"product_cat","embeddable":true,"href":"https:\/\/tiendapadel5.com\/nl\/wp-json\/wp\/v2\/product_cat?post=157665"},{"taxonomy":"product_tag","embeddable":true,"href":"https:\/\/tiendapadel5.com\/nl\/wp-json\/wp\/v2\/product_tag?post=157665"}],"curies":[{"name":"wp","href":"https:\/\/api.w.org\/{rel}","templated":true}]}}