{"id":155801,"date":"2024-08-08T12:32:05","date_gmt":"2024-08-08T11:32:05","guid":{"rendered":"https:\/\/tiendapadel5.com\/?post_type=product&#038;p=155801"},"modified":"2026-04-29T15:25:15","modified_gmt":"2026-04-29T13:25:15","slug":"munequeras-adidas-pequenas-rojo-gris","status":"publish","type":"product","link":"https:\/\/tiendapadel5.com\/nl\/munequeras-adidas-pequenas-rojo-gris\/","title":{"rendered":"Mu\u00f1equeras Adidas Peque\u00f1as Rojo\/Gris"},"content":{"rendered":"<h2>Caracter\u00edsticas Mu\u00f1equeras Adidas Peque\u00f1as Rojo\/Gris :<\/h2>\n<p><strong>Color:<\/strong> Rojo y Gris<\/p>\n<p>&nbsp;<\/p>\n","protected":false},"excerpt":{"rendered":"<p>Las Nuevas Mu\u00f1equeras Adidas Peque\u00f1as Rojo\/Gris, con un dise\u00f1o nuevo con el logo de adidas en grande y con un tejido que favorece la absorcion del sudor y el secado.<\/p>\n<h1 class=\"product-title product_title entry-title\"><\/h1>\n","protected":false},"featured_media":155847,"comment_status":"open","ping_status":"closed","template":"","meta":{"_joinchat":[]},"pwb-brand":[28],"product_brand":[],"product_cat":[23,417,4412],"product_tag":[143,221,674,9744,386],"class_list":{"0":"post-155801","1":"product","2":"type-product","3":"status-publish","4":"has-post-thumbnail","6":"pwb-brand-adidas-padel","7":"product_cat-accesorios-de-padel","8":"product_cat-complementos-adidas","9":"product_cat-munequeras","10":"product_tag-adidas","11":"product_tag-gris","12":"product_tag-munequeras","13":"product_tag-pequenas","14":"product_tag-rojo","16":"first","17":"instock","18":"sale","19":"taxable","20":"shipping-taxable","21":"purchasable","22":"product-type-simple"},"brands":[{"id":28,"name":"Adidas Padel","slug":"adidas-padel"}],"_links":{"self":[{"href":"https:\/\/tiendapadel5.com\/nl\/wp-json\/wp\/v2\/product\/155801","targetHints":{"allow":["GET"]}}],"collection":[{"href":"https:\/\/tiendapadel5.com\/nl\/wp-json\/wp\/v2\/product"}],"about":[{"href":"https:\/\/tiendapadel5.com\/nl\/wp-json\/wp\/v2\/types\/product"}],"replies":[{"embeddable":true,"href":"https:\/\/tiendapadel5.com\/nl\/wp-json\/wp\/v2\/comments?post=155801"}],"version-history":[{"count":0,"href":"https:\/\/tiendapadel5.com\/nl\/wp-json\/wp\/v2\/product\/155801\/revisions"}],"wp:featuredmedia":[{"embeddable":true,"href":"https:\/\/tiendapadel5.com\/nl\/wp-json\/wp\/v2\/media\/155847"}],"wp:attachment":[{"href":"https:\/\/tiendapadel5.com\/nl\/wp-json\/wp\/v2\/media?parent=155801"}],"wp:term":[{"taxonomy":"pwb-brand","embeddable":true,"href":"https:\/\/tiendapadel5.com\/nl\/wp-json\/wp\/v2\/pwb-brand?post=155801"},{"taxonomy":"product_brand","embeddable":true,"href":"https:\/\/tiendapadel5.com\/nl\/wp-json\/wp\/v2\/product_brand?post=155801"},{"taxonomy":"product_cat","embeddable":true,"href":"https:\/\/tiendapadel5.com\/nl\/wp-json\/wp\/v2\/product_cat?post=155801"},{"taxonomy":"product_tag","embeddable":true,"href":"https:\/\/tiendapadel5.com\/nl\/wp-json\/wp\/v2\/product_tag?post=155801"}],"curies":[{"name":"wp","href":"https:\/\/api.w.org\/{rel}","templated":true}]}}