{"id":149565,"date":"2024-07-01T11:21:58","date_gmt":"2024-07-01T10:21:58","guid":{"rendered":"https:\/\/tiendapadel5.com\/?post_type=product&#038;p=149565"},"modified":"2026-03-11T17:18:23","modified_gmt":"2026-03-11T16:18:23","slug":"polo-wilson-m-team-pique-blanco","status":"publish","type":"product","link":"https:\/\/tiendapadel5.com\/nl\/polo-wilson-m-team-pique-blanco\/","title":{"rendered":"Polo Wilson M Team Pique Blanco"},"content":{"rendered":"<h2>Caracter\u00edsticas Polo Wilson M Team Pique Blanco:<\/h2>\n<table style=\"height: 126px;\" width=\"431\">\n<tbody>\n<tr>\n<th>Cuello<\/th>\n<td>Doblado con 3 botones<\/td>\n<\/tr>\n<tr>\n<th>Logo<\/th>\n<td>Manga izquierda<\/td>\n<\/tr>\n<tr>\n<th>Composici\u00f3n<\/th>\n<td>71% algod\u00f3n &#8211; 26% poli\u00e9ster &#8211; 3% elast\u00e1n<\/td>\n<\/tr>\n<tr>\n<th>Color<\/th>\n<td>Blanco<\/td>\n<\/tr>\n<\/tbody>\n<\/table>\n<p>&nbsp;<\/p>\n","protected":false},"excerpt":{"rendered":"<p>El Polo Wilson M Team Pique Blanco, fabricado con un tejido suave y ligero, ideal para sus partidos.<\/p>\n<p>&nbsp;<\/p>\n","protected":false},"featured_media":149573,"comment_status":"open","ping_status":"closed","template":"","meta":{"_joinchat":[]},"pwb-brand":[37],"product_brand":[],"product_cat":[6130,6132,6134,5898,21,46,453],"product_tag":[405,956,9686,400,223,222],"class_list":{"0":"post-149565","1":"product","2":"type-product","3":"status-publish","4":"has-post-thumbnail","6":"pwb-brand-wilson","7":"product_cat-black-friday-padel","8":"product_cat-ropa","9":"product_cat-cyber-monday-padel","10":"product_cat-polos","11":"product_cat-ropa-padel","12":"product_cat-hombre","13":"product_cat-ropa-wilson","14":"product_tag-blanco","15":"product_tag-m","16":"product_tag-pique","17":"product_tag-polo","18":"product_tag-team","19":"product_tag-wilson","20":"pa_talla-l","21":"pa_talla-m","23":"first","24":"instock","25":"sale","26":"taxable","27":"shipping-taxable","28":"purchasable","29":"product-type-variable"},"brands":[{"id":37,"name":"Wilson","slug":"wilson"}],"_links":{"self":[{"href":"https:\/\/tiendapadel5.com\/nl\/wp-json\/wp\/v2\/product\/149565","targetHints":{"allow":["GET"]}}],"collection":[{"href":"https:\/\/tiendapadel5.com\/nl\/wp-json\/wp\/v2\/product"}],"about":[{"href":"https:\/\/tiendapadel5.com\/nl\/wp-json\/wp\/v2\/types\/product"}],"replies":[{"embeddable":true,"href":"https:\/\/tiendapadel5.com\/nl\/wp-json\/wp\/v2\/comments?post=149565"}],"version-history":[{"count":1,"href":"https:\/\/tiendapadel5.com\/nl\/wp-json\/wp\/v2\/product\/149565\/revisions"}],"predecessor-version":[{"id":255968,"href":"https:\/\/tiendapadel5.com\/nl\/wp-json\/wp\/v2\/product\/149565\/revisions\/255968"}],"wp:featuredmedia":[{"embeddable":true,"href":"https:\/\/tiendapadel5.com\/nl\/wp-json\/wp\/v2\/media\/149573"}],"wp:attachment":[{"href":"https:\/\/tiendapadel5.com\/nl\/wp-json\/wp\/v2\/media?parent=149565"}],"wp:term":[{"taxonomy":"pwb-brand","embeddable":true,"href":"https:\/\/tiendapadel5.com\/nl\/wp-json\/wp\/v2\/pwb-brand?post=149565"},{"taxonomy":"product_brand","embeddable":true,"href":"https:\/\/tiendapadel5.com\/nl\/wp-json\/wp\/v2\/product_brand?post=149565"},{"taxonomy":"product_cat","embeddable":true,"href":"https:\/\/tiendapadel5.com\/nl\/wp-json\/wp\/v2\/product_cat?post=149565"},{"taxonomy":"product_tag","embeddable":true,"href":"https:\/\/tiendapadel5.com\/nl\/wp-json\/wp\/v2\/product_tag?post=149565"}],"curies":[{"name":"wp","href":"https:\/\/api.w.org\/{rel}","templated":true}]}}