{"id":148921,"date":"2024-06-28T09:37:17","date_gmt":"2024-06-28T08:37:17","guid":{"rendered":"https:\/\/tiendapadel5.com\/?post_type=product&#038;p=148921"},"modified":"2026-05-01T13:19:49","modified_gmt":"2026-05-01T11:19:49","slug":"caja-overgrips-bullpadel-hac-naranja-100-unidades","status":"publish","type":"product","link":"https:\/\/tiendapadel5.com\/nl\/caja-overgrips-bullpadel-hac-naranja-100-unidades\/","title":{"rendered":"Caja Overgrips Bullpadel Hac Naranja 100 Unidades"},"content":{"rendered":"<h2>Caracter\u00edsticas Caja Overgrips Bullpadel Hac Naranja 100 Unidades<\/h2>\n<p>Gran agarre, m\u00e1xima durabilidad y confort \u00f3ptimo.<\/p>\n<p>Sistema HAC para una sujeci\u00f3n m\u00e1s firme y segura, por su gran capacidad de absorci\u00f3n.<\/p>\n<p><strong>Color:<\/strong> Naranja<\/p>\n<p>&nbsp;<\/p>\n","protected":false},"excerpt":{"rendered":"<p>Caja Overgrips Bullpadel Hac Naranja 100 Unidades, gran agarre, m\u00e1xima durabilidad y confort \u00f3ptimo.<\/p>\n<p>&nbsp;<\/p>\n","protected":false},"featured_media":148938,"comment_status":"open","ping_status":"closed","template":"","meta":{"_joinchat":[]},"pwb-brand":[31],"product_brand":[],"product_cat":[23,420,4403],"product_tag":[1082,319,6520,862,1375,4504],"class_list":{"0":"post-148921","1":"product","2":"type-product","3":"status-publish","4":"has-post-thumbnail","6":"pwb-brand-bullpadel","7":"product_cat-accesorios-de-padel","8":"product_cat-complementos-bullpadel","9":"product_cat-grips-overgrips","10":"product_tag-1082","11":"product_tag-bullpadel","12":"product_tag-caja","13":"product_tag-naranja","14":"product_tag-overgrips","15":"product_tag-unidades","17":"first","18":"instock","19":"sale","20":"taxable","21":"shipping-taxable","22":"purchasable","23":"product-type-simple"},"brands":[{"id":31,"name":"Bullpadel","slug":"bullpadel"}],"_links":{"self":[{"href":"https:\/\/tiendapadel5.com\/nl\/wp-json\/wp\/v2\/product\/148921","targetHints":{"allow":["GET"]}}],"collection":[{"href":"https:\/\/tiendapadel5.com\/nl\/wp-json\/wp\/v2\/product"}],"about":[{"href":"https:\/\/tiendapadel5.com\/nl\/wp-json\/wp\/v2\/types\/product"}],"replies":[{"embeddable":true,"href":"https:\/\/tiendapadel5.com\/nl\/wp-json\/wp\/v2\/comments?post=148921"}],"version-history":[{"count":0,"href":"https:\/\/tiendapadel5.com\/nl\/wp-json\/wp\/v2\/product\/148921\/revisions"}],"wp:featuredmedia":[{"embeddable":true,"href":"https:\/\/tiendapadel5.com\/nl\/wp-json\/wp\/v2\/media\/148938"}],"wp:attachment":[{"href":"https:\/\/tiendapadel5.com\/nl\/wp-json\/wp\/v2\/media?parent=148921"}],"wp:term":[{"taxonomy":"pwb-brand","embeddable":true,"href":"https:\/\/tiendapadel5.com\/nl\/wp-json\/wp\/v2\/pwb-brand?post=148921"},{"taxonomy":"product_brand","embeddable":true,"href":"https:\/\/tiendapadel5.com\/nl\/wp-json\/wp\/v2\/product_brand?post=148921"},{"taxonomy":"product_cat","embeddable":true,"href":"https:\/\/tiendapadel5.com\/nl\/wp-json\/wp\/v2\/product_cat?post=148921"},{"taxonomy":"product_tag","embeddable":true,"href":"https:\/\/tiendapadel5.com\/nl\/wp-json\/wp\/v2\/product_tag?post=148921"}],"curies":[{"name":"wp","href":"https:\/\/api.w.org\/{rel}","templated":true}]}}