{"id":144117,"date":"2024-06-10T00:18:53","date_gmt":"2024-06-09T23:18:53","guid":{"rendered":"https:\/\/tiendapadel5.com\/?post_type=product&#038;p=144117"},"modified":"2026-04-27T12:32:38","modified_gmt":"2026-04-27T10:32:38","slug":"4on-totalgrip-spray","status":"publish","type":"product","link":"https:\/\/tiendapadel5.com\/nl\/4on-totalgrip-spray\/","title":{"rendered":"4on TotalGrip Spray"},"content":{"rendered":"<p><strong>4on TotalGrip Spray<\/strong><\/p>\n<p>Este es un producto antideslizante muy avanzado que evita el sudor y deja el m\u00e1ximo agarre y fricci\u00f3n en condiciones de humedad, sudor y calor. Las part\u00edculas finas en el aerosol se activan con la humedad, lo que a su vez proporciona una adherencia que brinda un agarre de alta fricci\u00f3n que optimiza el control.<\/p>\n","protected":false},"excerpt":{"rendered":"<p>4on TotalGrip Spray, evita el sudor y deja el m\u00e1ximo agarre y fricci\u00f3n en condiciones de humedad, sudor y calor.<\/p>\n","protected":false},"featured_media":144118,"comment_status":"open","ping_status":"closed","template":"","meta":{"_joinchat":[]},"pwb-brand":[],"product_brand":[],"product_cat":[23,4403],"product_tag":[],"class_list":{"0":"post-144117","1":"product","2":"type-product","3":"status-publish","4":"has-post-thumbnail","6":"product_cat-accesorios-de-padel","7":"product_cat-grips-overgrips","9":"first","10":"instock","11":"sale","12":"taxable","13":"shipping-taxable","14":"purchasable","15":"product-type-simple"},"brands":[],"_links":{"self":[{"href":"https:\/\/tiendapadel5.com\/nl\/wp-json\/wp\/v2\/product\/144117","targetHints":{"allow":["GET"]}}],"collection":[{"href":"https:\/\/tiendapadel5.com\/nl\/wp-json\/wp\/v2\/product"}],"about":[{"href":"https:\/\/tiendapadel5.com\/nl\/wp-json\/wp\/v2\/types\/product"}],"replies":[{"embeddable":true,"href":"https:\/\/tiendapadel5.com\/nl\/wp-json\/wp\/v2\/comments?post=144117"}],"version-history":[{"count":0,"href":"https:\/\/tiendapadel5.com\/nl\/wp-json\/wp\/v2\/product\/144117\/revisions"}],"wp:featuredmedia":[{"embeddable":true,"href":"https:\/\/tiendapadel5.com\/nl\/wp-json\/wp\/v2\/media\/144118"}],"wp:attachment":[{"href":"https:\/\/tiendapadel5.com\/nl\/wp-json\/wp\/v2\/media?parent=144117"}],"wp:term":[{"taxonomy":"pwb-brand","embeddable":true,"href":"https:\/\/tiendapadel5.com\/nl\/wp-json\/wp\/v2\/pwb-brand?post=144117"},{"taxonomy":"product_brand","embeddable":true,"href":"https:\/\/tiendapadel5.com\/nl\/wp-json\/wp\/v2\/product_brand?post=144117"},{"taxonomy":"product_cat","embeddable":true,"href":"https:\/\/tiendapadel5.com\/nl\/wp-json\/wp\/v2\/product_cat?post=144117"},{"taxonomy":"product_tag","embeddable":true,"href":"https:\/\/tiendapadel5.com\/nl\/wp-json\/wp\/v2\/product_tag?post=144117"}],"curies":[{"name":"wp","href":"https:\/\/api.w.org\/{rel}","templated":true}]}}