{"id":140705,"date":"2024-05-18T18:09:32","date_gmt":"2024-05-18T17:09:32","guid":{"rendered":"https:\/\/tiendapadel5.com\/calcoes-pro-para-homem-lavanda-clara\/"},"modified":"2024-05-18T18:09:32","modified_gmt":"2024-05-18T17:09:32","slug":"calcoes-pro-para-homem-lavanda-clara","status":"publish","type":"product","link":"https:\/\/tiendapadel5.com\/nl\/calcoes-pro-para-homem-lavanda-clara\/","title":{"rendered":"Cal\u00e7\u00f5es Pro para homem Lavanda clara"},"content":{"rendered":"<h2>Cal\u00e7\u00f5es Pro para homem Lavanda clara Caracter\u00edsticas:<\/h2>\n<p><b>Composi\u00e7\u00e3o<\/b>: Poli\u00e9ster 92% &#8211; Spandex 8%.<\/p>\n","protected":false},"excerpt":{"rendered":"<p>Os cal\u00e7\u00f5es Pro Men&#8217;s Light Lavender para homem foram concebidos com um novo tecido leve para o m\u00e1ximo conforto no teu jogo.<\/p>\n","protected":false},"featured_media":140306,"comment_status":"open","ping_status":"closed","template":"","meta":{"_joinchat":[]},"pwb-brand":[34],"product_brand":[],"product_cat":[102,21,46,451],"product_tag":[401,903,402,8040,9126,176],"class_list":{"0":"post-140705","1":"product","2":"type-product","3":"status-publish","4":"has-post-thumbnail","6":"pwb-brand-nox","7":"product_cat-pantalones-cortos","8":"product_cat-ropa-padel","9":"product_cat-hombre","10":"product_cat-ropa-nox","11":"product_tag-pantalon","12":"product_tag-claro","13":"product_tag-corto","14":"product_tag-hombre","15":"product_tag-lavanda","16":"product_tag-pro","17":"pa_talla-l","18":"pa_talla-m","19":"pa_talla-xl","21":"first","22":"instock","23":"taxable","24":"shipping-taxable","25":"purchasable","26":"product-type-variable"},"brands":[{"id":34,"name":"Nox","slug":"nox"}],"_links":{"self":[{"href":"https:\/\/tiendapadel5.com\/nl\/wp-json\/wp\/v2\/product\/140705","targetHints":{"allow":["GET"]}}],"collection":[{"href":"https:\/\/tiendapadel5.com\/nl\/wp-json\/wp\/v2\/product"}],"about":[{"href":"https:\/\/tiendapadel5.com\/nl\/wp-json\/wp\/v2\/types\/product"}],"replies":[{"embeddable":true,"href":"https:\/\/tiendapadel5.com\/nl\/wp-json\/wp\/v2\/comments?post=140705"}],"version-history":[{"count":0,"href":"https:\/\/tiendapadel5.com\/nl\/wp-json\/wp\/v2\/product\/140705\/revisions"}],"wp:featuredmedia":[{"embeddable":true,"href":"https:\/\/tiendapadel5.com\/nl\/wp-json\/wp\/v2\/media\/140306"}],"wp:attachment":[{"href":"https:\/\/tiendapadel5.com\/nl\/wp-json\/wp\/v2\/media?parent=140705"}],"wp:term":[{"taxonomy":"pwb-brand","embeddable":true,"href":"https:\/\/tiendapadel5.com\/nl\/wp-json\/wp\/v2\/pwb-brand?post=140705"},{"taxonomy":"product_brand","embeddable":true,"href":"https:\/\/tiendapadel5.com\/nl\/wp-json\/wp\/v2\/product_brand?post=140705"},{"taxonomy":"product_cat","embeddable":true,"href":"https:\/\/tiendapadel5.com\/nl\/wp-json\/wp\/v2\/product_cat?post=140705"},{"taxonomy":"product_tag","embeddable":true,"href":"https:\/\/tiendapadel5.com\/nl\/wp-json\/wp\/v2\/product_tag?post=140705"}],"curies":[{"name":"wp","href":"https:\/\/api.w.org\/{rel}","templated":true}]}}