{"id":144515,"date":"2024-06-11T19:17:54","date_gmt":"2024-06-11T17:17:54","guid":{"rendered":"https:\/\/tiendapadel5.com\/ux-bouwer-groothandel\/"},"modified":"2025-10-24T09:50:20","modified_gmt":"2025-10-24T07:50:20","slug":"groothandel","status":"publish","type":"page","link":"https:\/\/tiendapadel5.com\/nl\/groothandel\/","title":{"rendered":"UX bouwer groothandel"},"content":{"rendered":"\n<h1 style=\"text-align: center;\">Padel Groothandel | Padel Knuppels Groothandel Kopen<\/h1>\n<div class=\"text-center\"><div class=\"is-divider divider clearfix\" style=\"max-width:300px;background-color:#dd0000;\"><\/div><\/div>\n\n<div class=\"row align-center\"  id=\"row-103606605\">\n\n\n\t<div id=\"col-554449516\" class=\"col medium-4 small-12 large-4\"  >\n\t\t\t\t<div class=\"col-inner\"  >\n\t\t\t\n\t\t\t\n\n\t<div class=\"img has-hover x md-x lg-x y md-y lg-y\" id=\"image_517955423\">\n\t\t\t\t\t\t\t\t<div class=\"img-inner dark\" >\n\t\t\t<img fetchpriority=\"high\" decoding=\"async\" width=\"800\" height=\"800\" src=\"https:\/\/tiendapadel5.com\/wp-content\/uploads\/2024\/12\/WhatsApp-Image-2024-12-05-at-16.16.00-800x800.jpeg\" class=\"attachment-large size-large\" alt=\"mayorista de padel almac\u00e9n\" srcset=\"https:\/\/tiendapadel5.com\/wp-content\/uploads\/2024\/12\/WhatsApp-Image-2024-12-05-at-16.16.00-800x800.jpeg 800w, https:\/\/tiendapadel5.com\/wp-content\/uploads\/2024\/12\/WhatsApp-Image-2024-12-05-at-16.16.00-300x300.jpeg 300w, https:\/\/tiendapadel5.com\/wp-content\/uploads\/2024\/12\/WhatsApp-Image-2024-12-05-at-16.16.00-150x150.jpeg 150w, https:\/\/tiendapadel5.com\/wp-content\/uploads\/2024\/12\/WhatsApp-Image-2024-12-05-at-16.16.00-768x768.jpeg 768w, https:\/\/tiendapadel5.com\/wp-content\/uploads\/2024\/12\/WhatsApp-Image-2024-12-05-at-16.16.00-247x247.jpeg 247w, https:\/\/tiendapadel5.com\/wp-content\/uploads\/2024\/12\/WhatsApp-Image-2024-12-05-at-16.16.00-400x400.jpeg 400w, https:\/\/tiendapadel5.com\/wp-content\/uploads\/2024\/12\/WhatsApp-Image-2024-12-05-at-16.16.00-100x100.jpeg 100w, https:\/\/tiendapadel5.com\/wp-content\/uploads\/2024\/12\/WhatsApp-Image-2024-12-05-at-16.16.00.jpeg 1511w\" sizes=\"(max-width: 800px) 100vw, 800px\" \/>\t\t\t\t\t\t\n\t\t\t\t\t<\/div>\n\t\t\t\t\t\t\t\t\n<style>\n#image_517955423 {\n  width: 100%;\n}\n<\/style>\n\t<\/div>\n\t\n\n\n\t\t<\/div>\n\t\t\t\t\t<\/div>\n\n\t\n\n\t<div id=\"col-1118632354\" class=\"col medium-6 small-12 large-6\"  >\n\t\t\t\t<div class=\"col-inner\"  >\n\t\t\t\n\t\t\t\n\n<p>Padel5 is een van de <strong>eerste padeldistributeurs in Spanje<\/strong>. We zijn gestart in 2012 en hebben al <strong>meer dan 10 jaar ervaring<\/strong> met het distribueren van producten in verschillende landen over de hele wereld.<\/p>\n<p>Dankzij onze voorwaarden heb je toegang tot een groot aantal <strong>peddelrackets tegen de beste prijs en met weinig investering.<\/strong><\/p>\n<p>We hebben <strong>padelfranchises<\/strong> over de hele wereld, we zijn al vele jaren actief op de markt en we blijven groeien. We hanteren scherpe prijzen en stellen weinig eisen als je bij ons bestelt.<\/p>\n<p>Wij zijn de distributeur die je nodig hebt om de <strong>beste padelrackets van de toonaangevende merken<\/strong> in je winkel te verkopen.<\/p>\n\n\t\t<\/div>\n\t\t\t\t\t<\/div>\n\n\t\n\n<\/div>\n\t<div id=\"gap-82404274\" class=\"gap-element clearfix\" style=\"display:block; height:auto;\">\n\t\t\n<style>\n#gap-82404274 {\n  padding-top: 30px;\n}\n<\/style>\n\t<\/div>\n\t\n\n<h2 style=\"text-align: center;\">Wil je padelmateriaal verkopen?<\/h2>\n<div class=\"text-center\"><div class=\"is-divider divider clearfix\" style=\"max-width:300px;background-color:#dd0000;\"><\/div><\/div>\n\n<div class=\"row\"  id=\"row-181556745\">\n\n\n\t<div id=\"col-1934115229\" class=\"col medium-6 small-12 large-6\"  >\n\t\t\t\t<div class=\"col-inner text-center\"  >\n\t\t\t\n\t\t\t\n\n<a href=\"mailto:padel5@tiendapadel5.com\" target=\"_blank\" class=\"button primary is-outline expand\" rel=\"noopener\" >\n\t\t<span>Schrijf ons een e-mail<\/span>\n\t<i class=\"icon-envelop\" aria-hidden=\"true\"><\/i><\/a>\n\n\n\n\t\t<\/div>\n\t\t\t\t\t<\/div>\n\n\t\n\n\t<div id=\"col-495104078\" class=\"col medium-6 small-12 large-6\"  >\n\t\t\t\t<div class=\"col-inner text-center\"  >\n\t\t\t\n\t\t\t\n\n<a href=\"tel:+34610722717\" target=\"_blank\" class=\"button primary is-outline expand\" rel=\"noopener\" >\n\t\t<span>bel ons op<\/span>\n\t<i class=\"icon-phone\" aria-hidden=\"true\"><\/i><\/a>\n\n\n\n\t\t<\/div>\n\t\t\t\t\t<\/div>\n\n\t\n\n<\/div>\n<div class=\"row align-equal align-center\"  id=\"row-1701721379\">\n\n\n\t<div id=\"col-703412270\" class=\"col medium-3 small-12 large-3\"  >\n\t\t\t\t<div class=\"col-inner\"  >\n\t\t\t\n\t\t\t\n\n\t<div class=\"img has-hover x md-x lg-x y md-y lg-y\" id=\"image_837514983\">\n\t\t\t\t\t\t\t\t<div class=\"img-inner dark\" >\n\t\t\t<img decoding=\"async\" width=\"800\" height=\"800\" src=\"https:\/\/tiendapadel5.com\/wp-content\/uploads\/2024\/12\/WhatsApp-Image-2024-12-05-at-16.17.34-800x800.jpeg\" class=\"attachment-large size-large\" alt=\"\" srcset=\"https:\/\/tiendapadel5.com\/wp-content\/uploads\/2024\/12\/WhatsApp-Image-2024-12-05-at-16.17.34-800x800.jpeg 800w, https:\/\/tiendapadel5.com\/wp-content\/uploads\/2024\/12\/WhatsApp-Image-2024-12-05-at-16.17.34-300x300.jpeg 300w, https:\/\/tiendapadel5.com\/wp-content\/uploads\/2024\/12\/WhatsApp-Image-2024-12-05-at-16.17.34-150x150.jpeg 150w, https:\/\/tiendapadel5.com\/wp-content\/uploads\/2024\/12\/WhatsApp-Image-2024-12-05-at-16.17.34-768x768.jpeg 768w, https:\/\/tiendapadel5.com\/wp-content\/uploads\/2024\/12\/WhatsApp-Image-2024-12-05-at-16.17.34-247x247.jpeg 247w, https:\/\/tiendapadel5.com\/wp-content\/uploads\/2024\/12\/WhatsApp-Image-2024-12-05-at-16.17.34-400x400.jpeg 400w, https:\/\/tiendapadel5.com\/wp-content\/uploads\/2024\/12\/WhatsApp-Image-2024-12-05-at-16.17.34-100x100.jpeg 100w, https:\/\/tiendapadel5.com\/wp-content\/uploads\/2024\/12\/WhatsApp-Image-2024-12-05-at-16.17.34.jpeg 1536w\" sizes=\"(max-width: 800px) 100vw, 800px\" \/>\t\t\t\t\t\t\n\t\t\t\t\t<\/div>\n\t\t\t\t\t\t\t\t\n<style>\n#image_837514983 {\n  width: 100%;\n}\n<\/style>\n\t<\/div>\n\t\n\n\n\t\t<\/div>\n\t\t\t\t\t<\/div>\n\n\t\n\n\t<div id=\"col-270305331\" class=\"col medium-3 small-12 large-3\"  >\n\t\t\t\t<div class=\"col-inner\"  >\n\t\t\t\n\t\t\t\n\n\t<div class=\"img has-hover x md-x lg-x y md-y lg-y\" id=\"image_195764528\">\n\t\t\t\t\t\t\t\t<div class=\"img-inner dark\" >\n\t\t\t<img decoding=\"async\" width=\"800\" height=\"800\" src=\"https:\/\/tiendapadel5.com\/wp-content\/uploads\/2024\/12\/WhatsApp-Image-2024-12-05-at-16.16.18-1-800x800.jpeg\" class=\"attachment-large size-large\" alt=\"almacen material padel al por mayor\" srcset=\"https:\/\/tiendapadel5.com\/wp-content\/uploads\/2024\/12\/WhatsApp-Image-2024-12-05-at-16.16.18-1-800x800.jpeg 800w, https:\/\/tiendapadel5.com\/wp-content\/uploads\/2024\/12\/WhatsApp-Image-2024-12-05-at-16.16.18-1-300x300.jpeg 300w, https:\/\/tiendapadel5.com\/wp-content\/uploads\/2024\/12\/WhatsApp-Image-2024-12-05-at-16.16.18-1-150x150.jpeg 150w, https:\/\/tiendapadel5.com\/wp-content\/uploads\/2024\/12\/WhatsApp-Image-2024-12-05-at-16.16.18-1-768x768.jpeg 768w, https:\/\/tiendapadel5.com\/wp-content\/uploads\/2024\/12\/WhatsApp-Image-2024-12-05-at-16.16.18-1-247x247.jpeg 247w, https:\/\/tiendapadel5.com\/wp-content\/uploads\/2024\/12\/WhatsApp-Image-2024-12-05-at-16.16.18-1-400x400.jpeg 400w, https:\/\/tiendapadel5.com\/wp-content\/uploads\/2024\/12\/WhatsApp-Image-2024-12-05-at-16.16.18-1-100x100.jpeg 100w, https:\/\/tiendapadel5.com\/wp-content\/uploads\/2024\/12\/WhatsApp-Image-2024-12-05-at-16.16.18-1.jpeg 1536w\" sizes=\"(max-width: 800px) 100vw, 800px\" \/>\t\t\t\t\t\t\n\t\t\t\t\t<\/div>\n\t\t\t\t\t\t\t\t\n<style>\n#image_195764528 {\n  width: 100%;\n}\n<\/style>\n\t<\/div>\n\t\n\n\n\t\t<\/div>\n\t\t\t\t\t<\/div>\n\n\t\n\n\t<div id=\"col-249554385\" class=\"col medium-3 small-12 large-3\"  >\n\t\t\t\t<div class=\"col-inner\"  >\n\t\t\t\n\t\t\t\n\n\t<div class=\"img has-hover x md-x lg-x y md-y lg-y\" id=\"image_656512125\">\n\t\t\t\t\t\t\t\t<div class=\"img-inner dark\" >\n\t\t\t<img loading=\"lazy\" decoding=\"async\" width=\"800\" height=\"800\" src=\"https:\/\/tiendapadel5.com\/wp-content\/uploads\/2022\/12\/imagen-mayorista-padel-800x800.jpg\" class=\"attachment-large size-large\" alt=\"imagen mayorista de padel\" srcset=\"https:\/\/tiendapadel5.com\/wp-content\/uploads\/2022\/12\/imagen-mayorista-padel-800x800.jpg 800w, https:\/\/tiendapadel5.com\/wp-content\/uploads\/2022\/12\/imagen-mayorista-padel-300x300.jpg 300w, https:\/\/tiendapadel5.com\/wp-content\/uploads\/2022\/12\/imagen-mayorista-padel-150x150.jpg 150w, https:\/\/tiendapadel5.com\/wp-content\/uploads\/2022\/12\/imagen-mayorista-padel-768x768.jpg 768w, https:\/\/tiendapadel5.com\/wp-content\/uploads\/2022\/12\/imagen-mayorista-padel-900x900.jpg 900w, https:\/\/tiendapadel5.com\/wp-content\/uploads\/2022\/12\/imagen-mayorista-padel-247x247.jpg 247w, https:\/\/tiendapadel5.com\/wp-content\/uploads\/2022\/12\/imagen-mayorista-padel-400x400.jpg 400w, https:\/\/tiendapadel5.com\/wp-content\/uploads\/2022\/12\/imagen-mayorista-padel-100x100.jpg 100w, https:\/\/tiendapadel5.com\/wp-content\/uploads\/2022\/12\/imagen-mayorista-padel.jpg 1440w\" sizes=\"(max-width: 800px) 100vw, 800px\" \/>\t\t\t\t\t\t\n\t\t\t\t\t<\/div>\n\t\t\t\t\t\t\t\t\n<style>\n#image_656512125 {\n  width: 100%;\n}\n<\/style>\n\t<\/div>\n\t\n\n\n\t\t<\/div>\n\t\t\t\t\t<\/div>\n\n\t\n\n\t<div id=\"col-344484972\" class=\"col medium-3 small-12 large-3\"  >\n\t\t\t\t<div class=\"col-inner\"  >\n\t\t\t\n\t\t\t\n\n\t<div class=\"img has-hover x md-x lg-x y md-y lg-y\" id=\"image_626485181\">\n\t\t\t\t\t\t\t\t<div class=\"img-inner dark\" >\n\t\t\t<img loading=\"lazy\" decoding=\"async\" width=\"480\" height=\"480\" src=\"https:\/\/tiendapadel5.com\/wp-content\/uploads\/2024\/03\/IMG_8341.jpeg\" class=\"attachment-large size-large\" alt=\"almac\u00e9n de material de Padel\" srcset=\"https:\/\/tiendapadel5.com\/wp-content\/uploads\/2024\/03\/IMG_8341.jpeg 480w, https:\/\/tiendapadel5.com\/wp-content\/uploads\/2024\/03\/IMG_8341-300x300.jpeg 300w, https:\/\/tiendapadel5.com\/wp-content\/uploads\/2024\/03\/IMG_8341-150x150.jpeg 150w, https:\/\/tiendapadel5.com\/wp-content\/uploads\/2024\/03\/IMG_8341-247x247.jpeg 247w, https:\/\/tiendapadel5.com\/wp-content\/uploads\/2024\/03\/IMG_8341-400x400.jpeg 400w, https:\/\/tiendapadel5.com\/wp-content\/uploads\/2024\/03\/IMG_8341-100x100.jpeg 100w\" sizes=\"(max-width: 480px) 100vw, 480px\" \/>\t\t\t\t\t\t\n\t\t\t\t\t<\/div>\n\t\t\t\t\t\t\t\t\n<style>\n#image_626485181 {\n  width: 100%;\n}\n<\/style>\n\t<\/div>\n\t\n\n\n\t\t<\/div>\n\t\t\t\t\t<\/div>\n\n\t\n\n<\/div>\n\t<div id=\"gap-1683169731\" class=\"gap-element clearfix\" style=\"display:block; height:auto;\">\n\t\t\n<style>\n#gap-1683169731 {\n  padding-top: 30px;\n}\n<\/style>\n\t<\/div>\n\t\n\n<h2 style=\"text-align: center;\">Kwaliteit en Prijs in Peddel Groothandel Materiaal<\/h2>\n<div class=\"text-center\"><div class=\"is-divider divider clearfix\" style=\"max-width:300px;background-color:#dd0000;\"><\/div><\/div>\n\n<p>Bij Padel5 hebben we <strong>de meest complete catalogus padelproducten<\/strong>. Wij worden gesteund door de kwaliteit, veiligheid en het vertrouwen dat duizenden klanten over de hele wereld ons geven.<\/p>\n<div>Wij zorgen ervoor dat we altijd de <strong>nieuwste en beste prijzen<\/strong> hebben voor alle soorten groothandel padeluitrusting: padelrackets, ballen, padelrekken, schoenen, accessoires en nog veel meer.<\/div>\n<div> <\/div>\n<div>We verzenden naar alle uithoeken van de wereld, dus waar je ook bent, <strong>als je wilt dat je padelwinkel de beste kwaliteit verkoopt, neem dan contact met ons op!<\/strong><\/div>\n\t<div id=\"gap-895342102\" class=\"gap-element clearfix\" style=\"display:block; height:auto;\">\n\t\t\n<style>\n#gap-895342102 {\n  padding-top: 50px;\n}\n<\/style>\n\t<\/div>\n\t\n\n<h2 style=\"text-align: center;\">Neem contact op met<\/h2>\n<div class=\"row\"  id=\"row-354543944\">\n\n\n\t<div id=\"col-1643867223\" class=\"col medium-2 small-12 large-2\"  >\n\t\t\t\t<div class=\"col-inner text-center\"  >\n\t\t\t\n\t\t\t\n\n\n\t\t<\/div>\n\t\t\t\t\t<\/div>\n\n\t\n\n\t<div id=\"col-670350058\" class=\"col medium-8 small-12 large-8\"  >\n\t\t\t\t<div class=\"col-inner text-center\"  >\n\t\t\t\n\t\t\t\n\n\t<div id=\"text-467938136\" class=\"text\">\n\t\t\n\n<div class=\"wpforms-container wpforms-container-full\" id=\"wpforms-171027\"><form id=\"wpforms-form-171027\" class=\"wpforms-validate wpforms-form wpforms-ajax-form\" data-formid=\"171027\" method=\"post\" enctype=\"multipart\/form-data\" action=\"\/nl\/wp-json\/wp\/v2\/pages\/144515\" data-token=\"6918db6a7c440ffd3c08783a511bd0a1\" data-token-time=\"1777477450\"><noscript class=\"wpforms-error-noscript\">Schakel JavaScript in je browser in om dit formulier in te vullen.<\/noscript><div class=\"wpforms-field-container\"><div id=\"wpforms-171027-field_0-container\" class=\"wpforms-field wpforms-field-name\" data-field-id=\"0\"><label class=\"wpforms-field-label\" for=\"wpforms-171027-field_0\">Nombre completo <span class=\"wpforms-required-label\">*<\/span><\/label><input type=\"text\" id=\"wpforms-171027-field_0\" class=\"wpforms-field-large wpforms-field-required\" name=\"wpforms[fields][0]\" required><\/div><div id=\"wpforms-171027-field_9-container\" class=\"wpforms-field wpforms-field-text\" data-field-id=\"9\"><label class=\"wpforms-field-label\" for=\"wpforms-171027-field_9\">Tel\u00e9fono de contacto <span class=\"wpforms-required-label\">*<\/span><\/label><input type=\"text\" id=\"wpforms-171027-field_9\" class=\"wpforms-field-large wpforms-field-required wpforms-masked-input\" data-rule-inputmask-incomplete=\"1\" data-inputmask-mask=\"999-999-999\" name=\"wpforms[fields][9]\" required><\/div><div id=\"wpforms-171027-field_1-container\" class=\"wpforms-field wpforms-field-email\" data-field-id=\"1\"><label class=\"wpforms-field-label\" for=\"wpforms-171027-field_1\">Correo electr\u00f3nico <span class=\"wpforms-required-label\">*<\/span><\/label><input type=\"email\" id=\"wpforms-171027-field_1\" class=\"wpforms-field-large wpforms-field-required\" name=\"wpforms[fields][1]\" spellcheck=\"false\" required><\/div><div id=\"wpforms-171027-field_2-container\" class=\"wpforms-field wpforms-field-textarea\" data-field-id=\"2\"><label class=\"wpforms-field-label\" for=\"wpforms-171027-field_2\">Comentario o mensaje <span class=\"wpforms-required-label\">*<\/span><\/label><textarea id=\"wpforms-171027-field_2\" class=\"wpforms-field-medium wpforms-field-required\" name=\"wpforms[fields][2]\" required><\/textarea><\/div><div id=\"wpforms-171027-field_11-container\" class=\"wpforms-field wpforms-field-checkbox\" data-field-id=\"11\"><label class=\"wpforms-field-label wpforms-label-hide\">Protecci\u00f3n de datos <span class=\"wpforms-required-label\">*<\/span><\/label><ul id=\"wpforms-171027-field_11\" class=\"wpforms-field-required\"><li class=\"choice-1 depth-1\"><input type=\"checkbox\" id=\"wpforms-171027-field_11_1\" name=\"wpforms[fields][11][]\" value=\"Consiento el tratamiento de datos\" required ><label class=\"wpforms-field-label-inline\" for=\"wpforms-171027-field_11_1\">Consiento el tratamiento de datos<\/label><\/li><\/ul><div class=\"wpforms-field-description\">De conformidad con Reglamento General de Protecci\u00f3n de Datos (en adelante, RGPD), y de acuerdo a la Ley Org\u00e1nica 3\/2018, de 5 de diciembre, de Protecci\u00f3n de Datos Personales y garant\u00eda de los derechos digitales, Vd. da su consentimiento para el tratamiento de los datos personales aportados a trav\u00e9s de su petici\u00f3n. Estos ser\u00e1n incorporados al fichero correspondiente titularidad de PROZERIMAR SL, inscrito en el Registro de Actividades de Tratamiento. Sus datos ser\u00e1n utilizados en la gesti\u00f3n administrativa y comercial de su petici\u00f3n y de nuestra eventual relaci\u00f3n contractual y no ser\u00e1n cedidos a terceros, salvo obligaci\u00f3n legal. Le informamos que podr\u00e1 ejercer los derechos establecidos en RGPD: Derecho a solicitar el acceso a los datos personales relativos al interesado, a solicitar su rectificaci\u00f3n o supresi\u00f3n, a solicitar la limitaci\u00f3n de su tratamiento, a oponerse al tratamiento y a la portabilidad de los datos; a trav\u00e9s de carta certificada, adjuntando fotocopia de su DNI\/Pasaporte, en la siguiente direcci\u00f3n: CR BAILEN MOTRIL KM 15, 23620 MENGIBAR (JAEN). Puede consultar la informaci\u00f3n adicional y detallada sobre Protecci\u00f3n de Datos solicitando documento informativo detallado que se encuentra a su disposici\u00f3n.<\/div><\/div><\/div><!-- .wpforms-field-container --><div class=\"wpforms-recaptcha-container wpforms-is-recaptcha wpforms-is-recaptcha-type-v2\" ><div class=\"g-recaptcha\" data-sitekey=\"6Lcz9P4ZAAAAAGjCwFVbsUBkQCE4eWpDcFa5om6P\"><\/div><input type=\"text\" name=\"g-recaptcha-hidden\" class=\"wpforms-recaptcha-hidden\" style=\"position:absolute!important;clip:rect(0,0,0,0)!important;height:1px!important;width:1px!important;border:0!important;overflow:hidden!important;padding:0!important;margin:0!important;\" data-rule-recaptcha=\"1\"><\/div><div class=\"wpforms-submit-container\" ><input type=\"hidden\" name=\"wpforms[id]\" value=\"171027\"><input type=\"hidden\" name=\"page_title\" value=\"\"><input type=\"hidden\" name=\"page_url\" value=\"https:\/\/tiendapadel5.com\/nl\/wp-json\/wp\/v2\/pages\/144515\"><input type=\"hidden\" name=\"url_referer\" value=\"\"><button type=\"submit\" name=\"wpforms[submit]\" id=\"wpforms-submit-171027\" class=\"wpforms-submit\" data-alt-text=\"Enviando...\" data-submit-text=\"Enviar\" aria-live=\"assertive\" value=\"wpforms-submit\">Enviar<\/button><img loading=\"lazy\" decoding=\"async\" src=\"https:\/\/tiendapadel5.com\/wp-content\/plugins\/wpforms-lite\/assets\/images\/submit-spin.svg\" class=\"wpforms-submit-spinner\" style=\"display: none;\" width=\"26\" height=\"26\" alt=\"Aan het laden\"><\/div><\/form><\/div>  <!-- .wpforms-container -->\n\t\t\n<style>\n#text-467938136 {\n  text-align: left;\n}\n<\/style>\n\t<\/div>\n\t\n\n\t\t<\/div>\n\t\t\t\t\t<\/div>\n\n\t\n\n\t<div id=\"col-812330828\" class=\"col medium-2 small-12 large-2\"  >\n\t\t\t\t<div class=\"col-inner text-center\"  >\n\t\t\t\n\t\t\t\n\n\n\t\t<\/div>\n\t\t\t\t\t<\/div>\n\n\t\n\n<\/div>\n<div class=\"text-center\"><div class=\"is-divider divider clearfix\" style=\"max-width:300px;background-color:#dd0000;\"><\/div><\/div>\n\n<h2 style=\"text-align: center;\">Enkele van onze franchisenemers<\/h2>\n<div class=\"text-center\"><div class=\"is-divider divider clearfix\" style=\"max-width:300px;background-color:#dd0000;\"><\/div><\/div>\n\n<div class=\"row\"  id=\"row-328854651\">\n\n\n\t<div id=\"col-1707962856\" class=\"col medium-5 small-12 large-5\"  >\n\t\t\t\t<div class=\"col-inner\"  >\n\t\t\t\n\t\t\t\n\n\t<div class=\"img has-hover x md-x lg-x y md-y lg-y\" id=\"image_463120497\">\n\t\t\t\t\t\t\t\t<div class=\"img-inner dark\" >\n\t\t\t<img loading=\"lazy\" decoding=\"async\" width=\"352\" height=\"108\" src=\"https:\/\/tiendapadel5.com\/wp-content\/uploads\/2024\/05\/img-franquiciado-x3padelmalaga.png\" class=\"attachment-large size-large\" alt=\"x3padel es franquiciado de Padel5\" srcset=\"https:\/\/tiendapadel5.com\/wp-content\/uploads\/2024\/05\/img-franquiciado-x3padelmalaga.png 352w, https:\/\/tiendapadel5.com\/wp-content\/uploads\/2024\/05\/img-franquiciado-x3padelmalaga-300x92.png 300w\" sizes=\"(max-width: 352px) 100vw, 352px\" \/>\t\t\t\t\t\t\n\t\t\t\t\t<\/div>\n\t\t\t\t\t\t\t\t\n<style>\n#image_463120497 {\n  width: 100%;\n}\n<\/style>\n\t<\/div>\n\t\n\n\n\t\t<\/div>\n\t\t\t\t\t<\/div>\n\n\t\n\n\t<div id=\"col-1822224505\" class=\"col medium-7 small-12 large-7\"  >\n\t\t\t\t<div class=\"col-inner\"  >\n\t\t\t\n\t\t\t\n\n<h3><span style=\"font-size: 130%;\">X3 Padel<\/span><\/h3>\n<p><span style=\"font-size: 130%;\">Website: x3padel.es<\/span><\/p>\n<p><span style=\"font-size: 130%;\">Adres: Calle Miguel de Cervantes, 1<\/span><\/p>\n<p><span style=\"font-size: 130%;\">29730, Rinc\u00f3n de la Victoria (M\u00e1laga)<\/span><\/p>\n<p><span style=\"font-size: 130%;\">Spanje<\/span><\/p>\n\n\t\t<\/div>\n\t\t\t\t\t<\/div>\n\n\t\n\n<\/div>\n<div class=\"row\"  id=\"row-1774163099\">\n\n\n\t<div id=\"col-632073091\" class=\"col medium-5 small-12 large-5\"  >\n\t\t\t\t<div class=\"col-inner\"  >\n\t\t\t\n\t\t\t\n\n\t<div class=\"img has-hover x md-x lg-x y md-y lg-y\" id=\"image_1010587567\">\n\t\t\t\t\t\t\t\t<div class=\"img-inner dark\" >\n\t\t\t<img loading=\"lazy\" decoding=\"async\" width=\"800\" height=\"509\" src=\"https:\/\/tiendapadel5.com\/wp-content\/uploads\/2025\/10\/tienda-padel-italia-800x509.jpeg\" class=\"attachment-large size-large\" alt=\"tienda padel Italia\" srcset=\"https:\/\/tiendapadel5.com\/wp-content\/uploads\/2025\/10\/tienda-padel-italia-800x509.jpeg 800w, https:\/\/tiendapadel5.com\/wp-content\/uploads\/2025\/10\/tienda-padel-italia-400x254.jpeg 400w, https:\/\/tiendapadel5.com\/wp-content\/uploads\/2025\/10\/tienda-padel-italia-300x191.jpeg 300w, https:\/\/tiendapadel5.com\/wp-content\/uploads\/2025\/10\/tienda-padel-italia-768x488.jpeg 768w, https:\/\/tiendapadel5.com\/wp-content\/uploads\/2025\/10\/tienda-padel-italia-1536x976.jpeg 1536w, https:\/\/tiendapadel5.com\/wp-content\/uploads\/2025\/10\/tienda-padel-italia.jpeg 1600w\" sizes=\"(max-width: 800px) 100vw, 800px\" \/>\t\t\t\t\t\t\n\t\t\t\t\t<\/div>\n\t\t\t\t\t\t\t\t\n<style>\n#image_1010587567 {\n  width: 100%;\n}\n<\/style>\n\t<\/div>\n\t\n\n\n\t\t<\/div>\n\t\t\t\t\t<\/div>\n\n\t\n\n\t<div id=\"col-1417869975\" class=\"col medium-7 small-12 large-7\"  >\n\t\t\t\t<div class=\"col-inner\"  >\n\t\t\t\n\t\t\t\n\n\t<div id=\"gap-737421319\" class=\"gap-element clearfix\" style=\"display:block; height:auto;\">\n\t\t\n<style>\n#gap-737421319 {\n  padding-top: 30px;\n}\n<\/style>\n\t<\/div>\n\t\n\n<div class=\"elementor-column elementor-col-50 elementor-top-column elementor-element elementor-element-7af2822 exad-glass-effect-no exad-sticky-section-no\" data-id=\"7af2822\" data-element_type=\"column\">\n<div class=\"elementor-widget-wrap elementor-element-populated\">\n<div class=\"elementor-element elementor-element-a83d3eb exad-sticky-section-no exad-glass-effect-no elementor-widget elementor-widget-text-editor\" data-id=\"a83d3eb\" data-element_type=\"widget\" data-widget_type=\"text-editor.default\">\n<div class=\"elementor-widget-container\">\n<h3>A.S.D. BOLA PADEL CLUB<\/h3>\n<p><span style=\"font-size: 130%;\">Adres: Viale Virgilio Lavori 9\/B<\/span><\/p>\n<p><span style=\"font-size: 130%;\">97019, Vittoria (Ragusa)<\/span><\/p>\n<p><span style=\"font-size: 130%;\">Itali\u00eb<\/span><\/p>\n<\/div>\n<\/div>\n<\/div>\n<\/div>\n\n\t\t<\/div>\n\t\t\t\t\t<\/div>\n\n\t\n\n<\/div>\n<div class=\"row\"  id=\"row-1632196183\">\n\n\n\t<div id=\"col-680770806\" class=\"col medium-5 small-12 large-5\"  >\n\t\t\t\t<div class=\"col-inner\"  >\n\t\t\t\n\t\t\t\n\n\t<div class=\"img has-hover x md-x lg-x y md-y lg-y\" id=\"image_616737552\">\n\t\t\t\t\t\t\t\t<div class=\"img-inner dark\" >\n\t\t\t<img loading=\"lazy\" decoding=\"async\" width=\"800\" height=\"558\" src=\"https:\/\/tiendapadel5.com\/wp-content\/uploads\/2025\/10\/tienda-padel-malaga-800x558.jpg\" class=\"attachment-large size-large\" alt=\"tienda padel malaga\" srcset=\"https:\/\/tiendapadel5.com\/wp-content\/uploads\/2025\/10\/tienda-padel-malaga-800x558.jpg 800w, https:\/\/tiendapadel5.com\/wp-content\/uploads\/2025\/10\/tienda-padel-malaga-400x279.jpg 400w, https:\/\/tiendapadel5.com\/wp-content\/uploads\/2025\/10\/tienda-padel-malaga-300x209.jpg 300w, https:\/\/tiendapadel5.com\/wp-content\/uploads\/2025\/10\/tienda-padel-malaga-768x535.jpg 768w, https:\/\/tiendapadel5.com\/wp-content\/uploads\/2025\/10\/tienda-padel-malaga-1536x1070.jpg 1536w, https:\/\/tiendapadel5.com\/wp-content\/uploads\/2025\/10\/tienda-padel-malaga.jpg 1663w\" sizes=\"(max-width: 800px) 100vw, 800px\" \/>\t\t\t\t\t\t\n\t\t\t\t\t<\/div>\n\t\t\t\t\t\t\t\t\n<style>\n#image_616737552 {\n  width: 100%;\n}\n<\/style>\n\t<\/div>\n\t\n\n\n\t\t<\/div>\n\t\t\t\t\t<\/div>\n\n\t\n\n\t<div id=\"col-2026769695\" class=\"col medium-7 small-12 large-7\"  >\n\t\t\t\t<div class=\"col-inner\"  >\n\t\t\t\n\t\t\t\n\n\t<div id=\"gap-2059592251\" class=\"gap-element clearfix\" style=\"display:block; height:auto;\">\n\t\t\n<style>\n#gap-2059592251 {\n  padding-top: 30px;\n}\n<\/style>\n\t<\/div>\n\t\n\n<h3><span style=\"font-size: 130%;\">Winkelen in Malaga<\/span><\/h3>\n<p><span style=\"font-size: 130%;\">Adres: Calle Pac\u00edfico 32<\/span><\/p>\n<p><span style=\"font-size: 130%;\">29004, Malaga<\/span><\/p>\n<p><span style=\"font-size: 130%;\">Spanje<\/span><\/p>\n\n\t\t<\/div>\n\t\t\t\t\t<\/div>\n\n\t\n\n<\/div>\n\n","protected":false},"excerpt":{"rendered":"","protected":false},"author":1045,"featured_media":0,"parent":0,"menu_order":0,"comment_status":"closed","ping_status":"closed","template":"","meta":{"_joinchat":[],"footnotes":""},"class_list":["post-144515","page","type-page","status-publish","hentry"],"_links":{"self":[{"href":"https:\/\/tiendapadel5.com\/nl\/wp-json\/wp\/v2\/pages\/144515","targetHints":{"allow":["GET"]}}],"collection":[{"href":"https:\/\/tiendapadel5.com\/nl\/wp-json\/wp\/v2\/pages"}],"about":[{"href":"https:\/\/tiendapadel5.com\/nl\/wp-json\/wp\/v2\/types\/page"}],"author":[{"embeddable":true,"href":"https:\/\/tiendapadel5.com\/nl\/wp-json\/wp\/v2\/users\/1045"}],"replies":[{"embeddable":true,"href":"https:\/\/tiendapadel5.com\/nl\/wp-json\/wp\/v2\/comments?post=144515"}],"version-history":[{"count":0,"href":"https:\/\/tiendapadel5.com\/nl\/wp-json\/wp\/v2\/pages\/144515\/revisions"}],"wp:attachment":[{"href":"https:\/\/tiendapadel5.com\/nl\/wp-json\/wp\/v2\/media?parent=144515"}],"curies":[{"name":"wp","href":"https:\/\/api.w.org\/{rel}","templated":true}]}}