{"id":90312,"date":"2023-10-06T08:35:11","date_gmt":"2023-10-06T07:35:11","guid":{"rendered":"https:\/\/tiendapadel5.com\/?post_type=product&#038;p=90312"},"modified":"2026-04-29T17:05:19","modified_gmt":"2026-04-29T15:05:19","slug":"munequeras-largas-nox-blanco-logo-negro-copia","status":"publish","type":"product","link":"https:\/\/tiendapadel5.com\/it\/munequeras-largas-nox-blanco-logo-negro-copia\/","title":{"rendered":"Mu\u00f1equeras Largas Nox Blanco Logo Negro"},"content":{"rendered":"<p>Mu\u00f1equeras Nox confort de algod\u00f3n mezclado con fibras de Nylon y Poli\u00e9ster con la tecnolog\u00eda Balance Fresh de Nox para alejar el sudor. Mantiene la mu\u00f1eca caliente en cada golpeo.<\/p>\n","protected":false},"excerpt":{"rendered":"<p>Mu\u00f1equeras Nox Blanco\/Logo Negro. Blister de 2 unidades.<\/p>\n","protected":false},"featured_media":90313,"comment_status":"open","ping_status":"closed","template":"","meta":{"_joinchat":[]},"pwb-brand":[34],"product_brand":[],"product_cat":[4280,4287,4423],"product_tag":[6830,8050,7651,6701,1890],"class_list":{"0":"post-90312","1":"product","2":"type-product","3":"status-publish","4":"has-post-thumbnail","6":"pwb-brand-nox","7":"product_cat-padel-accessories","8":"product_cat-nox-padel-accessories","9":"product_cat-padel-wristbands","10":"product_tag-gray-en","11":"product_tag-logo-en","12":"product_tag-wristbands","13":"product_tag-black-en-2","14":"product_tag-nox-en","16":"first","17":"instock","18":"sale","19":"taxable","20":"shipping-taxable","21":"purchasable","22":"product-type-simple"},"brands":[{"id":34,"name":"Nox","slug":"nox"}],"_links":{"self":[{"href":"https:\/\/tiendapadel5.com\/it\/wp-json\/wp\/v2\/product\/90312","targetHints":{"allow":["GET"]}}],"collection":[{"href":"https:\/\/tiendapadel5.com\/it\/wp-json\/wp\/v2\/product"}],"about":[{"href":"https:\/\/tiendapadel5.com\/it\/wp-json\/wp\/v2\/types\/product"}],"replies":[{"embeddable":true,"href":"https:\/\/tiendapadel5.com\/it\/wp-json\/wp\/v2\/comments?post=90312"}],"version-history":[{"count":2,"href":"https:\/\/tiendapadel5.com\/it\/wp-json\/wp\/v2\/product\/90312\/revisions"}],"predecessor-version":[{"id":249276,"href":"https:\/\/tiendapadel5.com\/it\/wp-json\/wp\/v2\/product\/90312\/revisions\/249276"}],"wp:featuredmedia":[{"embeddable":true,"href":"https:\/\/tiendapadel5.com\/it\/wp-json\/wp\/v2\/media\/90313"}],"wp:attachment":[{"href":"https:\/\/tiendapadel5.com\/it\/wp-json\/wp\/v2\/media?parent=90312"}],"wp:term":[{"taxonomy":"pwb-brand","embeddable":true,"href":"https:\/\/tiendapadel5.com\/it\/wp-json\/wp\/v2\/pwb-brand?post=90312"},{"taxonomy":"product_brand","embeddable":true,"href":"https:\/\/tiendapadel5.com\/it\/wp-json\/wp\/v2\/product_brand?post=90312"},{"taxonomy":"product_cat","embeddable":true,"href":"https:\/\/tiendapadel5.com\/it\/wp-json\/wp\/v2\/product_cat?post=90312"},{"taxonomy":"product_tag","embeddable":true,"href":"https:\/\/tiendapadel5.com\/it\/wp-json\/wp\/v2\/product_tag?post=90312"}],"curies":[{"name":"wp","href":"https:\/\/api.w.org\/{rel}","templated":true}]}}