{"id":84524,"date":"2023-09-06T12:45:35","date_gmt":"2023-09-06T11:45:35","guid":{"rendered":"https:\/\/tiendapadel5.com\/?post_type=product&#038;p=84524"},"modified":"2026-03-11T17:26:39","modified_gmt":"2026-03-11T16:26:39","slug":"sudadera-bullpadel-inane-vino-rosado","status":"publish","type":"product","link":"https:\/\/tiendapadel5.com\/it\/sudadera-bullpadel-inane-vino-rosado\/","title":{"rendered":"Sudadera Bullpadel Inane Vino Rosado"},"content":{"rendered":"<h2>Caracter\u00edsticas Sudadera Bullpadel Inane Vino Rosado<\/h2>\n<p>Sudadera de mujer de corte amplio y largo de la l\u00ednea Winter.<\/p>\n<p>Color: Vino Rosado<\/p>\n<p>Composici\u00f3n: 95% poli\u00e9ster &#8211; 5% elast\u00e1n. Interlock backside brushed.<\/p>\n<p>Tejido t\u00e9cnico: Termal Flex<\/p>\n","protected":false},"excerpt":{"rendered":"<p>La Sudadera Bullpadel Inane Vino Rosado, ha sido dise\u00f1ada con capucha, cremallera y bolsillos laterales.<\/p>\n","protected":false},"featured_media":84561,"comment_status":"open","ping_status":"closed","template":"","meta":{"_joinchat":[]},"pwb-brand":[31],"product_brand":[],"product_cat":[6130,6132,6134,21,447,47,105,5907],"product_tag":[319,5673,5675,517,5674],"class_list":{"0":"post-84524","1":"product","2":"type-product","3":"status-publish","4":"has-post-thumbnail","6":"pwb-brand-bullpadel","7":"product_cat-black-friday-padel","8":"product_cat-ropa","9":"product_cat-cyber-monday-padel","10":"product_cat-ropa-padel","11":"product_cat-ropa-bullpadel","12":"product_cat-mujer","13":"product_cat-sudaderas","14":"product_cat-sudaderasm","15":"product_tag-bullpadel","16":"product_tag-inane","17":"product_tag-rosado","18":"product_tag-sudadera","19":"product_tag-vino","20":"pa_color-vino-rosado","21":"pa_genero-mujer","22":"pa_talla-l","23":"pa_talla-m","24":"pa_talla-s","25":"pa_talla-xl","26":"pa_talla-xs","28":"first","29":"instock","30":"sale","31":"taxable","32":"shipping-taxable","33":"purchasable","34":"product-type-variable"},"brands":[{"id":31,"name":"Bullpadel","slug":"bullpadel"}],"_links":{"self":[{"href":"https:\/\/tiendapadel5.com\/it\/wp-json\/wp\/v2\/product\/84524","targetHints":{"allow":["GET"]}}],"collection":[{"href":"https:\/\/tiendapadel5.com\/it\/wp-json\/wp\/v2\/product"}],"about":[{"href":"https:\/\/tiendapadel5.com\/it\/wp-json\/wp\/v2\/types\/product"}],"replies":[{"embeddable":true,"href":"https:\/\/tiendapadel5.com\/it\/wp-json\/wp\/v2\/comments?post=84524"}],"version-history":[{"count":1,"href":"https:\/\/tiendapadel5.com\/it\/wp-json\/wp\/v2\/product\/84524\/revisions"}],"predecessor-version":[{"id":255978,"href":"https:\/\/tiendapadel5.com\/it\/wp-json\/wp\/v2\/product\/84524\/revisions\/255978"}],"wp:featuredmedia":[{"embeddable":true,"href":"https:\/\/tiendapadel5.com\/it\/wp-json\/wp\/v2\/media\/84561"}],"wp:attachment":[{"href":"https:\/\/tiendapadel5.com\/it\/wp-json\/wp\/v2\/media?parent=84524"}],"wp:term":[{"taxonomy":"pwb-brand","embeddable":true,"href":"https:\/\/tiendapadel5.com\/it\/wp-json\/wp\/v2\/pwb-brand?post=84524"},{"taxonomy":"product_brand","embeddable":true,"href":"https:\/\/tiendapadel5.com\/it\/wp-json\/wp\/v2\/product_brand?post=84524"},{"taxonomy":"product_cat","embeddable":true,"href":"https:\/\/tiendapadel5.com\/it\/wp-json\/wp\/v2\/product_cat?post=84524"},{"taxonomy":"product_tag","embeddable":true,"href":"https:\/\/tiendapadel5.com\/it\/wp-json\/wp\/v2\/product_tag?post=84524"}],"curies":[{"name":"wp","href":"https:\/\/api.w.org\/{rel}","templated":true}]}}