{"id":6452,"date":"2021-01-12T14:46:01","date_gmt":"2021-01-12T14:46:01","guid":{"rendered":"https:\/\/tiendapadel5.com\/?post_type=product&#038;p=6452"},"modified":"2026-03-15T10:50:02","modified_gmt":"2026-03-15T09:50:02","slug":"falda-starvie-court-white","status":"publish","type":"product","link":"https:\/\/tiendapadel5.com\/it\/falda-starvie-court-white\/","title":{"rendered":"Falda Starvie Court White"},"content":{"rendered":"","protected":false},"excerpt":{"rendered":"<div class=\"product-info-main\">\n<div class=\"product attribute overview\">\n<div class=\"value\">\n<p>Falda t\u00e9cnica de p\u00e1del<\/p>\n<p>Esta falda de p\u00e1del est\u00e1 dise\u00f1ada pensando en las jugadoras que\u2026\u00a1Quieren sentirse deportistas y cl\u00e1sicas a la vez!<\/p>\n<p>Esa combinaci\u00f3n es posible, porque nosotros, dise\u00f1amos pensando en ti.<\/p>\n<p><b>Composici\u00f3n:<\/b>\u00a090% Polyester y 10% Elastano de 190 grs.<\/p>\n<\/div>\n<\/div>\n<\/div>\n<div class=\"product media\">\n<div class=\"gallery-placeholder\" data-gallery-role=\"gallery-placeholder\">\n<div class=\"fotorama--hidden\"><\/div>\n<div class=\"fotorama-item fotorama fotorama1610461988599\" data-gallery-role=\"gallery\">\n<div data-gallery-role=\"fotorama__focusable-start\"><\/div>\n<\/div>\n<\/div>\n<\/div>\n<div class=\"product media\">\n<div class=\"gallery-placeholder\" data-gallery-role=\"gallery-placeholder\">\n<div class=\"fotorama-item fotorama fotorama1610461988599\" data-gallery-role=\"gallery\">\n<div data-gallery-role=\"fotorama__focusable-end\"><\/div>\n<\/div>\n<\/div>\n<\/div>\n<div class=\"product info detailed\">\n<div class=\"product data items\"><\/div>\n<\/div>\n","protected":false},"featured_media":6458,"comment_status":"open","ping_status":"closed","template":"","meta":{"_joinchat":[]},"pwb-brand":[35],"product_brand":[],"product_cat":[26,96,474,21,47,452],"product_tag":[714,506,85,128,167,519],"class_list":{"0":"post-6452","1":"product","2":"type-product","3":"status-publish","4":"has-post-thumbnail","6":"pwb-brand-starvie","7":"product_cat-outlet-de-padel","8":"product_cat-faldas","9":"product_cat-outlet-starvie","10":"product_cat-ropa-padel","11":"product_cat-mujer","12":"product_cat-ropa-starvie","13":"product_tag-court","14":"product_tag-falda","15":"product_tag-padel","16":"product_tag-padel5","17":"product_tag-starvie","18":"product_tag-white","19":"pa_genero-mujer","20":"pa_talla-2xl","21":"pa_talla-l","22":"pa_talla-m","23":"pa_talla-s","24":"pa_talla-xl","25":"pa_talla-xs","27":"first","28":"instock","29":"sale","30":"taxable","31":"shipping-taxable","32":"purchasable","33":"product-type-variable"},"brands":[{"id":35,"name":"Starvie","slug":"starvie"}],"_links":{"self":[{"href":"https:\/\/tiendapadel5.com\/it\/wp-json\/wp\/v2\/product\/6452","targetHints":{"allow":["GET"]}}],"collection":[{"href":"https:\/\/tiendapadel5.com\/it\/wp-json\/wp\/v2\/product"}],"about":[{"href":"https:\/\/tiendapadel5.com\/it\/wp-json\/wp\/v2\/types\/product"}],"replies":[{"embeddable":true,"href":"https:\/\/tiendapadel5.com\/it\/wp-json\/wp\/v2\/comments?post=6452"}],"version-history":[{"count":1,"href":"https:\/\/tiendapadel5.com\/it\/wp-json\/wp\/v2\/product\/6452\/revisions"}],"predecessor-version":[{"id":255949,"href":"https:\/\/tiendapadel5.com\/it\/wp-json\/wp\/v2\/product\/6452\/revisions\/255949"}],"wp:featuredmedia":[{"embeddable":true,"href":"https:\/\/tiendapadel5.com\/it\/wp-json\/wp\/v2\/media\/6458"}],"wp:attachment":[{"href":"https:\/\/tiendapadel5.com\/it\/wp-json\/wp\/v2\/media?parent=6452"}],"wp:term":[{"taxonomy":"pwb-brand","embeddable":true,"href":"https:\/\/tiendapadel5.com\/it\/wp-json\/wp\/v2\/pwb-brand?post=6452"},{"taxonomy":"product_brand","embeddable":true,"href":"https:\/\/tiendapadel5.com\/it\/wp-json\/wp\/v2\/product_brand?post=6452"},{"taxonomy":"product_cat","embeddable":true,"href":"https:\/\/tiendapadel5.com\/it\/wp-json\/wp\/v2\/product_cat?post=6452"},{"taxonomy":"product_tag","embeddable":true,"href":"https:\/\/tiendapadel5.com\/it\/wp-json\/wp\/v2\/product_tag?post=6452"}],"curies":[{"name":"wp","href":"https:\/\/api.w.org\/{rel}","templated":true}]}}